{"id":60367,"date":"2024-04-12T11:50:45","date_gmt":"2024-04-12T10:50:45","guid":{"rendered":"https:\/\/ventesengros.fr\/?post_type=product&#038;p=60367"},"modified":"2024-12-19T21:19:35","modified_gmt":"2024-12-19T20:19:35","slug":"hiltite-en-morceaux","status":"publish","type":"product","link":"https:\/\/ventesengros.fr\/nl\/grossiste\/hiltite-en-morceaux\/","title":{"rendered":"Haltiet in stukken - Asafoetida - Hantiet - Hiltiet (6 x 100g blikken)"},"content":{"rendered":"<p>Les probl\u00e8mes de sant\u00e9 li\u00e9s \u00e0 des causes myst\u00e9rieuses ne sont pas rares et peuvent \u00eatre handicapants pour ceux qui en souffrent. L&rsquo;<strong>asafoetida<\/strong>, connue \u00e9galement sous le nom de\u00a0<strong>Haltyt<\/strong>, est une r\u00e9sine utilis\u00e9e depuis l&rsquo;Antiquit\u00e9 dans de nombreux traitements, dont ceux li\u00e9s aux affections d&rsquo;origine surnaturelle telles que les maladies caus\u00e9es par les\u00a0<strong>djinns<\/strong>\u00a0ou le mal occulte. Dans cet article, nous explorerons les vertus de cette plante en abordant ses diff\u00e9rentes propri\u00e9t\u00e9s th\u00e9rapeutiques.<\/p>\n<h2><strong>Pr\u00e9sentation de l&rsquo;asafoetida ou Haltyt<\/strong><\/h2>\n<p>Cette r\u00e9sine extraite de plantes issues de la famille des Apiaceae provient principalement de l&rsquo;Iran et de l&rsquo;Afghanistan. Son odeur forte et d\u00e9sagr\u00e9able lui a valu le nom de \u00ab\u00a0merde du diable\u00a0\u00bb, mais ne vous y fiez pas ! Sous cette apparence peu engageante se cachent de nombreuses propri\u00e9t\u00e9s b\u00e9n\u00e9fiques pour la sant\u00e9. Utilis\u00e9e en m\u00e9decine ayurv\u00e9dique et traditionnelle depuis des si\u00e8cles, l&rsquo;asafoetida poss\u00e8de notamment des qualit\u00e9s antispasmodiques, antimicrobiennes, anti-inflammatoires et expectorantes.<\/p>\n<h3><strong>Ses bienfaits sur la digestion<\/strong><\/h3>\n<p>Maux de ventre, ballonnements, constipation\u2026 l&rsquo;Haltyt est un alli\u00e9 pr\u00e9cieux pour tous ceux qui souffrent de troubles digestifs. Gr\u00e2ce \u00e0 ses propri\u00e9t\u00e9s carminatives et antispasmodiques, elle aide \u00e0 la <a href=\"https:\/\/ventesengros.fr\/nl\/grossiste\/sene-maki-bladeren-5-kilo-in-bulk\/\"><strong>digestion<\/strong><\/a> en r\u00e9duisant les sensations de lourdeur et les spasmes intestinaux. De plus, elle favorise l&rsquo;\u00e9limination des gaz et pr\u00e9vient la constipation en stimulant le transit intestinal.<\/p>\n<h2><strong>Le Haltyt Asafoetida dans le traitement des maladies occultes<\/strong><\/h2>\n<p>Il est important de noter que l\u2019asafoetida ne remplace pas un avis m\u00e9dical et qu\u2019il convient de consulter un m\u00e9decin avant de recourir \u00e0 ce genre de traitements.<\/p>\n<p>Les infections d&rsquo;origine myst\u00e9rieuse, telles que celles <a href=\"https:\/\/www.la-librairie-musulmane.com\/produit\/les-djinns\/\" target=\"_blank\" rel=\"noopener\"><strong>provoqu\u00e9es par les djinns<\/strong><\/a> ou le mal occulte, peuvent causer de nombreux probl\u00e8mes de sant\u00e9. L&rsquo;Haltyt est une solution naturelle qui peut \u00eatre utile pour soulager ces affections gr\u00e2ce \u00e0 ses vertus th\u00e9rapeutiques propres ainsi qu&rsquo;\u00e0 sa capacit\u00e9 \u00e0 renforcer les d\u00e9fenses immunitaires.<\/p>\n<h3><strong>Renforcement du syst\u00e8me immunitaire<\/strong><\/h3>\n<p>En stimulant la production de globules blancs, l&rsquo;Haltyt contribue \u00e0 renforcer les d\u00e9fenses immunitaires et \u00e0 mieux lutter contre les infections. En outre, il poss\u00e8de \u00e9galement des propri\u00e9t\u00e9s anti-inflammatoires et analg\u00e9siques qui permettent de soulager la douleur et l&rsquo;inconfort li\u00e9s aux troubles de sant\u00e9 caus\u00e9s par des causes surnaturelles.<\/p>\n<h3><strong>Traiter les sympt\u00f4mes psychologiques li\u00e9s au mal occulte<\/strong><\/h3>\n<p>Les victimes de mal occulte peuvent souffrir de sympt\u00f4mes psychologiques tels que l&rsquo;angoisse, la d\u00e9pression, ou encore l&rsquo;insomnie. L&rsquo;Haltyt, gr\u00e2ce \u00e0 ses vertus calmantes et relaxantes, peut aider \u00e0 r\u00e9duire ces manifestations en apportant une certaine s\u00e9r\u00e9nit\u00e9 et un meilleur contr\u00f4le des \u00e9motions.<\/p>\n<h2><strong>D&rsquo;autres utilisations m\u00e9dicinales du Haltyt<\/strong><\/h2>\n<p>Outre le traitement des maladies occultes et les troubles digestifs, l&rsquo;asafoetida est \u00e9galement reconnue pour :<\/p>\n<ul>\n<li>Soulager les sympt\u00f4mes de certaines affections respiratoires comme la bronchite, la toux chronique et l&rsquo;asthme gr\u00e2ce \u00e0 ses propri\u00e9t\u00e9s expectorantes.<\/li>\n<li>Combattre les infections bact\u00e9riennes, fongiques et parasitaires gr\u00e2ce \u00e0 ses propri\u00e9t\u00e9s antimicrobiennes.<\/li>\n<li>R\u00e9guler la tension art\u00e9rielle et pr\u00e9venir les risques cardiaques en agissant sur la circulation sanguine.<\/li>\n<li>Apaiser les douleurs menstruelles et favoriser la r\u00e9gularit\u00e9 des cycles chez la femme.<\/li>\n<li>Traiter les maux de t\u00eate, migraines et douleurs dentaires.<\/li>\n<\/ul>\n<p>Pour profiter pleinement des bienfaits du Haltyt Asafoetida, il convient de l&rsquo;utiliser sous diff\u00e9rentes formes, telles que des compl\u00e9ments alimentaires, de la poudre \u00e0 ajouter \u00e0 vos plats ou encore des huiles essentielles pour des massages cibl\u00e9s.<\/p>","protected":false},"excerpt":{"rendered":"<p><span style=\"color: #777777;\">Nous vous proposons l&rsquo;Hantie en morceaux,\u00a0<\/span><span style=\"color: #45818e;\"><b>vendu par\u00a0lot de 6 boites de 100 g<\/b>.<\/span><\/p>\n<div>\n<div dir=\"ltr\">\n<p><b>Prix du boite : 2,70\u20ac<\/b><\/p>\n<\/div>\n<div>\n<p>1 lot \u00a0 \u00a0 \u00a0 \u00a0 \u00a0 : 2,70\u20ac\/boiteX 6 = 16,20\u20ac<\/p>\n<\/div>\n<\/div>","protected":false},"featured_media":60368,"template":"","meta":[],"product_brand":[],"product_cat":[1372,59],"product_tag":[],"class_list":{"0":"post-60367","1":"product","2":"type-product","3":"status-publish","4":"has-post-thumbnail","6":"product_cat-roqya","7":"product_cat-soin-et-bien-etre","9":"first","10":"instock","11":"shipping-taxable","12":"purchasable","13":"product-type-simple"},"_links":{"self":[{"href":"https:\/\/ventesengros.fr\/nl\/wp-json\/wp\/v2\/product\/60367","targetHints":{"allow":["GET"]}}],"collection":[{"href":"https:\/\/ventesengros.fr\/nl\/wp-json\/wp\/v2\/product"}],"about":[{"href":"https:\/\/ventesengros.fr\/nl\/wp-json\/wp\/v2\/types\/product"}],"wp:featuredmedia":[{"embeddable":true,"href":"https:\/\/ventesengros.fr\/nl\/wp-json\/wp\/v2\/media\/60368"}],"wp:attachment":[{"href":"https:\/\/ventesengros.fr\/nl\/wp-json\/wp\/v2\/media?parent=60367"}],"wp:term":[{"taxonomy":"product_brand","embeddable":true,"href":"https:\/\/ventesengros.fr\/nl\/wp-json\/wp\/v2\/product_brand?post=60367"},{"taxonomy":"product_cat","embeddable":true,"href":"https:\/\/ventesengros.fr\/nl\/wp-json\/wp\/v2\/product_cat?post=60367"},{"taxonomy":"product_tag","embeddable":true,"href":"https:\/\/ventesengros.fr\/nl\/wp-json\/wp\/v2\/product_tag?post=60367"}],"curies":[{"name":"wp","href":"https:\/\/api.w.org\/{rel}","templated":true}]}}