{"id":59077,"date":"2024-02-27T18:22:36","date_gmt":"2024-02-27T17:22:36","guid":{"rendered":"https:\/\/ventesengros.fr\/?post_type=product&#038;p=59077"},"modified":"2024-02-27T18:23:00","modified_gmt":"2024-02-27T17:23:00","slug":"graines-de-pollen","status":"publish","type":"product","link":"https:\/\/ventesengros.fr\/nl\/grossiste\/stuifmeelzaden\/","title":{"rendered":"Stuifmeelzaden - 1kg"},"content":{"rendered":"<p>De wereld van\u00a0<strong>stuifmeelzaden<\/strong> is een spannende wereld die veel experts op het gebied van verse producten aantrekt. Fruit, groenten en andere voedingsmiddelen op basis van pollen worden gewaardeerd om hun gezondheidsvoordelen en heerlijke smaak. Als je een professional in de sector bent of gewoon nieuwsgierig, kijk dan eens naar dit artikel over groothandelaars.<\/p>\n<h2><strong>Kwaliteitssourcing: hoe kies je je leveranciers?<\/strong><\/h2>\n<p>De aankoop van\u00a0<strong>stuifmeelzaden<\/strong>\u00a0voor bedrijven die gespecialiseerd zijn in de verkoop van verse producten. Er zijn verschillende criteria voor het selecteren van een goede leverancier:<\/p>\n<ul>\n<li><strong>Waar de zaden vandaan komen:<\/strong>\u00a0Het is aan te raden om de voorkeur te geven aan lokale producenten om transportkosten te beperken en de lokale economie te steunen. Bovendien zorgt dit ook voor volledige traceerbaarheid, zodat je weet waar de zaden vandaan komen.<\/li>\n<li><strong>Certificeringen :<\/strong>\u00a0Om de kwaliteit van de zaden te garanderen, moet je controleren of de leverancier een biologische certificering heeft (AB, Ecocert...).<\/li>\n<li><strong>Het gevarieerde aanbod:<\/strong>\u00a0Een groothandel die een ruime keuze aan stuifmeelzaden biedt, heeft het voordeel dat hij aan de specifieke behoeften van elke klant kan voldoen.<\/li>\n<li><strong>Voorraadbeheer :<\/strong>\u00a0Een goede leverancier moet zich kunnen aanpassen aan marktschommelingen en zijn voorraden effectief kunnen beheren om bevoorradingstekorten te voorkomen.<\/li>\n<\/ul>\n<h3><strong>Nieuwe producten en trends in stuifmeelzaden<\/strong><\/h3>\n<p>De vraag naar verse stuifmeelproducten neemt voortdurend toe. Consumenten zijn altijd op zoek naar nieuwe smaken en voedingskwaliteiten. Om zich te onderscheiden in deze levendige markt moeten groothandelaren in stuifmeelzaden op de hoogte blijven van de laatste trends en innovaties om de juiste producten te kunnen aanbieden.<\/p>\n<h2><strong>De vele toepassingen van stuifmeelzaden<\/strong><\/h2>\n<p>Naast hun belangrijkste gebruik als natuurlijk voedingssupplement, zijn de\u00a0<strong>stuifmeelzaden<\/strong>\u00a0hebben hun plaats gevonden op verschillende gebieden:<\/p>\n<ul>\n<li><strong>Gastronomie :<\/strong>\u00a0Deze zaden kunnen harmonieus worden gebruikt in een breed scala aan recepten en geven een originele, smakelijke toets aan bereide gerechten.<\/li>\n<li><strong>Drankjes :<\/strong> Sommige fabrikanten van vruchtensap verwerken zaden in hun recepten om de voedingswaarde van hun producten te verhogen.<\/li>\n<li><strong>Cosmetica:<\/strong>\u00a0Dankzij hun rijkdom aan vitaminen, mineralen en antioxidanten worden stuifmeelzaden ook gewaardeerd in de cosmetica-industrie. Ze worden gebruikt in <a href=\"https:\/\/ventesengros.fr\/nl\/grossiste\/creme-descargot-hemani\/\"><strong>hydraterende cr\u00e8mes,<\/strong><\/a> haarverzorging en lippenbalsems.<\/li>\n<\/ul>\n<h3><strong>De rol van groothandelaars in het toevoegen van waarde aan Franse pollen<\/strong><\/h3>\n<p>Met zijn strategische positie tussen producenten en detailhandelaars speelt de groothandelaar in stuifmeelzaden een rol in de promotie van zaden uit de Franse bijenteelt. Door de voorkeur te geven aan lokale producenten helpt hij :<\/p>\n<ol>\n<li><strong>De lokale economie bevorderen:<\/strong>\u00a0Door te kiezen voor producten uit Frankrijk draagt de groothandel bij aan de ontwikkeling van de nationale bijenteelt;<\/li>\n<li><strong>Traceerbaarheid garanderen:<\/strong> door samen te werken met lokale partners kan de groothandelaar in stuifmeelzaden de kwaliteit en herkomst garanderen van de zaden die te koop worden aangeboden;<\/li>\n<li><strong>De impact op het milieu beperken:<\/strong>\u00a0Door de voorkeur te geven aan lokale bevoorradingsbronnen verminderen klanten de uitstoot van broeikasgassen die verband houden met transport.<\/li>\n<\/ol>","protected":false},"excerpt":{"rendered":"<p>Le monde des\u00a0graines de pollen est un univers passionnant qui attire de nombreux experts en produits frais. Les fruits, l\u00e9gumes et autres aliments \u00e0 base de pollen sont appr\u00e9ci\u00e9s pour leurs bienfaits sur la sant\u00e9 et leur go\u00fbt savoureux. Si vous \u00eates un professionnel du secteur ou un simple curieux, plongez au c\u0153ur de cet [&#8230;]\n","protected":false},"featured_media":59078,"template":"","meta":[],"product_brand":[],"product_cat":[1495],"product_tag":[],"class_list":{"0":"post-59077","1":"product","2":"type-product","3":"status-publish","4":"has-post-thumbnail","6":"product_cat-vrac","8":"first","9":"instock","10":"shipping-taxable","11":"purchasable","12":"product-type-simple"},"_links":{"self":[{"href":"https:\/\/ventesengros.fr\/nl\/wp-json\/wp\/v2\/product\/59077","targetHints":{"allow":["GET"]}}],"collection":[{"href":"https:\/\/ventesengros.fr\/nl\/wp-json\/wp\/v2\/product"}],"about":[{"href":"https:\/\/ventesengros.fr\/nl\/wp-json\/wp\/v2\/types\/product"}],"wp:featuredmedia":[{"embeddable":true,"href":"https:\/\/ventesengros.fr\/nl\/wp-json\/wp\/v2\/media\/59078"}],"wp:attachment":[{"href":"https:\/\/ventesengros.fr\/nl\/wp-json\/wp\/v2\/media?parent=59077"}],"wp:term":[{"taxonomy":"product_brand","embeddable":true,"href":"https:\/\/ventesengros.fr\/nl\/wp-json\/wp\/v2\/product_brand?post=59077"},{"taxonomy":"product_cat","embeddable":true,"href":"https:\/\/ventesengros.fr\/nl\/wp-json\/wp\/v2\/product_cat?post=59077"},{"taxonomy":"product_tag","embeddable":true,"href":"https:\/\/ventesengros.fr\/nl\/wp-json\/wp\/v2\/product_tag?post=59077"}],"curies":[{"name":"wp","href":"https:\/\/api.w.org\/{rel}","templated":true}]}}