{"id":58718,"date":"2024-02-14T18:27:23","date_gmt":"2024-02-14T17:27:23","guid":{"rendered":"https:\/\/ventesengros.fr\/?post_type=product&#038;p=58718"},"modified":"2025-02-24T12:59:51","modified_gmt":"2025-02-24T11:59:51","slug":"shilajit-resine-en-gros","status":"publish","type":"product","link":"https:\/\/ventesengros.fr\/nl\/grossiste\/shilajit-resine-en-gros\/","title":{"rendered":"Shilajit groothandel - 50g (Set van 6 potten)"},"content":{"rendered":"<p>Le march\u00e9 des compl\u00e9ments alimentaires et produits naturels conna\u00eet une croissance fulgurante ces derni\u00e8res ann\u00e9es. Parmi eux, la\u00a0<strong>r\u00e9sine de shilajit<\/strong>\u00a0est l&rsquo;une des substances authentiques et les plus recherch\u00e9es. Si vous \u00eates \u00e0 la recherche d&rsquo;un\u00a0<strong>grossiste en r\u00e9sine de shilajit<\/strong>, cet article vous guidera dans vos d\u00e9marches pour faciliter votre choix.<\/p>\n<h2><strong>Qu&rsquo;est-ce que la r\u00e9sine de shilajit ?<\/strong><\/h2>\n<p>La r\u00e9sine de shilajit provient d&rsquo;une mati\u00e8re organique d\u00e9compos\u00e9e depuis des si\u00e8cles et se trouve principalement en altitude, notamment dans les montagnes de l&rsquo;Himalaya. Elle contient du fulvate, de l&rsquo;humate, ainsi que divers min\u00e9raux et oligo-\u00e9l\u00e9ments qui lui conf\u00e8rent un certain nombre de propri\u00e9t\u00e9s th\u00e9rapeutiques tr\u00e8s pris\u00e9es. On peut citer parmi elles :<\/p>\n<ul>\n<li>L&rsquo;am\u00e9lioration de la vitalit\u00e9 et de la force du corps<\/li>\n<li>Le renforcement du <a href=\"https:\/\/ventesengros.fr\/nl\/product-category\/huile-de-nigelle\/\"><strong>immuunsysteem<\/strong><\/a><\/li>\n<li>Les effets anti-inflammatoires et antioxydants<\/li>\n<li>La r\u00e9gulation du m\u00e9tabolisme et du stress oxydatif<\/li>\n<\/ul>\n<h2><strong>Comment choisir son grossiste en r\u00e9sine de shilajit ?<\/strong><\/h2>\n<p>Compte-tenu de l&rsquo;essor du march\u00e9, plusieurs fournisseurs proposent aujourd&rsquo;hui de la r\u00e9sine de shilajit en gros.<\/p>\n<p>Voici quelques points cl\u00e9s \u00e0 prendre en compte pour trouver le grossiste qui saura r\u00e9pondre \u00e0 vos attentes :<\/p>\n<ul>\n<li><strong>La qualit\u00e9 du produit<\/strong><\/li>\n<\/ul>\n<p>Il est essentiel de s\u00e9lectionner un fournisseur qui propose une r\u00e9sine de shilajit authentique et de qualit\u00e9, car certaines entreprises peuvent commercer des produits frelat\u00e9s ou contenant des agents nocifs. Choisissez donc un\u00a0<strong>grossiste ayant recours aux meilleures techniques d&rsquo;extraction et suivant les normes GMP<\/strong>, ce qui signifie qu&rsquo;il a adopt\u00e9 un syst\u00e8me suffisamment rigoureux pour garantir la l\u00e9gitimit\u00e9 de son offre.<\/p>\n<ul>\n<li><strong>Les certifications et accr\u00e9ditations du fabricant<\/strong><\/li>\n<\/ul>\n<p>V\u00e9rifier l&rsquo;existence de\u00a0<strong>certifications et accr\u00e9ditations<\/strong>\u00a0aupr\u00e8s de votre grossiste potentiel est un gage de confiance dans la qualit\u00e9 et la s\u00e9curit\u00e9 du produit propos\u00e9. Ainsi, optez pour un fournisseur poss\u00e9dant des labels reconnus par les autorit\u00e9s comp\u00e9tentes, tels que les normes ISO ou FSSC 22000 (Food Safety System Certification).<\/p>\n<ul>\n<li><strong>La provenance de la r\u00e9sine de shilajit<\/strong><\/li>\n<\/ul>\n<p>La qualit\u00e9 de la r\u00e9sine d\u00e9pend aussi de son origine g\u00e9ographique. L&rsquo;<strong>Himalaya<\/strong>\u00a0\u00e9tant une r\u00e9gion privil\u00e9gi\u00e9e pour la production du shilajit, il est pr\u00e9f\u00e9rable de choisir un grossiste dont la cha\u00eene d&rsquo;approvisionnement peut \u00eatre clairement retrac\u00e9e, favorisant ainsi l&rsquo;\u00e9thique et la responsabilit\u00e9 sociale au niveau local.<\/p>\n<ul>\n<li><strong>Le conditionnement et les options disponibles<\/strong><\/li>\n<\/ul>\n<p>M\u00eame si le march\u00e9 de la r\u00e9sine de shilajit se d\u00e9veloppe rapidement, chacun dispose de ses propres sp\u00e9cificit\u00e9s et besoins en mati\u00e8re de conditionnement et d&rsquo;options disponibles. La collaboration avec un fournisseur offrant un service sur mesure pour r\u00e9pondre \u00e0 vos exigences est un atout majeur dans le succ\u00e8s de votre activit\u00e9.<\/p>\n<h3><strong>Quels avantages attendre d&rsquo;un grossiste en r\u00e9sine noire ?<\/strong><\/h3>\n<p>Une fois avoir trouv\u00e9 le bon grossiste, il existe toute une s\u00e9rie d&rsquo;avantages que vous pouvez tirer de cette collaboration :<\/p>\n<ul>\n<li><strong>Prix plus comp\u00e9titifs :<\/strong>\u00a0en achetant en gros directement aupr\u00e8s du fabricant, vous avez la possibilit\u00e9 de b\u00e9n\u00e9ficier de tarifs plus avantageux qu&rsquo;en passant par un interm\u00e9diaire.<\/li>\n<li><strong>Flexibilit\u00e9 et s\u00e9lection :<\/strong>\u00a0un grossiste organis\u00e9 doit \u00eatre en mesure de s&rsquo;adapter aux besoins divers des professionnels. Ainsi, l&rsquo;offre devrait inclure diff\u00e9rentes formes, tailles et dosages de produits pour correspondre \u00e0 diff\u00e9rentes applications ou march\u00e9s cibles.<\/li>\n<li><strong>Qualit\u00e9 garantie :<\/strong>\u00a0le grossiste devrait s&rsquo;engager \u00e0 assurer un contr\u00f4le qualit\u00e9 rigoureux tout au long de son processus logistique, ce qui vous garantit notamment la livraison de produits sans d\u00e9fauts et en parfait \u00e9tat.<\/li>\n<li><strong>Suivi et support :<\/strong>\u00a0une bonne relation commerciale ne s&rsquo;arr\u00eate pas lors de la vente, mais continue m\u00eame apr\u00e8s la transaction initiale. Un grossiste fiable sera l\u00e0 pour vous \u00e9pauler en cas de probl\u00e8mes et agir en tant que partenaire dans votre succ\u00e8s \u00e0 long terme.<\/li>\n<\/ul>","protected":false},"excerpt":{"rendered":"<div>\n<p>Nous vous proposons de la Shilajit en pot de 50g, vendu par lot de 6.<\/p>\n<p><span style=\"color: #ed1c24;\">Prix unitaire : 4,95\u20ac<\/span><\/p>\n<\/div>\n<div>\n<p>1 lot : 4,95\u20ac\/Pi\u00e8ce X6 = 29,70\u20ac<\/p>\n<\/div>","protected":false},"featured_media":68271,"template":"","meta":[],"product_brand":[],"product_cat":[60],"product_tag":[],"class_list":{"0":"post-58718","1":"product","2":"type-product","3":"status-publish","4":"has-post-thumbnail","6":"product_cat-bazar","8":"first","9":"instock","10":"shipping-taxable","11":"purchasable","12":"product-type-simple"},"_links":{"self":[{"href":"https:\/\/ventesengros.fr\/nl\/wp-json\/wp\/v2\/product\/58718","targetHints":{"allow":["GET"]}}],"collection":[{"href":"https:\/\/ventesengros.fr\/nl\/wp-json\/wp\/v2\/product"}],"about":[{"href":"https:\/\/ventesengros.fr\/nl\/wp-json\/wp\/v2\/types\/product"}],"wp:featuredmedia":[{"embeddable":true,"href":"https:\/\/ventesengros.fr\/nl\/wp-json\/wp\/v2\/media\/68271"}],"wp:attachment":[{"href":"https:\/\/ventesengros.fr\/nl\/wp-json\/wp\/v2\/media?parent=58718"}],"wp:term":[{"taxonomy":"product_brand","embeddable":true,"href":"https:\/\/ventesengros.fr\/nl\/wp-json\/wp\/v2\/product_brand?post=58718"},{"taxonomy":"product_cat","embeddable":true,"href":"https:\/\/ventesengros.fr\/nl\/wp-json\/wp\/v2\/product_cat?post=58718"},{"taxonomy":"product_tag","embeddable":true,"href":"https:\/\/ventesengros.fr\/nl\/wp-json\/wp\/v2\/product_tag?post=58718"}],"curies":[{"name":"wp","href":"https:\/\/api.w.org\/{rel}","templated":true}]}}