{"id":57846,"date":"2024-01-16T10:01:13","date_gmt":"2024-01-16T09:01:13","guid":{"rendered":"https:\/\/ventesengros.fr\/?post_type=product&#038;p=57846"},"modified":"2024-11-08T08:47:46","modified_gmt":"2024-11-08T07:47:46","slug":"yara-rose-en-gros","status":"publish","type":"product","link":"https:\/\/ventesengros.fr\/nl\/grossiste\/yara-rose-en-gros\/","title":{"rendered":"Yara roos groothandel 100ml - Lattafa"},"content":{"rendered":"<p>Ontdek de\u2019<strong>eau de parfum Yara Rose<\/strong>, une fragrance en gros propos\u00e9 par votre grossiste ! Elle capture la d\u00e9licatesse et l&rsquo;\u00e9l\u00e9gance de l\u2019ambre et de la vanille dans un flacon charmeur. Disponible en lot ou \u00e0 l&rsquo;unit\u00e9, cette essence florale s\u00e9duira vos clients par sa fragrance raffin\u00e9e et enchanteresse, offrant ainsi une exp\u00e9rience olfactive incomparable.<\/p>\n<h2><strong>Votre grossiste vous propose Yara Rose en gros en lot ou \u00e0 l&rsquo;unit\u00e9<\/strong><\/h2>\n<p>Faites la rencontre avec l&rsquo;eau de parfum\u00a0<strong>Yara Rose, disponible en gros<\/strong>\u00a0aupr\u00e8s de votre grossiste de parfums. En effet, votre grossiste offre la possibilit\u00e9 d&rsquo;acqu\u00e9rir cette fragrance en lot ou \u00e0 l&rsquo;unit\u00e9. En enrichissant votre collection de parfums avec cette <a href=\"https:\/\/luxurious-fragrances.com\/categorie-produit\/lattafa-perfumes\/\" target=\"_blank\" rel=\"noopener\"><strong>cr\u00e9ation Lattafa<\/strong><\/a>, vous pourrez proposer \u00e0 votre client\u00e8le une exp\u00e9rience olfactive raffin\u00e9e et \u00e9l\u00e9gante, capturant ainsi la beaut\u00e9 intemporelle de l\u2019ambre dans un flacon enchanteur.<\/p>\n<h2><strong>Le parfum Yara Rose en gros et sa fragrance plaira \u00e0 vos clients !<\/strong><\/h2>\n<p>Cette fragrance enchanteresse s\u00e9duira notamment les amateurs de parfums floraux par sa d\u00e9licatesse et son raffinement. Toutefois, avec ses notes florales captivantes, cette eau de parfum en gros offrira \u00e0 vos clients une exp\u00e9rience olfactive incomparable. Et cela en transportant vers un jardin de roses en fleurs. En proposant cette cr\u00e9ation\u00a0<strong>Lattafa en gros<\/strong>, vous offrirez \u00e0 votre client\u00e8le une essence d\u00e9licate et \u00e9l\u00e9gante qui saura s\u00e9duire.<\/p>\n<h3><strong>De nombreux effluves vous attendent !<\/strong><\/h3>\n<p>Tout comme le <strong>ori\u00ebntaalse geur groothandel<\/strong>\u00a0<a href=\"https:\/\/ventesengros.fr\/nl\/grossiste\/ameerat-al-arab-groothandel\/\"><strong>Ameerat Al Arab<\/strong><\/a>, Yara Rose vous est propos\u00e9 en lot ou \u00e0 l\u2019unit\u00e9 ! Ce dernier incarne l&rsquo;excellence des fragrances d\u2019Orient, offrant ainsi une exp\u00e9rience olfactive raffin\u00e9e et captivante. De plus, avec ses effluves d\u00e9licats, Yara Rose transporte vers un univers de raffinement et de s\u00e9duction.<\/p>\n<p>Laissez-vous charmer par l&rsquo;attrait irr\u00e9sistible du parfum oriental en gros, pour une exp\u00e9rience olfactive incomparable et enchanteresse. N\u2019h\u00e9sitez plus, et rendez-vous vite chez votre grossiste de parfum en ligne !<\/p>","protected":false},"excerpt":{"rendered":"<p><strong>Geur :<\/strong><\/p>\n<p><strong>Note de t\u00eate :\u00a0<\/strong>Ambre<br \/>\n<strong>Note de c\u0153ur :\u00a0<\/strong>Bois de santal<br \/>\n<strong>Note de fond :\u00a0<\/strong>Vanille<\/p>\n<p><strong>Type<\/strong>\u00a0Vrouwelijk.<\/p>","protected":false},"featured_media":57847,"template":"","meta":[],"product_brand":[],"product_cat":[237,1555,1517],"product_tag":[],"class_list":{"0":"post-57846","1":"product","2":"type-product","3":"status-publish","4":"has-post-thumbnail","6":"product_cat-parfummusk","7":"product_cat-grossiste-parfum-lattafa","8":"product_cat-grossiste-parfums-de-dubai","10":"first","11":"instock","12":"shipping-taxable","13":"purchasable","14":"product-type-simple"},"_links":{"self":[{"href":"https:\/\/ventesengros.fr\/nl\/wp-json\/wp\/v2\/product\/57846","targetHints":{"allow":["GET"]}}],"collection":[{"href":"https:\/\/ventesengros.fr\/nl\/wp-json\/wp\/v2\/product"}],"about":[{"href":"https:\/\/ventesengros.fr\/nl\/wp-json\/wp\/v2\/types\/product"}],"wp:featuredmedia":[{"embeddable":true,"href":"https:\/\/ventesengros.fr\/nl\/wp-json\/wp\/v2\/media\/57847"}],"wp:attachment":[{"href":"https:\/\/ventesengros.fr\/nl\/wp-json\/wp\/v2\/media?parent=57846"}],"wp:term":[{"taxonomy":"product_brand","embeddable":true,"href":"https:\/\/ventesengros.fr\/nl\/wp-json\/wp\/v2\/product_brand?post=57846"},{"taxonomy":"product_cat","embeddable":true,"href":"https:\/\/ventesengros.fr\/nl\/wp-json\/wp\/v2\/product_cat?post=57846"},{"taxonomy":"product_tag","embeddable":true,"href":"https:\/\/ventesengros.fr\/nl\/wp-json\/wp\/v2\/product_tag?post=57846"}],"curies":[{"name":"wp","href":"https:\/\/api.w.org\/{rel}","templated":true}]}}