{"id":57844,"date":"2024-01-16T09:57:49","date_gmt":"2024-01-16T08:57:49","guid":{"rendered":"https:\/\/ventesengros.fr\/?post_type=product&#038;p=57844"},"modified":"2024-02-11T20:36:36","modified_gmt":"2024-02-11T19:36:36","slug":"ameerat-al-arab-en-gros","status":"publish","type":"product","link":"https:\/\/ventesengros.fr\/nl\/grossiste\/ameerat-al-arab-groothandel\/","title":{"rendered":"Ameerat Al Arab groothandel 100ml - Asdaaf"},"content":{"rendered":"<p>Ontdek de\u2019<strong>Ameerat Al Arab eau de parfum<\/strong>, Deze sublieme geur, afzonderlijk of in sets verkrijgbaar, belichaamt pure uitmuntendheid en verfijning. De noten van deze ori\u00ebntaalse geur bieden een betoverende olfactorische ervaring, waarbij de warmte van exotische ingredi\u00ebnten je meevoert naar een wereld van luxe en verleiding.<\/p>\n<h2><strong>Ameerat Al Arab is een subliem parfum dat per stuk of in bulk wordt verkocht!<\/strong><\/h2>\n<p>Ameerat Al Arab eau de parfum is <strong>afzonderlijk of in pakketten verkrijgbaar\u00a0<\/strong>! Dankzij uw groothandel hebt u toegang tot deze verleidelijke essence. Om uw parfumcollectie te verrijken of om uw klanten een uitzonderlijke olfactorische ervaring te bieden. Elke verstuiving onthult een verleidelijk en elegant spoor en laat een gedenkwaardige olfactorische afdruk achter.<\/p>\n<h2><strong>Ameerat Al Arab in bulk, een ori\u00ebntaalse geur<\/strong><\/h2>\n<p>Ameerat Al Arab is een fascinerende geurcompositie met de verleidelijke noten van <a href=\"https:\/\/ventesengros.fr\/nl\/product-category\/alimentation\/miel-alimentation\/\"><strong>honing<\/strong><\/a>, De topnoot is een mix van citrus, sinaasappels en groene noten. In het hart voegen jasmijn en tuberoos een delicate bloemige dimensie toe! De basisnoten van vanille, orris en sandelhout bieden een onge\u00ebvenaarde diepte en warmte. Deze unieke combinatie cre\u00ebert een fascinerende, resoluut elegante geur.<\/p>\n<h3><strong>Ontdek de voortreffelijkheid van ori\u00ebntaalse geuren<\/strong><\/h3>\n<p>Deze ori\u00ebntaalse geur belichaamt de uitmuntendheid van ori\u00ebntaalse parfums en onthult een subtiele mix van exotische en charmante ingredi\u00ebnten. Dompel jezelf onder in een wereld van verfijning en verleiding, waar elke spray je meeneemt naar een wereld van luxe. Laat je verleiden door de onweerstaanbare aantrekkingskracht van deze grootschalige geur, voor een onvergetelijke olfactorische ervaring.<\/p>\n<p>Deze\u00a0<strong>ori\u00ebntaalse geur groothandel\u00a0<\/strong>is veel meer dan alleen een geur, het is een uitnodiging tot uitmuntendheid en verleiding. Dompel jezelf onder in een wereld van verfijning en verleiding, waar elke geur een vleugje mysterie en elegantie onthult.<\/p>\n<p>Laat je meevoeren naar een wereld van luxe en verleiding met deze ori\u00ebntaalse groothandelsgeur.<\/p>","protected":false},"excerpt":{"rendered":"<p><strong>Geur :<\/strong><\/p>\n<p><strong>Opmerkingen<\/strong> Topnoten: Honing, Sinaasappels, Groene noten<br \/>\n<strong>Hartnoten<\/strong>\u00a0Jasmijn, Tuberoos<br \/>\n<strong>Basisnoten<\/strong>\u00a0Vanille, Orris en sandelhout<\/p>\n<p><strong>Type<\/strong>\u00a0Vrouwelijk.<\/p>","protected":false},"featured_media":57845,"template":"","meta":[],"product_brand":[],"product_cat":[237,1555,1517],"product_tag":[],"class_list":{"0":"post-57844","1":"product","2":"type-product","3":"status-publish","4":"has-post-thumbnail","6":"product_cat-parfummusk","7":"product_cat-grossiste-parfum-lattafa","8":"product_cat-grossiste-parfums-de-dubai","10":"first","11":"instock","12":"shipping-taxable","13":"purchasable","14":"product-type-simple"},"_links":{"self":[{"href":"https:\/\/ventesengros.fr\/nl\/wp-json\/wp\/v2\/product\/57844","targetHints":{"allow":["GET"]}}],"collection":[{"href":"https:\/\/ventesengros.fr\/nl\/wp-json\/wp\/v2\/product"}],"about":[{"href":"https:\/\/ventesengros.fr\/nl\/wp-json\/wp\/v2\/types\/product"}],"wp:featuredmedia":[{"embeddable":true,"href":"https:\/\/ventesengros.fr\/nl\/wp-json\/wp\/v2\/media\/57845"}],"wp:attachment":[{"href":"https:\/\/ventesengros.fr\/nl\/wp-json\/wp\/v2\/media?parent=57844"}],"wp:term":[{"taxonomy":"product_brand","embeddable":true,"href":"https:\/\/ventesengros.fr\/nl\/wp-json\/wp\/v2\/product_brand?post=57844"},{"taxonomy":"product_cat","embeddable":true,"href":"https:\/\/ventesengros.fr\/nl\/wp-json\/wp\/v2\/product_cat?post=57844"},{"taxonomy":"product_tag","embeddable":true,"href":"https:\/\/ventesengros.fr\/nl\/wp-json\/wp\/v2\/product_tag?post=57844"}],"curies":[{"name":"wp","href":"https:\/\/api.w.org\/{rel}","templated":true}]}}