{"id":50350,"date":"2023-02-11T12:07:57","date_gmt":"2023-02-11T11:07:57","guid":{"rendered":"https:\/\/ventesengros.fr\/?post_type=product&#038;p=50350"},"modified":"2026-03-28T12:35:46","modified_gmt":"2026-03-28T11:35:46","slug":"citrons-noir-seches","status":"publish","type":"product","link":"https:\/\/ventesengros.fr\/nl\/grossiste\/citrons-noir-seches\/","title":{"rendered":"Citrons noirs s\u00e9ch\u00e9s au kg  (Loumi &#8211; Noomi Basra)"},"content":{"rendered":"<p>Vous en avez probablement d\u00e9j\u00e0 entendu parler, et si ce n\u2019est pas encore le cas vous allez les d\u00e9couvrir au sein de votre grossiste en ligne ! A l\u2019ordre du jour, nous allons parler de la <strong>rubrique grossiste citrons noirs s\u00e9ch\u00e9s<\/strong>, un magnifique produit naturel hors du commun\u2026<\/p>\n<h2><strong>Qu\u2019est-ce que les citrons noirs s\u00e9ch\u00e9s !<\/strong><\/h2>\n<p>Votre grossiste en ligne souhaite vous proposer Les\u00a0<strong>citrons noirs s\u00e9ch\u00e9s au kilo<\/strong>\u00a0! Toujours \u00e0 des prix attractifs, votre vendeur en gros est toujours \u00e0 la pointe des tendances ! C\u2019est pour cette raison qu\u2019il souhaite vous faire d\u00e9couvrir un agrume s\u00e9ch\u00e9 fascinant ! Il est utilis\u00e9 dans la\u00a0<strong>cuisine du Moyen-Orient<\/strong>, notamment dans les plats irakiens, persans et \u00e9gyptiens.<\/p>\n<p>En effet, <a href=\"https:\/\/www.safinel.fr\/produit\/citrons-noir-seches-150g\/\" target=\"_blank\" rel=\"noopener\"><strong>les citrons sont cueillis avant d&rsquo;\u00eatre m\u00fbrs<\/strong><\/a>, puis sal\u00e9s et s\u00e9ch\u00e9s au soleil jusqu&rsquo;\u00e0 ce qu&rsquo;ils soient noirs et friables. Ce processus de salage et de s\u00e9chage leur donne une saveur acidul\u00e9e et sal\u00e9e unique.<\/p>\n<h2><strong>Comment utiliser les citrons noirs s\u00e9ch\u00e9s en gros ?<\/strong><\/h2>\n<p>Pour celles et ceux qui souhaitent b\u00e9n\u00e9ficier de ces\u00a0<strong>citrons s\u00e9ch\u00e9s<\/strong>, ils sont utilis\u00e9s pour l&rsquo;alimentation ! En effet, ces derniers ajoutent de la saveur aux soupes, aux rago\u00fbts, aux plats de riz et aux marinades. Ils sont souvent \u00e9cras\u00e9s et ajout\u00e9s \u00e0 des plats tels que le taboul\u00e9 ou l&rsquo;houmous pour donner une saveur citronn\u00e9e intense. Ce produit naturel est \u00e9galement utilis\u00e9 dans la pr\u00e9paration de boissons telles que\u00a0<strong><a href=\"https:\/\/ventesengros.fr\/nl\/product-category\/alimentation\/tisane\/\">le th\u00e9<\/a>\u00a0<\/strong>et le jus de citron.<\/p>\n<h3><strong>D\u00e9couvrez ses nombreux bienfaits !<\/strong><\/h3>\n<p>En plus de leur saveur unique, ces agrumes s\u00e9ch\u00e9s sont \u00e9galement riches en vitamine C et en antioxydants. Ils sont \u00e9galement b\u00e9n\u00e9fiques pour la digestion et peuvent aider \u00e0 soulager les maux d&rsquo;estomac. Ces\u00a0<strong>citrons noirs<\/strong>, \u00e9galement connus sous le nom de citrons Omani, sont riches en vitamine C, en fibres et en antioxydants. Ils ont un go\u00fbt l\u00e9g\u00e8rement sucr\u00e9 et acidul\u00e9 qui ajoute une saveur unique aux plats sal\u00e9s et sucr\u00e9s. Ils sont \u00e9galement connus pour avoir des propri\u00e9t\u00e9s antibact\u00e9riennes et anti-inflammatoires et peuvent aider \u00e0<strong>\u00a0renforcer le syst\u00e8me immunitaire.<\/strong><\/p>","protected":false},"excerpt":{"rendered":"<div>Nous vous proposons du Citrons noir s\u00e9ch\u00e9s\u00a0vendu par lot de 1kg, vendu au prix de\u00a0<b>11 per kilo<\/b>.<\/div>\n<div><\/div>\n<div>Prijs per kilo: \u20ac11<\/div>\n<div>\n<p>Ontvang een korting van 10% voor meer dan 5 kavels (<a href=\"https:\/\/ventesengros.fr\/nl\/contact\/\" target=\"_blank\" rel=\"noopener\" data-saferedirecturl=\"https:\/\/www.google.com\/url?q=https:\/\/ventesengros.fr\/contact\/&amp;source=gmail&amp;ust=1676192501291000&amp;usg=AOvVaw3pXTanivbOGNwdN0ZBlapn\">contact met ons opnemen<\/a>).<\/p>\n<\/div>","protected":false},"featured_media":50351,"template":"","meta":[],"product_brand":[],"product_cat":[206],"product_tag":[],"class_list":{"0":"post-50350","1":"product","2":"type-product","3":"status-publish","4":"has-post-thumbnail","6":"product_cat-alimentation","8":"first","9":"instock","10":"shipping-taxable","11":"purchasable","12":"product-type-simple"},"_links":{"self":[{"href":"https:\/\/ventesengros.fr\/nl\/wp-json\/wp\/v2\/product\/50350","targetHints":{"allow":["GET"]}}],"collection":[{"href":"https:\/\/ventesengros.fr\/nl\/wp-json\/wp\/v2\/product"}],"about":[{"href":"https:\/\/ventesengros.fr\/nl\/wp-json\/wp\/v2\/types\/product"}],"wp:featuredmedia":[{"embeddable":true,"href":"https:\/\/ventesengros.fr\/nl\/wp-json\/wp\/v2\/media\/50351"}],"wp:attachment":[{"href":"https:\/\/ventesengros.fr\/nl\/wp-json\/wp\/v2\/media?parent=50350"}],"wp:term":[{"taxonomy":"product_brand","embeddable":true,"href":"https:\/\/ventesengros.fr\/nl\/wp-json\/wp\/v2\/product_brand?post=50350"},{"taxonomy":"product_cat","embeddable":true,"href":"https:\/\/ventesengros.fr\/nl\/wp-json\/wp\/v2\/product_cat?post=50350"},{"taxonomy":"product_tag","embeddable":true,"href":"https:\/\/ventesengros.fr\/nl\/wp-json\/wp\/v2\/product_tag?post=50350"}],"curies":[{"name":"wp","href":"https:\/\/api.w.org\/{rel}","templated":true}]}}