{"id":47377,"date":"2022-07-24T14:37:13","date_gmt":"2022-07-24T13:37:13","guid":{"rendered":"https:\/\/ventesengros.fr\/?post_type=product&#038;p=47377"},"modified":"2024-02-27T19:46:04","modified_gmt":"2024-02-27T18:46:04","slug":"theiere-marocaine-en-acier-inoxydable","status":"publish","type":"product","link":"https:\/\/ventesengros.fr\/nl\/grossiste\/theiere-marocaine-en-acier-inoxydable\/","title":{"rendered":"Marokkaanse roestvrijstalen theepot"},"content":{"rendered":"","protected":false},"excerpt":{"rendered":"<div class=\"gmail_quote\">\n<div dir=\"ltr\">\n<div>\n<div>Nous vous proposons cette th\u00e9i\u00e8re inox, utilisable avec cuisini\u00e8re \u00e0 gaz ou plaque \u00e9lectrique.<\/div>\n<div><strong><u>Elle est d\u00e9clin\u00e9 en trois tailles :<\/u><\/strong>Petite taille :\u00a04 verres de th\u00e9,\u00a0<b>vendue 5 \u20ac<\/b><\/p>\n<p>Taille moyenne : 6 verres de th\u00e9,\u00a0<b>vendue\u00a0 6\u20ac<\/b><\/p>\n<p>Grande taille\u00a0\u00a0: 8 verres de th\u00e9,\u00a0<b>vendue 8 \u20ac<\/b><\/p>\n<\/div>\n<\/div>\n<div dir=\"ltr\" data-smartmail=\"gmail_signature\">\n<div dir=\"ltr\">\n<div>\n<div dir=\"ltr\">\n<div>\n<div dir=\"ltr\">\n<div dir=\"ltr\">\n<div><\/div>\n<\/div>\n<\/div>\n<\/div>\n<\/div>\n<\/div>\n<\/div>\n<\/div>\n<\/div>\n<\/div>\n<div dir=\"ltr\" data-smartmail=\"gmail_signature\">\n<div dir=\"ltr\">\n<div>\n<div dir=\"ltr\">\n<div>\n<div dir=\"ltr\">\n<div dir=\"ltr\">\n<div><i>B\u00e9n\u00e9ficiez\u00a0d&rsquo;une remise de 10% au del\u00e0\u00a0de 5 th\u00e9i\u00e8res achet\u00e9es (<a href=\"https:\/\/ventesengros.fr\/nl\/contact\/\"><b><span style=\"color: #ff0000;\">contact met ons opnemen<\/span><\/b><\/a>)<\/i><\/div>\n<\/div>\n<\/div>\n<\/div>\n<\/div>\n<\/div>\n<\/div>\n<\/div>","protected":false},"featured_media":47381,"template":"","meta":[],"product_brand":[],"product_cat":[1516],"product_tag":[],"class_list":{"0":"post-47377","1":"product","2":"type-product","3":"status-publish","4":"has-post-thumbnail","6":"product_cat-theieres-marocaines-en-gros","8":"first","9":"instock","10":"shipping-taxable","11":"purchasable","12":"product-type-variable"},"_links":{"self":[{"href":"https:\/\/ventesengros.fr\/nl\/wp-json\/wp\/v2\/product\/47377","targetHints":{"allow":["GET"]}}],"collection":[{"href":"https:\/\/ventesengros.fr\/nl\/wp-json\/wp\/v2\/product"}],"about":[{"href":"https:\/\/ventesengros.fr\/nl\/wp-json\/wp\/v2\/types\/product"}],"wp:featuredmedia":[{"embeddable":true,"href":"https:\/\/ventesengros.fr\/nl\/wp-json\/wp\/v2\/media\/47381"}],"wp:attachment":[{"href":"https:\/\/ventesengros.fr\/nl\/wp-json\/wp\/v2\/media?parent=47377"}],"wp:term":[{"taxonomy":"product_brand","embeddable":true,"href":"https:\/\/ventesengros.fr\/nl\/wp-json\/wp\/v2\/product_brand?post=47377"},{"taxonomy":"product_cat","embeddable":true,"href":"https:\/\/ventesengros.fr\/nl\/wp-json\/wp\/v2\/product_cat?post=47377"},{"taxonomy":"product_tag","embeddable":true,"href":"https:\/\/ventesengros.fr\/nl\/wp-json\/wp\/v2\/product_tag?post=47377"}],"curies":[{"name":"wp","href":"https:\/\/api.w.org\/{rel}","templated":true}]}}