{"id":47365,"date":"2022-07-24T13:05:05","date_gmt":"2022-07-24T12:05:05","guid":{"rendered":"https:\/\/ventesengros.fr\/?post_type=product&#038;p=47365"},"modified":"2024-02-26T10:38:42","modified_gmt":"2024-02-26T09:38:42","slug":"grossiste-gratte-dos-en-bois","status":"publish","type":"product","link":"https:\/\/ventesengros.fr\/nl\/grossiste\/grossiste-gratte-dos-en-bois\/","title":{"rendered":"Houten rugkrabber (set van 6)"},"content":{"rendered":"","protected":false},"excerpt":{"rendered":"<p>Wij bieden u deze <b>gratte dos en bois<\/b> de 48 cm, vendu par lot de 6.<\/p>\n<p>Il poss\u00e8de \u00e0 son extr\u00e9mit\u00e9 2 roulettes de massage, parfaites pour quelques minutes de d\u00e9tente.<\/p>\n<p>Prix de vente conseill\u00e9 : 3,50-3,90 euros.<\/p>\n<p><b>Prix unitaire : 1,80\u20ac<br \/>\n<\/b><br \/>\n<span style=\"color: #666666; font-size: large;\">1 lot \u00a0 \u00a0 \u00a0 \u00a0 \u00a0 : 1,80\u20ac\/Pi\u00e8ce X 6 = 10,80\u20ac<\/span><\/p>\n<div>B\u00e9n\u00e9ficiez\u00a0d&rsquo;une remise de 10% au del\u00e0\u00a0de 5 lots achet\u00e9s (<a href=\"https:\/\/ventesengros.fr\/nl\/contact\/\"><b><span style=\"color: #ff0000;\">contact met ons opnemen<\/span><\/b><\/a>)<\/div>","protected":false},"featured_media":47366,"template":"","meta":[],"product_brand":[],"product_cat":[60],"product_tag":[],"class_list":{"0":"post-47365","1":"product","2":"type-product","3":"status-publish","4":"has-post-thumbnail","6":"product_cat-bazar","8":"first","9":"instock","10":"shipping-taxable","11":"purchasable","12":"product-type-simple"},"_links":{"self":[{"href":"https:\/\/ventesengros.fr\/nl\/wp-json\/wp\/v2\/product\/47365","targetHints":{"allow":["GET"]}}],"collection":[{"href":"https:\/\/ventesengros.fr\/nl\/wp-json\/wp\/v2\/product"}],"about":[{"href":"https:\/\/ventesengros.fr\/nl\/wp-json\/wp\/v2\/types\/product"}],"wp:featuredmedia":[{"embeddable":true,"href":"https:\/\/ventesengros.fr\/nl\/wp-json\/wp\/v2\/media\/47366"}],"wp:attachment":[{"href":"https:\/\/ventesengros.fr\/nl\/wp-json\/wp\/v2\/media?parent=47365"}],"wp:term":[{"taxonomy":"product_brand","embeddable":true,"href":"https:\/\/ventesengros.fr\/nl\/wp-json\/wp\/v2\/product_brand?post=47365"},{"taxonomy":"product_cat","embeddable":true,"href":"https:\/\/ventesengros.fr\/nl\/wp-json\/wp\/v2\/product_cat?post=47365"},{"taxonomy":"product_tag","embeddable":true,"href":"https:\/\/ventesengros.fr\/nl\/wp-json\/wp\/v2\/product_tag?post=47365"}],"curies":[{"name":"wp","href":"https:\/\/api.w.org\/{rel}","templated":true}]}}