{"id":46880,"date":"2022-06-05T08:18:42","date_gmt":"2022-06-05T07:18:42","guid":{"rendered":"https:\/\/ventesengros.fr\/?post_type=product&#038;p=46880"},"modified":"2022-06-30T22:50:19","modified_gmt":"2022-06-30T21:50:19","slug":"theiere-marocaine-argentee-avec-pieds","status":"publish","type":"product","link":"https:\/\/ventesengros.fr\/nl\/grossiste\/theiere-marocaine-argentee-avec-pieds\/","title":{"rendered":"Marokkaanse zilveren theepot met pootjes"},"content":{"rendered":"","protected":false},"excerpt":{"rendered":"<p><strong>Produit artisanal fait main, il pourrait \u00eatre l\u00e9g\u00e8rement diff\u00e9rent de l&rsquo;image affich\u00e9e.<\/strong><\/p>","protected":false},"featured_media":46881,"template":"","meta":[],"product_brand":[],"product_cat":[1516],"product_tag":[],"class_list":{"0":"post-46880","1":"product","2":"type-product","3":"status-publish","4":"has-post-thumbnail","6":"product_cat-theieres-marocaines-en-gros","8":"first","9":"instock","10":"shipping-taxable","11":"purchasable","12":"product-type-variable"},"_links":{"self":[{"href":"https:\/\/ventesengros.fr\/nl\/wp-json\/wp\/v2\/product\/46880","targetHints":{"allow":["GET"]}}],"collection":[{"href":"https:\/\/ventesengros.fr\/nl\/wp-json\/wp\/v2\/product"}],"about":[{"href":"https:\/\/ventesengros.fr\/nl\/wp-json\/wp\/v2\/types\/product"}],"wp:featuredmedia":[{"embeddable":true,"href":"https:\/\/ventesengros.fr\/nl\/wp-json\/wp\/v2\/media\/46881"}],"wp:attachment":[{"href":"https:\/\/ventesengros.fr\/nl\/wp-json\/wp\/v2\/media?parent=46880"}],"wp:term":[{"taxonomy":"product_brand","embeddable":true,"href":"https:\/\/ventesengros.fr\/nl\/wp-json\/wp\/v2\/product_brand?post=46880"},{"taxonomy":"product_cat","embeddable":true,"href":"https:\/\/ventesengros.fr\/nl\/wp-json\/wp\/v2\/product_cat?post=46880"},{"taxonomy":"product_tag","embeddable":true,"href":"https:\/\/ventesengros.fr\/nl\/wp-json\/wp\/v2\/product_tag?post=46880"}],"curies":[{"name":"wp","href":"https:\/\/api.w.org\/{rel}","templated":true}]}}