{"id":46622,"date":"2022-05-03T17:15:34","date_gmt":"2022-05-03T16:15:34","guid":{"rendered":"https:\/\/ventesengros.fr\/?post_type=product&#038;p=46622"},"modified":"2024-07-24T15:11:16","modified_gmt":"2024-07-24T14:11:16","slug":"tapis-de-priere-medical-de-luxe-pour-le-dossier","status":"publish","type":"product","link":"https:\/\/ventesengros.fr\/nl\/grossiste\/tapis-de-priere-medical-de-luxe-pour-le-dossier\/","title":{"rendered":"Luxe medisch gebedsmatje voor rugleuning"},"content":{"rendered":"<ul>\n<li>Tapis de pri\u00e8re et dossier \u00e0 la fois.<\/li>\n<li>Certifi\u00e9 comme M\u00e9dicalement fonctionne pour soulager le dos et la douleur au genou.<\/li>\n<li>Convient \u00e0 tous les \u00e2ges.<\/li>\n<li>Fournit un repos complet aux personnes \u00e2g\u00e9es<\/li>\n<li>Le dossier est inclinable pour la commodit\u00e9 de l&rsquo;arri\u00e8re, ou pendant la pri\u00e8re pour ceux qui ne peuvent pas rester debout pendant la pri\u00e8re.<\/li>\n<li>Pratique et facile \u00e0 utiliser<\/li>\n<li>Pliant facilement\n<div class=\"yj6qo\"><\/div>\n<\/li>\n<\/ul>\n<p>N&rsquo;attendez plus et <a href=\"https:\/\/tapis-prieres.com\/\" target=\"_blank\" rel=\"noopener\">acheter un tapis de pri\u00e8re<\/a> en quelques clics !<\/p>","protected":false},"excerpt":{"rendered":"<p>Nous vous proposons ce tapis de pri\u00e8re m\u00e9dicale de luxe pour le dossier.<\/p>\n<h6><b><span style=\"color: #cc0000; font-size: large;\">Prix unitaire : 19 \u20ac\/Pi\u00e8ce<br \/>\n<\/span><\/b><\/h6>\n<h6><span style=\"color: #134f5c;\">Prix de vente conseill\u00e9 : 37 euros.<br \/>\n<\/span><\/h6>\n<p><span style=\"color: #7d7d7d;\">Ontvang een korting van 10% voor meer dan 5 kavels (<\/span><a href=\"https:\/\/ventesengros.fr\/nl\/contact\/\" target=\"_blank\" rel=\"noopener\" data-saferedirecturl=\"https:\/\/www.google.com\/url?q=https:\/\/ventesengros.fr\/contact\/&amp;source=gmail&amp;ust=1651680578912000&amp;usg=AOvVaw0uM6AiMKVH2CflAIR7QRtz\"><span style=\"color: #cc0000;\">contact met ons opnemen<\/span><\/a><span style=\"color: #7d7d7d;\">).<\/span><\/p>\n<p>Poids : 1,70 kg<\/p>","protected":false},"featured_media":46623,"template":"","meta":[],"product_brand":[],"product_cat":[1521],"product_tag":[],"class_list":{"0":"post-46622","1":"product","2":"type-product","3":"status-publish","4":"has-post-thumbnail","6":"product_cat-grossiste-tapis-de-priere","8":"first","9":"instock","10":"shipping-taxable","11":"purchasable","12":"product-type-simple"},"_links":{"self":[{"href":"https:\/\/ventesengros.fr\/nl\/wp-json\/wp\/v2\/product\/46622","targetHints":{"allow":["GET"]}}],"collection":[{"href":"https:\/\/ventesengros.fr\/nl\/wp-json\/wp\/v2\/product"}],"about":[{"href":"https:\/\/ventesengros.fr\/nl\/wp-json\/wp\/v2\/types\/product"}],"wp:featuredmedia":[{"embeddable":true,"href":"https:\/\/ventesengros.fr\/nl\/wp-json\/wp\/v2\/media\/46623"}],"wp:attachment":[{"href":"https:\/\/ventesengros.fr\/nl\/wp-json\/wp\/v2\/media?parent=46622"}],"wp:term":[{"taxonomy":"product_brand","embeddable":true,"href":"https:\/\/ventesengros.fr\/nl\/wp-json\/wp\/v2\/product_brand?post=46622"},{"taxonomy":"product_cat","embeddable":true,"href":"https:\/\/ventesengros.fr\/nl\/wp-json\/wp\/v2\/product_cat?post=46622"},{"taxonomy":"product_tag","embeddable":true,"href":"https:\/\/ventesengros.fr\/nl\/wp-json\/wp\/v2\/product_tag?post=46622"}],"curies":[{"name":"wp","href":"https:\/\/api.w.org\/{rel}","templated":true}]}}