{"id":45824,"date":"2022-03-02T07:54:48","date_gmt":"2022-03-02T06:54:48","guid":{"rendered":"https:\/\/ventesengros.fr\/?post_type=product&#038;p=45824"},"modified":"2023-05-22T19:16:24","modified_gmt":"2023-05-22T18:16:24","slug":"ventouses-pour-hijama-7-cm","status":"publish","type":"product","link":"https:\/\/ventesengros.fr\/nl\/grossiste\/ventouses-pour-hijama-7-cm\/","title":{"rendered":"Zuignappen voor Hijama 7 cm (pak van 100)"},"content":{"rendered":"<p>Ventouses pour hijama 7 cm<\/p>\n<p>Foto niet contractueel<\/p>\n<p>Taille pouvant \u00e9voluer de quelque millim\u00e8tre<\/p>\n<p>La hijama est une pratique m\u00e9dicale tr\u00e8s ancienne qui est actuellement toujours pratiqu\u00e9e et de plus en plus connue dans le monde. Cela consiste \u00e0 extraire le mauvais sang par le biais de ventouses pos\u00e9es \u00e0 m\u00eame la peau, cette derni\u00e8re pr\u00e9alablement incis\u00e9e pour que le sang puisse \u00eatre aspir\u00e9.<\/p>\n<p>La hijama peut \u00eatre r\u00e9alis\u00e9e de mani\u00e8re pr\u00e9ventive, pour renouveler le sang et fortifier le syst\u00e8me immunitaire. Elle peut aussi \u00eatre r\u00e9alis\u00e9e pour soigner certaines maladies, ou aider \u00e0 la gu\u00e9rison de certains maux, tels que des r\u00e8gles douloureuses, migraine, probl\u00e8me d\u2019infertilit\u00e9, douleurs de dos, abaisser les tensions art\u00e9rielles etc\u2026.<\/p>\n<p><strong>Ori\u00ebnt Groothandel<\/strong> biedt u <strong>groothandel<\/strong> de <strong>ventouses pour hijama 7cm <\/strong>vendues par lot de 100 \u00e0 35,00\u20ac soit 0,35\u20ac l\u2019unit\u00e9, avec un prix d\u00e9gressif d\u00e8s 3 lots achet\u00e9s et plus.<\/p>\n<p>Les semi grossistes et revendeurs au d\u00e9tail pourront revendre ce produit au prix conseill\u00e9 de 1,50\u20ac.<\/p>\n<p>Ces ventouses sont adapt\u00e9es pour certains endroits du corps. Vous pourrez retrouver sur notre site dans la cat\u00e9gorie soin et bien-\u00eatre plusieurs articles pour pratiquer la hijama, comme des kits, ou des produits tels que des ventouses de diverses tailles, des lames, et des pompes sp\u00e9cialis\u00e9es qui s\u2019adaptent aux ventouses.<\/p>\n<p>La m\u00e9decine proph\u00e9tique pr\u00e9conise cette m\u00e9decine et donne plusieurs indications comme des endroits pr\u00e9cis \u00e0 cibler pour diff\u00e9rents maux, des moments de l\u2019ann\u00e9e et du mois \u00e0 favoriser pour une meilleure efficacit\u00e9 de la hijama.<\/p>\n<p>Nous rappelons que la hijama est une m\u00e9decine \u00e0 part enti\u00e8re et qu\u2019il faut s\u2019orienter vers des professionnels pour y recourir de fa\u00e7on s\u00e9curis\u00e9e.<\/p>\n<p>Votre grossiste en ligne situ\u00e9 au <strong>Marokko<\/strong> vous garantit des livraisons en France et \u00e0 l\u2019\u00e9tranger.<\/p>\n<p>Vous pouvez contacter notre service client pour plus d\u2019informations \u00e0 propos de ce produit ou d\u2019un produit pr\u00e9sent sur notre site.<\/p>\n<p>&nbsp;<\/p>\n<p><strong>Binnendiameter:<\/strong> 7cm<\/p>","protected":false},"excerpt":{"rendered":"<p>We bieden je deze\u00a0<strong>Ventouse pour Hijama 7cm \u00a0<\/strong>verkocht in verpakkingen van 100 .<\/p>\n<p><span style=\"color: #003366;\"><strong>Aanbevolen verkoopprijs \u20ac1,50.<\/strong><\/span><\/p>\n<p><strong>1 kavel :\u00a0<span style=\"color: #0ad227;\">0,35\/stuk X 100 = \u20ac35<\/span><\/strong><\/p>","protected":false},"featured_media":34562,"template":"","meta":[],"product_brand":[],"product_cat":[60,234],"product_tag":[258,974,688,768],"class_list":{"0":"post-45824","1":"product","2":"type-product","3":"status-publish","4":"has-post-thumbnail","6":"product_cat-bazar","7":"product_cat-kit-hijama","8":"product_tag-en-gros","9":"product_tag-grossiste","10":"product_tag-maroc","11":"product_tag-ventouses-pour-hijama-58cm","13":"first","14":"instock","15":"shipping-taxable","16":"purchasable","17":"product-type-simple"},"_links":{"self":[{"href":"https:\/\/ventesengros.fr\/nl\/wp-json\/wp\/v2\/product\/45824","targetHints":{"allow":["GET"]}}],"collection":[{"href":"https:\/\/ventesengros.fr\/nl\/wp-json\/wp\/v2\/product"}],"about":[{"href":"https:\/\/ventesengros.fr\/nl\/wp-json\/wp\/v2\/types\/product"}],"wp:featuredmedia":[{"embeddable":true,"href":"https:\/\/ventesengros.fr\/nl\/wp-json\/wp\/v2\/media\/34562"}],"wp:attachment":[{"href":"https:\/\/ventesengros.fr\/nl\/wp-json\/wp\/v2\/media?parent=45824"}],"wp:term":[{"taxonomy":"product_brand","embeddable":true,"href":"https:\/\/ventesengros.fr\/nl\/wp-json\/wp\/v2\/product_brand?post=45824"},{"taxonomy":"product_cat","embeddable":true,"href":"https:\/\/ventesengros.fr\/nl\/wp-json\/wp\/v2\/product_cat?post=45824"},{"taxonomy":"product_tag","embeddable":true,"href":"https:\/\/ventesengros.fr\/nl\/wp-json\/wp\/v2\/product_tag?post=45824"}],"curies":[{"name":"wp","href":"https:\/\/api.w.org\/{rel}","templated":true}]}}