{"id":4329,"date":"2014-06-10T09:09:53","date_gmt":"2014-06-10T08:09:53","guid":{"rendered":"http:\/\/pietra-communication.com\/ventesengros.fr\/?post_type=product&#038;p=4329"},"modified":"2023-03-02T16:48:45","modified_gmt":"2023-03-02T15:48:45","slug":"creme-defrisante-lhuile-davocat-jojoba","status":"publish","type":"product","link":"https:\/\/ventesengros.fr\/nl\/grossiste\/creme-defrisante-lhuile-davocat-jojoba\/","title":{"rendered":"Ontspannende cr\u00e8me met avocado- en jojoba-olie X 12"},"content":{"rendered":"<p><strong>Eigendom:<\/strong><\/p>\n<p>La cr\u00e8me d\u00e9frisante PLANTIL aux huiles d&rsquo;avocat et de jojoba est con\u00e7ue pour lisser les cheveux fris\u00e9s, cr\u00e9pus et ondul\u00e9s et leur procurer un lissage parfait et un toucher soyeux.<\/p>\n<p style=\"color: #000000;\"><strong>Ce kit contient:\u00a0<\/strong>Cr\u00e8me d\u00e9frisante 100mL + Soin neutralisant 50mL.<\/p>\n<p style=\"color: #000000;\"><strong>Important:<\/strong>\u00a0A conserver hors port\u00e9e des enfants.<\/p>\n<p><b>Capaciteit :<\/b>50 ml<\/p>\n<p><b>Merknaam:<\/b>\u00a0Plantil<br \/>\n<b><\/b><\/p>\n<p><b>Herkomst:<\/b>Marokko<br \/>\n<b><\/b><\/p>\n<p><b>Gewicht:<\/b>185g<\/p>","protected":false},"excerpt":{"rendered":"<p>Wij bieden u deze<strong>\u00a0Cr\u00e8me d\u00e9frisante\u00a0\u00e0 l&rsquo;Huile d&rsquo;Avocat &amp; Jojoba<\/strong><strong>\u00a0<\/strong>verkocht in verpakkingen van 12.<\/p>\n<p>Adviesprijs: 5,90-6,90 euro.<\/p>\n<p>1 kavel :\u00a0<span style=\"color: #0ad227;\">1,69\/stuk X 12 = \u20ac20,28<\/span><\/p>","protected":false},"featured_media":30271,"template":"","meta":[],"product_brand":[],"product_cat":[286,59],"product_tag":[446,132,178,258,974,977],"class_list":{"0":"post-4329","1":"product","2":"type-product","3":"status-publish","4":"has-post-thumbnail","6":"product_cat-creme-cremeshampoing","7":"product_cat-soin-et-bien-etre","8":"product_tag-avocat","9":"product_tag-creme","10":"product_tag-defrisante","11":"product_tag-en-gros","12":"product_tag-grossiste","13":"product_tag-plantil","14":"pa_lot-158","15":"pa_lot-160","16":"pa_lot-159","18":"first","19":"instock","20":"shipping-taxable","21":"purchasable","22":"product-type-simple"},"_links":{"self":[{"href":"https:\/\/ventesengros.fr\/nl\/wp-json\/wp\/v2\/product\/4329","targetHints":{"allow":["GET"]}}],"collection":[{"href":"https:\/\/ventesengros.fr\/nl\/wp-json\/wp\/v2\/product"}],"about":[{"href":"https:\/\/ventesengros.fr\/nl\/wp-json\/wp\/v2\/types\/product"}],"wp:featuredmedia":[{"embeddable":true,"href":"https:\/\/ventesengros.fr\/nl\/wp-json\/wp\/v2\/media\/30271"}],"wp:attachment":[{"href":"https:\/\/ventesengros.fr\/nl\/wp-json\/wp\/v2\/media?parent=4329"}],"wp:term":[{"taxonomy":"product_brand","embeddable":true,"href":"https:\/\/ventesengros.fr\/nl\/wp-json\/wp\/v2\/product_brand?post=4329"},{"taxonomy":"product_cat","embeddable":true,"href":"https:\/\/ventesengros.fr\/nl\/wp-json\/wp\/v2\/product_cat?post=4329"},{"taxonomy":"product_tag","embeddable":true,"href":"https:\/\/ventesengros.fr\/nl\/wp-json\/wp\/v2\/product_tag?post=4329"}],"curies":[{"name":"wp","href":"https:\/\/api.w.org\/{rel}","templated":true}]}}