{"id":4162,"date":"2014-06-07T06:58:16","date_gmt":"2014-06-07T05:58:16","guid":{"rendered":"http:\/\/pietra-communication.com\/ventesengros.fr\/?post_type=product&#038;p=4162"},"modified":"2025-12-01T09:43:39","modified_gmt":"2025-12-01T08:43:39","slug":"spiriline-element-riche-planete-certifie-ab","status":"publish","type":"product","link":"https:\/\/ventesengros.fr\/nl\/grossiste\/spiriline-element-riche-planete-certifie-ab\/","title":{"rendered":"Spirulina capsules rijkste element gecertificeerd AB X 6"},"content":{"rendered":"<p><strong>Eigendom:<\/strong><\/p>\n<p>Les principaux bienfaits th\u00e9rapeutiques que l&rsquo;on pr\u00eate \u00e0 la spiruline:<\/p>\n<p>-Renforce le syst\u00e8me imunitaire<\/p>\n<p>-Anti cancer<\/p>\n<p>-Diminue le cholest\u00e9rol et les maladies cardiovasculaire<\/p>\n<p>-Contre les affections intestinales<\/p>\n<p>-R\u00e9gule le diab\u00e8te<\/p>\n<p>-La spiruline aiderait \u00e0 maigrir lors d&rsquo;un r\u00e9gime lutter<\/p>\n<p>-Efficace contre l&rsquo;an\u00e9mie<\/p>\n<h5><b>Capaciteit :<\/b><\/h5>\n<p>30 G\u00e9lule<\/p>\n<p>La spiruline est remplie en grande quantit\u00e9 de bons \u00e9l\u00e9ment nutritifs pour votre sant\u00e9. C&rsquo;est un vrai cocktail de vitamines, d&rsquo;oligo-\u00e9l\u00e9ments, de sels min\u00e9raux, de glucide, d&rsquo;acide gras et de prot\u00e9ines v\u00e9g\u00e9tales.<\/p>\n<p><b>Merknaam:<\/b>\u00a0 Spiruline<\/p>\n<p><b>Gewicht:<\/b>30g<\/p>","protected":false},"excerpt":{"rendered":"<p>Wij bieden u <strong>Spiruline l&rsquo;\u00e9l\u00e9ment le plus riche de la plan\u00e8te 60 G\u00e9lules<\/strong><strong><span style=\"color: #000000;\">\u00a0<\/span><\/strong>verkocht in verpakkingen van 6.<\/p>\n<p>Adviesprijs: 9,90 euro.<\/p>\n<p>1 kavel : <span style=\"color: #0ad227;\">6,38\u20ac\/Pi\u00e8ce X 6= 38,28\u20ac<\/span><\/p>\n<p>&nbsp;<\/p>","protected":false},"featured_media":4166,"template":"","meta":[],"product_brand":[],"product_cat":[206,285,59],"product_tag":[254,432],"class_list":{"0":"post-4162","1":"product","2":"type-product","3":"status-publish","4":"has-post-thumbnail","6":"product_cat-alimentation","7":"product_cat-autres","8":"product_cat-soin-et-bien-etre","9":"product_tag-certifie-ab","10":"product_tag-spiriline","11":"pa_lot-158","12":"pa_lot-160","13":"pa_lot-159","15":"first","16":"instock","17":"shipping-taxable","18":"purchasable","19":"product-type-simple"},"_links":{"self":[{"href":"https:\/\/ventesengros.fr\/nl\/wp-json\/wp\/v2\/product\/4162","targetHints":{"allow":["GET"]}}],"collection":[{"href":"https:\/\/ventesengros.fr\/nl\/wp-json\/wp\/v2\/product"}],"about":[{"href":"https:\/\/ventesengros.fr\/nl\/wp-json\/wp\/v2\/types\/product"}],"wp:featuredmedia":[{"embeddable":true,"href":"https:\/\/ventesengros.fr\/nl\/wp-json\/wp\/v2\/media\/4166"}],"wp:attachment":[{"href":"https:\/\/ventesengros.fr\/nl\/wp-json\/wp\/v2\/media?parent=4162"}],"wp:term":[{"taxonomy":"product_brand","embeddable":true,"href":"https:\/\/ventesengros.fr\/nl\/wp-json\/wp\/v2\/product_brand?post=4162"},{"taxonomy":"product_cat","embeddable":true,"href":"https:\/\/ventesengros.fr\/nl\/wp-json\/wp\/v2\/product_cat?post=4162"},{"taxonomy":"product_tag","embeddable":true,"href":"https:\/\/ventesengros.fr\/nl\/wp-json\/wp\/v2\/product_tag?post=4162"}],"curies":[{"name":"wp","href":"https:\/\/api.w.org\/{rel}","templated":true}]}}