{"id":40640,"date":"2020-12-05T11:12:47","date_gmt":"2020-12-05T10:12:47","guid":{"rendered":"https:\/\/ventesengros.fr\/?post_type=product&#038;p=40640"},"modified":"2024-01-18T10:31:40","modified_gmt":"2024-01-18T09:31:40","slug":"60-gelules-de-spiruline-lot-de-6","status":"publish","type":"product","link":"https:\/\/ventesengros.fr\/nl\/grossiste\/60-gelules-de-spiruline-lot-de-6\/","title":{"rendered":"60 spirulina-capsules (verpakking van 6)"},"content":{"rendered":"","protected":false},"excerpt":{"rendered":"<p>Nous vous proposons la Spiruline l\u2019\u00e9l\u00e9ment le plus riche de la plan\u00e8te en contenant de\u00a0<b>60 capsules<\/b>.\u00a0<span style=\"color: #0000ff;\"><b>Verkocht in verpakkingen van 6<\/b><\/span>.<\/p>\n<p><b>Prijzen<span class=\"Apple-converted-space\">\u00a0detailhandel<\/span><span class=\"Apple-converted-space\">\u00a0\u00a0<\/span>:<\/b> <span style=\"color: #ff0000;\"><b>4,50\u20ac<\/b><\/span><\/p>\n<p>Ontvang een korting van 10% op bestellingen van meer dan 10 lots (<a href=\"https:\/\/ventesengros.fr\/nl\/contact\/\"><span style=\"color: #ff0000;\"><strong>contact met ons opnemen<\/strong><\/span><\/a>)<\/p>","protected":false},"featured_media":57906,"template":"","meta":[],"product_brand":[],"product_cat":[206,1554],"product_tag":[],"class_list":{"0":"post-40640","1":"product","2":"type-product","3":"status-publish","4":"has-post-thumbnail","6":"product_cat-alimentation","7":"product_cat-grossiste-gelules","9":"first","10":"instock","11":"shipping-taxable","12":"purchasable","13":"product-type-simple"},"_links":{"self":[{"href":"https:\/\/ventesengros.fr\/nl\/wp-json\/wp\/v2\/product\/40640","targetHints":{"allow":["GET"]}}],"collection":[{"href":"https:\/\/ventesengros.fr\/nl\/wp-json\/wp\/v2\/product"}],"about":[{"href":"https:\/\/ventesengros.fr\/nl\/wp-json\/wp\/v2\/types\/product"}],"wp:featuredmedia":[{"embeddable":true,"href":"https:\/\/ventesengros.fr\/nl\/wp-json\/wp\/v2\/media\/57906"}],"wp:attachment":[{"href":"https:\/\/ventesengros.fr\/nl\/wp-json\/wp\/v2\/media?parent=40640"}],"wp:term":[{"taxonomy":"product_brand","embeddable":true,"href":"https:\/\/ventesengros.fr\/nl\/wp-json\/wp\/v2\/product_brand?post=40640"},{"taxonomy":"product_cat","embeddable":true,"href":"https:\/\/ventesengros.fr\/nl\/wp-json\/wp\/v2\/product_cat?post=40640"},{"taxonomy":"product_tag","embeddable":true,"href":"https:\/\/ventesengros.fr\/nl\/wp-json\/wp\/v2\/product_tag?post=40640"}],"curies":[{"name":"wp","href":"https:\/\/api.w.org\/{rel}","templated":true}]}}