{"id":39602,"date":"2020-08-31T14:24:36","date_gmt":"2020-08-31T13:24:36","guid":{"rendered":"https:\/\/ventesengros.fr\/?post_type=product&#038;p=39602"},"modified":"2023-05-05T12:16:47","modified_gmt":"2023-05-05T11:16:47","slug":"titan-gel-gel-intime-special-penis-gel-augmentant-50ml-vendu-par-lot-de-6","status":"publish","type":"product","link":"https:\/\/ventesengros.fr\/nl\/grossiste\/titan-gel-gel-intime-special-penis-gel-augmentant-50ml-vendu-par-lot-de-6\/","title":{"rendered":"Titan Gel - Penis Intieme Gel - Gel Augmentant - 50ml (Verkocht per 6)"},"content":{"rendered":"<p>Donne un confort pendant les rapports, a un effet positif sur la qualit\u00e9 de la vie sexuelle.<br \/>\nAm\u00e9liore le potentiel personnel et favorise de nouvelles sensations intenses.<br \/>\nFournit une bonne lubrification.<br \/>\nSans taches, peut \u00eatre facilement enlev\u00e9 avec de l&rsquo;eau, sans d\u00e9p\u00f4t.<\/p>","protected":false},"excerpt":{"rendered":"<p>Nous vous proposons ce gel intime sp\u00e9cial p\u00e9nis vendu\u00a0<strong><span style=\"color: #0000ff;\">in verpakkingen van 6.<\/span><\/strong><\/p>\n<p><b>Detailhandelprijzen van gel :<\/b>\u00a0<strong><span style=\"color: #ff0000;\">13<\/span><\/strong><strong><span style=\"color: #ff0000;\">\u20ac<\/span><\/strong><\/p>","protected":false},"featured_media":39603,"template":"","meta":[],"product_brand":[],"product_cat":[930],"product_tag":[],"class_list":{"0":"post-39602","1":"product","2":"type-product","3":"status-publish","4":"has-post-thumbnail","6":"product_cat-aphrodisiaque","8":"first","9":"instock","10":"shipping-taxable","11":"purchasable","12":"product-type-simple"},"_links":{"self":[{"href":"https:\/\/ventesengros.fr\/nl\/wp-json\/wp\/v2\/product\/39602","targetHints":{"allow":["GET"]}}],"collection":[{"href":"https:\/\/ventesengros.fr\/nl\/wp-json\/wp\/v2\/product"}],"about":[{"href":"https:\/\/ventesengros.fr\/nl\/wp-json\/wp\/v2\/types\/product"}],"wp:featuredmedia":[{"embeddable":true,"href":"https:\/\/ventesengros.fr\/nl\/wp-json\/wp\/v2\/media\/39603"}],"wp:attachment":[{"href":"https:\/\/ventesengros.fr\/nl\/wp-json\/wp\/v2\/media?parent=39602"}],"wp:term":[{"taxonomy":"product_brand","embeddable":true,"href":"https:\/\/ventesengros.fr\/nl\/wp-json\/wp\/v2\/product_brand?post=39602"},{"taxonomy":"product_cat","embeddable":true,"href":"https:\/\/ventesengros.fr\/nl\/wp-json\/wp\/v2\/product_cat?post=39602"},{"taxonomy":"product_tag","embeddable":true,"href":"https:\/\/ventesengros.fr\/nl\/wp-json\/wp\/v2\/product_tag?post=39602"}],"curies":[{"name":"wp","href":"https:\/\/api.w.org\/{rel}","templated":true}]}}