{"id":39517,"date":"2020-08-24T19:28:50","date_gmt":"2020-08-24T18:28:50","guid":{"rendered":"https:\/\/ventesengros.fr\/?post_type=product&#038;p=39517"},"modified":"2023-08-17T18:15:56","modified_gmt":"2023-08-17T17:15:56","slug":"savon-au-lait-de-chevre-naturel-en-gros","status":"publish","type":"product","link":"https:\/\/ventesengros.fr\/nl\/grossiste\/savon-au-lait-de-chevre-naturel-en-gros\/","title":{"rendered":"Natuurlijke geitenmelkzeep 100% (Set van 12)"},"content":{"rendered":"<p>Notre cat\u00e9gorie\u00a0<strong>zorg en welzijn\u00a0<\/strong>s\u2019allonge ! En effet, votre\u00a0<strong>grossiste savon au lait de ch\u00e8vre<\/strong>\u00a0vous propose ce\u00a0<strong>pain solide en gros<\/strong>, pour des \u00e9conomies certaines.<\/p>\n<p>Deze\u00a0<strong>cosmetica<\/strong>\u00a0ultra-tendance est un incontournable \u00e0 proposer \u00e0 vote client\u00e8le. Qui se trouve toujours en demande de produits plus sains pour la peau.<\/p>\n<h2><strong>Grossiste savon au lait de ch\u00e8vre : un cosm\u00e9tique pour toute la famille\u00a0<\/strong><\/h2>\n<p>Deze\u00a0<strong>cosm\u00e9tique en gros<\/strong>\u00a0100% naturel est formul\u00e9 sans produits chimiques. Il est naturel, \u00e9conomique, \u00e9cologique et utilisable par toute la famille\u00a0!<\/p>\n<p>Sans parler du fait que votre\u00a0<strong>online groothandel<\/strong>\u00a0vous propose LE cosm\u00e9tique du moment\u00a0! Pourquoi\u00a0? Parce qu\u2019il convient essentiellement \u00e0 tous les types de peau. Et peut \u00eatre, par cons\u00e9quent, utilis\u00e9 par tous, du plus petit au plus grand\u00a0!<\/p>\n<p>De plus, il est hydratant, apaisant et anti-\u00e2ge\u00a0: il sera la star de la salle de bain\u00a0! Alli\u00e9 naturel de la peau, ce<strong>\u00a0savon en gros<\/strong>\u00a0est tout indiqu\u00e9 en cas d\u2019ecz\u00e9ma, de psoriasis, d\u2019irritation ou de s\u00e9cheresse cutan\u00e9e. Tout comme notre\u00a0<strong><a href=\"https:\/\/ventesengros.fr\/nl\/grossiste\/huile-de-nigelle-dethiopie-habachia-5-litres-en-vrac\/\">huile de nigelle en gros<\/a>.\u00a0<\/strong><\/p>\n<h2><strong>Grossiste savon lait de ch\u00e8vre : mettez en avant ses bienfaits !\u00a0<\/strong><\/h2>\n<p>Il ne sera pas difficile de proposer ce\u00a0<strong>savon au ch\u00e8vre pas cher<\/strong>\u00a0\u00e0 votre client\u00e8le. En effet, celui-ci poss\u00e8de un large panel de propri\u00e9t\u00e9s :<\/p>\n<ul>\n<li>Efficace contre l\u2019acn\u00e9 : l\u2019acide lactique lutte contre les com\u00e9dons et les micro-kystes (boutons blancs) ;<\/li>\n<li>Aide \u00e9galement \u00e0 resserrer les pores de la peau ;<\/li>\n<li>Exfoliant doux ;<\/li>\n<li>Stimule le renouvellement cellulaire et maintient l\u2019\u00e9quilibre cutan\u00e9 ;<\/li>\n<li>Contient des vitamines A, C et E et du s\u00e9l\u00e9nium, afin de pr\u00e9venir contre le vieillissement pr\u00e9matur\u00e9 de la peau ;<\/li>\n<li>Lutte contre l\u2019apparition des rides et ridules ;<\/li>\n<li>Prot\u00e8ge \u00e9galement contre les rayonnements du soleil (UV).<\/li>\n<\/ul>\n<h3><strong>Comment utiliser ce cosm\u00e9tique en gros ?\u00a0<\/strong><\/h3>\n<p>L\u2019utilisation de ce\u00a0<strong>pain solide\u00a0<\/strong>est tr\u00e8s simple :<\/p>\n<ol>\n<li>Rincer le corps et\/ou le visage \u00e0 l\u2019eau claire ;<\/li>\n<li>Humidifier le savon et le faire mousser entre les mains\u00a0;<\/li>\n<li>Appliquer sur la peau et masser d\u00e9licatement par de petits mouvements circulaires, en \u00e9vitant le contour des yeux ;<\/li>\n<li>Rincer abondamment, puis s\u00e9cher enfin en tapotant.<\/li>\n<\/ol>\n<p>N\u2019h\u00e9sitez pas \u00e9galement \u00e0 proposer un s\u00e9rum \u00e0 l\u2019<strong><a href=\"https:\/\/ventesengros.fr\/nl\/product-category\/alimentation\/huile-dargan\/\">huile d\u2019argan<\/a>\u00a0<\/strong>afin d\u2019hydrater la peau suite \u00e0 ce soin.<\/p>","protected":false},"excerpt":{"rendered":"<p>Nous vous proposons ce savon au lait de ch\u00e8vre 100% naturel vendu\u00a0<strong><span style=\"color: #0000ff;\">per pak van 12 zepen.<\/span><\/strong><\/p>\n<p><b>Kleinhandel zeep prijs :<\/b>\u00a0<strong><span style=\"color: #ff0000;\">0,97<\/span><\/strong><strong><span style=\"color: #ff0000;\">\u20ac<\/span><\/strong><\/p>","protected":false},"featured_media":39518,"template":"","meta":[],"product_brand":[],"product_cat":[59,200],"product_tag":[],"class_list":{"0":"post-39517","1":"product","2":"type-product","3":"status-publish","4":"has-post-thumbnail","6":"product_cat-soin-et-bien-etre","7":"product_cat-savon-soin-et-bien-etre","9":"first","10":"instock","11":"shipping-taxable","12":"purchasable","13":"product-type-simple"},"_links":{"self":[{"href":"https:\/\/ventesengros.fr\/nl\/wp-json\/wp\/v2\/product\/39517","targetHints":{"allow":["GET"]}}],"collection":[{"href":"https:\/\/ventesengros.fr\/nl\/wp-json\/wp\/v2\/product"}],"about":[{"href":"https:\/\/ventesengros.fr\/nl\/wp-json\/wp\/v2\/types\/product"}],"wp:featuredmedia":[{"embeddable":true,"href":"https:\/\/ventesengros.fr\/nl\/wp-json\/wp\/v2\/media\/39518"}],"wp:attachment":[{"href":"https:\/\/ventesengros.fr\/nl\/wp-json\/wp\/v2\/media?parent=39517"}],"wp:term":[{"taxonomy":"product_brand","embeddable":true,"href":"https:\/\/ventesengros.fr\/nl\/wp-json\/wp\/v2\/product_brand?post=39517"},{"taxonomy":"product_cat","embeddable":true,"href":"https:\/\/ventesengros.fr\/nl\/wp-json\/wp\/v2\/product_cat?post=39517"},{"taxonomy":"product_tag","embeddable":true,"href":"https:\/\/ventesengros.fr\/nl\/wp-json\/wp\/v2\/product_tag?post=39517"}],"curies":[{"name":"wp","href":"https:\/\/api.w.org\/{rel}","templated":true}]}}