{"id":3878,"date":"2014-06-04T17:09:48","date_gmt":"2014-06-04T16:09:48","guid":{"rendered":"http:\/\/pietra-communication.com\/ventesengros.fr\/?post_type=product&#038;p=3878"},"modified":"2026-04-28T16:52:29","modified_gmt":"2026-04-28T15:52:29","slug":"masque-ghassoul-a-la-rose","status":"publish","type":"product","link":"https:\/\/ventesengros.fr\/nl\/grossiste\/masque-ghassoul-a-la-rose\/","title":{"rendered":"Roos Ghassoul Masker (200g) - verpakking van 12 potten"},"content":{"rendered":"<p><strong>Hoe te gebruiken:<\/strong><\/p>\n<p>M\u00e9langer une quantit\u00e9 suffisante avec de l&rsquo;eau de rose afin d&rsquo;obtenir une p\u00e2te l\u00e9g\u00e8re, puis appliquer sur les cheveux.<\/p>\n<p>Laver les cheveux \u00e0 l&rsquo;eau ti\u00e8de.<\/p>\n<p><strong>\u00a0<\/strong><\/p>\n<p><b>Merknaam:<\/b>\u00a0\u00a0Ifoulky<\/p>\n<p><b>Herkomst:<\/b>Marokko<\/p>\n<p><b>Gewicht:<\/b>200g<\/p>","protected":false},"excerpt":{"rendered":"<p>Wij bieden u deze <strong>Ghassoul \u00e0 la rose 200g\u00a0<\/strong>verkocht in verpakkingen van 12.<\/p>\n<p>Prix de vente conseiller : \u00a06,90\u20ac-7,90\u20ac euros.<\/p>\n<p>1 kavel :\u00a0<span style=\"color: #0ad227;\">2,39\/stuk X 12 = \u20ac28,68<\/span><\/p>\n<p>&nbsp;<\/p>","protected":false},"featured_media":81433,"template":"","meta":[],"product_brand":[],"product_cat":[59,402],"product_tag":[258,426,974,162],"class_list":{"0":"post-3878","1":"product","2":"type-product","3":"status-publish","4":"has-post-thumbnail","6":"product_cat-soin-et-bien-etre","7":"product_cat-argile-ghassoul","8":"product_tag-en-gros","9":"product_tag-ghassoul-a-la-rose","10":"product_tag-grossiste","11":"product_tag-masque","12":"pa_lot-158","13":"pa_lot-160","14":"pa_lot-159","16":"first","17":"instock","18":"shipping-taxable","19":"purchasable","20":"product-type-simple"},"_links":{"self":[{"href":"https:\/\/ventesengros.fr\/nl\/wp-json\/wp\/v2\/product\/3878","targetHints":{"allow":["GET"]}}],"collection":[{"href":"https:\/\/ventesengros.fr\/nl\/wp-json\/wp\/v2\/product"}],"about":[{"href":"https:\/\/ventesengros.fr\/nl\/wp-json\/wp\/v2\/types\/product"}],"wp:featuredmedia":[{"embeddable":true,"href":"https:\/\/ventesengros.fr\/nl\/wp-json\/wp\/v2\/media\/81433"}],"wp:attachment":[{"href":"https:\/\/ventesengros.fr\/nl\/wp-json\/wp\/v2\/media?parent=3878"}],"wp:term":[{"taxonomy":"product_brand","embeddable":true,"href":"https:\/\/ventesengros.fr\/nl\/wp-json\/wp\/v2\/product_brand?post=3878"},{"taxonomy":"product_cat","embeddable":true,"href":"https:\/\/ventesengros.fr\/nl\/wp-json\/wp\/v2\/product_cat?post=3878"},{"taxonomy":"product_tag","embeddable":true,"href":"https:\/\/ventesengros.fr\/nl\/wp-json\/wp\/v2\/product_tag?post=3878"}],"curies":[{"name":"wp","href":"https:\/\/api.w.org\/{rel}","templated":true}]}}