{"id":38352,"date":"2020-04-23T14:12:37","date_gmt":"2020-04-23T13:12:37","guid":{"rendered":"https:\/\/ventesengros.fr\/?post_type=product&#038;p=38352"},"modified":"2024-09-23T07:27:37","modified_gmt":"2024-09-23T06:27:37","slug":"huile-de-roquette-en-gros","status":"publish","type":"product","link":"https:\/\/ventesengros.fr\/nl\/grossiste\/huile-de-roquette-en-gros\/","title":{"rendered":"Rucola olie (per liter of 60ml\/120ml fles)"},"content":{"rendered":"<p>Vous ne r\u00eavez pas, l\u2019huile de roquette est bien issue de la feuille de salade aux notes poivr\u00e9es. Obtenue par le m\u00eame proc\u00e9d\u00e9 que l\u2019huile de carotte, il s\u2019agit d\u2019un mac\u00e9r\u00e2t de racines de roquette tremp\u00e9 dans une solution huileuse. Souvent, il s\u2019agit d\u2019huile de tournesol.<\/p>\n<h2><b>L\u2019huile de roquette\u00a0: un fortifiant naturel pour les cheveux<\/b><\/h2>\n<p>Comme beaucoup d\u2019huile sur le march\u00e9, cette huile est une bienfaitrice qui fait sublimer la fibre capillaire. En effet, elle permet de nourrir le cuir chevelu sec en lui donnant du volume et en le faisant briller. De plus, elle ralentit la chute des cheveux et stimule \u00e9galement la pousse. C\u2019est essentiellement la fonction qu\u2019elle exerce sur la beaut\u00e9.<\/p>\n<p>Il est important de savoir que cette huile la fibre capillaire et permet de r\u00e9parer les fourches. Elle s\u2019utilise souvent en compl\u00e9ment d\u2019<a href=\"https:\/\/www.ricinshop.com\" target=\"_blank\" rel=\"noopener noreferrer\"><strong>ricinusolie<\/strong><\/a>.<\/p>\n<p>Cependant, l\u2019huile de roquette est \u00e9galement reconnue en aromath\u00e9rapie. Son action antimicrobienne et d\u00e9toxifiante est b\u00e9n\u00e9fique pour la sant\u00e9.<\/p>\n<h2><b>La roquette dans l\u2019alimentation<\/b><\/h2>\n<p>La salade est \u00e9galement bonne pour l\u2019organisme. Contrairement \u00e0 cette huile, elle est tr\u00e8s riche en acides gras polyinsatur\u00e9s. Elle permet de renforcer l\u2019activit\u00e9 cardiaque. Riche en fer, il est recommand\u00e9 d\u2019en consommer pour les personnes souffrant d\u2019an\u00e9mie. Les feuilles comme l\u2019huile de roquette peuvent \u00eatre utilis\u00e9es dans l\u2019alimentation. Elles vont toutes les deux donner du go\u00fbt \u00e0 la nourriture. D\u2019ailleurs, ce qui est le plus appr\u00e9ci\u00e9 dans la roquette, c\u2019est son go\u00fbt poivr\u00e9. Celui-ci donne du caract\u00e8re \u00e0 la salade et se marie \u00e0 merveille avec les l\u00e9gumes coutumiers que l\u2019on retrouve dans nos salades.<\/p>\n<p>L\u2019huile de roquette aurait \u00e9galement un pouvoir diur\u00e9tique et permettrait de faire baisser l\u2019effet de la nicotine dans l\u2019organisme. Elle aurait aussi un pouvoir aphrodisiaque et stimulerait la libido.<\/p>\n<p>Mais ne l\u2019oubliez pas, l\u2019action premi\u00e8re de la roquette, c\u2019est son action sur les cheveux.<\/p>\n<p>Niet-contractuele foto<\/p>\n<p>Al onze producten zijn verkrijgbaar in white label (<a href=\"https:\/\/ventesengros.fr\/nl\/contact\/\"><strong>op aanvraag<\/strong><\/a>)<\/p>\n<p>Dalende prijs over 10 kavels korting van 10% (<a href=\"https:\/\/ventesengros.fr\/nl\/contact\/\"><strong>op offerte<\/strong><\/a>)<\/p>","protected":false},"excerpt":{"rendered":"<p>Nous vous proposons cette huile de roquette en <strong><span style=\"color: #0000ff;\">bouteille 1 litre ou 12 flacons 60 ml\u00a0\/ 120ml<\/span><\/strong> met of zonder label. <strong>Tapering prijzen.<\/strong><\/p>\n<ul>\n<li><b>Prijs per liter <span class=\"Apple-converted-space\">\u00a0 <\/span>:<\/b>\u00a0<span style=\"color: #ff0000;\"><strong>24,90\u20ac<\/strong><\/span><\/li>\n<li><b>Prix de la bouteille 120ml <span class=\"Apple-converted-space\">\u00a0 <\/span>:<\/b>\u00a0<strong><span style=\"color: #ff0000;\">5,39\u20ac<\/span><\/strong><\/li>\n<li><b>Prix de la bouteille 60ml <span class=\"Apple-converted-space\">\u00a0 <\/span>:<\/b>\u00a0<span style=\"color: #ff0000;\"><strong>3,49\u20ac<\/strong><\/span><\/li>\n<\/ul>\n<p><span style=\"color: #ff0000;\"><b>Voor meer dan 3 loten, kies een hoeveelheid in het winkelmandje.<\/b><\/span><\/p>\n<p>Ontvang een korting van 10% op bestellingen van meer dan 10 lots (<span style=\"color: #ff0000;\"><a style=\"color: #ff0000;\" href=\"https:\/\/ventesengros.fr\/nl\/contact\/\"><strong>contact met ons opnemen<\/strong><\/a><\/span>).<\/p>","protected":false},"featured_media":38364,"template":"","meta":[],"product_brand":[],"product_cat":[59,290,201,606],"product_tag":[],"class_list":{"0":"post-38352","1":"product","2":"type-product","3":"status-publish","4":"has-post-thumbnail","6":"product_cat-soin-et-bien-etre","7":"product_cat-autre","8":"product_cat-huiles-soin-et-bien-etre","9":"product_cat-vrac-par-litre","10":"pa_lot-1-lot-1-litre-2490e-le-litre","11":"pa_lot-1-lot-12-bouteilles-120ml-589e-la-bouteille","12":"pa_lot-1-lot-12-bouteilles-60ml-389e-la-bouteille","13":"pa_lot-2-lots-2-litres-2390e-le-litre","14":"pa_lot-2-lots-24-bouteilles-369e-la-bouteille","15":"pa_lot-2-lot-24-bouteilles-120ml-569e-la-bouteille","16":"pa_lot-3-lots-3-litres-2290e-le-litre","17":"pa_lot-3-lot-36-bouteilles-120ml-539e-la-bouteille","18":"pa_lot-3-lots-36-bouteilles-60ml-349e-la-bouteille","20":"first","21":"instock","22":"shipping-taxable","23":"purchasable","24":"product-type-variable"},"_links":{"self":[{"href":"https:\/\/ventesengros.fr\/nl\/wp-json\/wp\/v2\/product\/38352","targetHints":{"allow":["GET"]}}],"collection":[{"href":"https:\/\/ventesengros.fr\/nl\/wp-json\/wp\/v2\/product"}],"about":[{"href":"https:\/\/ventesengros.fr\/nl\/wp-json\/wp\/v2\/types\/product"}],"wp:featuredmedia":[{"embeddable":true,"href":"https:\/\/ventesengros.fr\/nl\/wp-json\/wp\/v2\/media\/38364"}],"wp:attachment":[{"href":"https:\/\/ventesengros.fr\/nl\/wp-json\/wp\/v2\/media?parent=38352"}],"wp:term":[{"taxonomy":"product_brand","embeddable":true,"href":"https:\/\/ventesengros.fr\/nl\/wp-json\/wp\/v2\/product_brand?post=38352"},{"taxonomy":"product_cat","embeddable":true,"href":"https:\/\/ventesengros.fr\/nl\/wp-json\/wp\/v2\/product_cat?post=38352"},{"taxonomy":"product_tag","embeddable":true,"href":"https:\/\/ventesengros.fr\/nl\/wp-json\/wp\/v2\/product_tag?post=38352"}],"curies":[{"name":"wp","href":"https:\/\/api.w.org\/{rel}","templated":true}]}}