{"id":38301,"date":"2020-04-18T18:03:32","date_gmt":"2020-04-18T17:03:32","guid":{"rendered":"https:\/\/ventesengros.fr\/?post_type=product&#038;p=38301"},"modified":"2025-01-16T13:23:40","modified_gmt":"2025-01-16T12:23:40","slug":"huile-de-nigelle-habachia-en-gros","status":"publish","type":"product","link":"https:\/\/ventesengros.fr\/nl\/grossiste\/huile-de-nigelle-habachia-en-gros\/","title":{"rendered":"Ethiopische zwarte komijnolie (Habachia) (per liter of flesje van 60 ml)"},"content":{"rendered":"<p>L\u2019huile de nigelle habachia, c\u2019est le summum de l\u2019huile de cumin noir. Un savoir-faire ancestral qui en fait la meilleure solution ol\u00e9agineuse cosm\u00e9tique et alimentaire de la s\u00e9rie. Nous vous expliquons donc pourquoi l\u2019huile de nigelle habachya d\u00e9passe ses concurrentes. Mais aussi d\u2019o\u00f9 tient-elle les cl\u00e9s de la r\u00e9ussite en mati\u00e8re de label.<\/p>\n<h2><b>L\u2019huile de nigelle habachia\u00a0: un produit de terroir<\/b><\/h2>\n<p>L\u2019huile de nigelle habachya c\u2019est un peu ce que l\u2019on retrouve sous les labels AOP en France. Tout le contraire du produit manufactur\u00e9. Il s\u2019agit d\u2019un savoir-faire ancien, reconnu qui tire sa r\u00e9v\u00e9rence dans un mode d\u2019extraction artisanale.<\/p>\n<p>L\u2019huile de nigelle habachya repr\u00e9sente donc tout le contraire des modes de production industrielle \u00e0 la cha\u00eene. Elle est typique de l\u2019\u00c9thiopie car dans cette r\u00e9gion de l\u2019Afrique de l\u2019est, la fleur de nigella sativa abonde merveilleusement. La profusion des fleurs de cumin noir est une aubaine pour la production d\u2019huile de nigelle habachya. Elles permettent aussi de d\u00e9velopper la production de miel de nigelle. Sur les hauts plateaux \u00e9thiopiens, il est d\u2019ailleurs coutume de mettre dans le caf\u00e9 matinal des gouttes d\u2019huile de graine noire. Ces deux produits repr\u00e9sentent l\u2019identit\u00e9 culturelle de ce pays autrefois nomm\u00e9 la \u00ab\u00a0habacha\u00a0\u00bb. Une terre int\u00e9gr\u00e9e \u00e0 la basse \u00c9gypte et qui a fait d\u00e9couvrir aux pharaons les secrets de l\u2019huile de graine noire.<\/p>\n<h2><b>La pression \u00e0 froid, le secret bien gard\u00e9 de la c\u00e9l\u00e8bre huile \u00e9thiopienne<\/b><\/h2>\n<p>L\u2019huile de nigelle habachya est exclusivement press\u00e9e \u00e0 froid. Ce qui permet de garder toutes les propri\u00e9t\u00e9s et les nutriments inh\u00e9rents \u00e0 ce produit int\u00e9ressant. Sans \u00eatre alt\u00e9r\u00e9e, elle est faite uniquement \u00e0 partir de graines de nigelle. Le processus de fabrication est simple. Les graines de <a href=\"https:\/\/www.la-nigelle.com\/produit-categorie\/graine-de-nigelle\/\" target=\"_blank\" rel=\"noopener noreferrer\"><strong>habba sawda<\/strong><\/a> sont chauff\u00e9es \u00e0 une temp\u00e9rature inf\u00e9rieure \u00e0 80 degr\u00e9s. Car au-dessus de ce seuil, le principe actif de l\u2019huile de nigelle habachia s\u2019\u00e9vapore. Ce secret de taille est la recette authentique qui a perdur\u00e9 dans le temps. En effet, la majorit\u00e9 des huiles de cumin noir sont obsol\u00e8tes \u00e0 cause du d\u00e9passement de temp\u00e9rature.<\/p>\n<p>Cette technique bien conserv\u00e9e va permettre de faire ressortir g\u00e9n\u00e9reusement les substances huileuses en surface. C\u2019est donc \u00e0 ce moment crucial que les graines de nigelle vont \u00eatre press\u00e9es pour laisser place \u00e0 l\u2019huile g\u00e9n\u00e9reuse que nous connaissons tous.<\/p>\n<p>L\u2019huile de nigelle habachya n\u2019est ni plus ni moins qu\u2019un processus de cuisson ma\u00eetris\u00e9e. A cela s\u2019ajoute, un \u00e9cosyst\u00e8me favorable \u00e0 la culture de la plante de cumin noir.<\/p>\n<p>Tout ceci est \u00e0 la base de l\u2019extr\u00eame richesse de l\u2019huile de nigelle \u00e9thiopienne en vitamine E, thimoquinone et nigellone.<\/p>\n<p>Bien que l\u2019huile de nigelle habachia contiennent d\u2019autres nutriments, ces trois composants sont ceux qui priment dans la recette. En effet, \u00e0 eux seuls, ils permettent en cosm\u00e9tique de r\u00e9g\u00e9n\u00e9rer et hydrater la peau. Et en termes de sant\u00e9, de stimuler le syst\u00e8me immunitaire sous forme de solution \u00e0 boire.<\/p>\n<p>Tous les bienfaits de cette huile prestigieuse sont pr\u00e9sents au c\u0153ur de la recette \u00e9thiopienne. Ce qui en fait un v\u00e9ritable m\u00e9dicament pour l\u2019organisme.<\/p>\n<p>Niet-contractuele foto<\/p>\n<p>Al onze producten zijn verkrijgbaar in white label (<a href=\"https:\/\/ventesengros.fr\/nl\/contact\/\"><strong>op aanvraag<\/strong><\/a>)<\/p>\n<p>Dalende prijs over 10 kavels korting van 10% (<a href=\"https:\/\/ventesengros.fr\/nl\/contact\/\"><strong>op offerte<\/strong><\/a>)<\/p>","protected":false},"excerpt":{"rendered":"<p>Nous vous proposons cette huile de nigelle habachia en <strong><span style=\"color: #0000ff;\">bouteille 1 litre ou 12 flacons 60 ml<\/span><\/strong>. <strong>Tapering prijzen.<\/strong><\/p>\n<ul>\n<li><b>Prijs per liter <span class=\"Apple-converted-space\">\u00a0 <\/span>: <\/b>\u00a0<strong><span style=\"color: #ff0000;\">55 \u20ac<\/span><\/strong><\/li>\n<li><b>Prix de la bouteille en 60ml\u00a0<span class=\"Apple-converted-space\">\u00a0 <\/span>: <\/b>\u00a0<span style=\"color: #ff0000;\"><strong>6,49 \u20ac<\/strong><\/span><\/li>\n<\/ul>\n<p><span style=\"color: #ff0000;\"><b>Voor meer dan 3 loten, kies een hoeveelheid in het winkelmandje.<\/b><\/span><\/p>\n<p>Ontvang een korting van 10% op bestellingen van meer dan 10 lots (<span style=\"color: #ff0000;\"><a style=\"color: #ff0000;\" href=\"https:\/\/ventesengros.fr\/nl\/contact\/\"><strong>contact met ons opnemen<\/strong><\/a><\/span>).<\/p>","protected":false},"featured_media":38392,"template":"","meta":[],"product_brand":[],"product_cat":[59,290,1371,201,606],"product_tag":[],"class_list":{"0":"post-38301","1":"product","2":"type-product","3":"status-publish","4":"has-post-thumbnail","6":"product_cat-soin-et-bien-etre","7":"product_cat-autre","8":"product_cat-huile-de-nigelle","9":"product_cat-huiles-soin-et-bien-etre","10":"product_cat-vrac-par-litre","11":"pa_lot-1-lot-1-litre-56e-le-litre","12":"pa_lot-1-lot-12-bouteilles-60ml-699e-la-bouteille","13":"pa_lot-2-lot-2-litres-3240e-le-litre","14":"pa_lot-2-lots-24-bouteilles-60ml-669e-la-bouteille","15":"pa_lot-3-lots-3-litres-3190e-le-litre","16":"pa_lot-3-lots-36-bouteilles-60ml-649e-la-bouteille","18":"first","19":"instock","20":"shipping-taxable","21":"purchasable","22":"product-type-variable"},"_links":{"self":[{"href":"https:\/\/ventesengros.fr\/nl\/wp-json\/wp\/v2\/product\/38301","targetHints":{"allow":["GET"]}}],"collection":[{"href":"https:\/\/ventesengros.fr\/nl\/wp-json\/wp\/v2\/product"}],"about":[{"href":"https:\/\/ventesengros.fr\/nl\/wp-json\/wp\/v2\/types\/product"}],"wp:featuredmedia":[{"embeddable":true,"href":"https:\/\/ventesengros.fr\/nl\/wp-json\/wp\/v2\/media\/38392"}],"wp:attachment":[{"href":"https:\/\/ventesengros.fr\/nl\/wp-json\/wp\/v2\/media?parent=38301"}],"wp:term":[{"taxonomy":"product_brand","embeddable":true,"href":"https:\/\/ventesengros.fr\/nl\/wp-json\/wp\/v2\/product_brand?post=38301"},{"taxonomy":"product_cat","embeddable":true,"href":"https:\/\/ventesengros.fr\/nl\/wp-json\/wp\/v2\/product_cat?post=38301"},{"taxonomy":"product_tag","embeddable":true,"href":"https:\/\/ventesengros.fr\/nl\/wp-json\/wp\/v2\/product_tag?post=38301"}],"curies":[{"name":"wp","href":"https:\/\/api.w.org\/{rel}","templated":true}]}}