{"id":38253,"date":"2020-04-14T12:20:23","date_gmt":"2020-04-14T11:20:23","guid":{"rendered":"https:\/\/ventesengros.fr\/?post_type=product&#038;p=38253"},"modified":"2022-06-30T23:04:33","modified_gmt":"2022-06-30T22:04:33","slug":"huile-doignon","status":"publish","type":"product","link":"https:\/\/ventesengros.fr\/nl\/grossiste\/huile-doignon\/","title":{"rendered":"Uienolie (per liter of flesje van 60ml\/120ml)"},"content":{"rendered":"<p>D\u00e9couvrez les vertus d\u2019un excellent soin capillaire avec l\u2019huile d\u2019oignon. Encore un cosm\u00e9tique naturel dont la relation qualit\u00e9 prix est prouv\u00e9e. C\u2019est essentiellement cette huile qui va permettre d\u2019apporter une brillance in\u00e9gal\u00e9e \u00e0 votre cuir chevelu.<\/p>\n<h2><b>L\u2019huile d\u2019oignon\u00a0: un apport en k\u00e9ratine cons\u00e9quent<\/b><\/h2>\n<p>L\u2019huile d\u2019oignon est qualitative. Ne croyez pas qu\u2019elle soit r\u00e9alis\u00e9e avec des filets de l\u00e9gumes \u00e0 prix discount. Les cosm\u00e9tologues ont convenu que l\u2019huile d\u2019oignon soit r\u00e9alis\u00e9e \u00e0 partir du bulbe de l\u2019oignon rouge. C\u2019est-\u00e0-dire une des esp\u00e8ces d\u2019alliac\u00e9 reconnue pour sa qualit\u00e9 sup\u00e9rieure. Et c\u2019est d\u2019ailleurs, cet oignon pr\u00e9cis qui va donner tout le pouvoir que l\u2019on attend de l\u2019huile d\u2019oignon. Pourquoi\u00a0? Parce que la vari\u00e9t\u00e9 rouge est riche en soufre. C\u2019est essentiellement cet apport qui constitue force et vitalit\u00e9 aux cheveux.<\/p>\n<p>En effet, le soufre contenu dans l\u2019huile d\u2019oignon est la substance prot\u00e9ique contenu dans la k\u00e9ratine.\u00a0Cette substance naturelle produit par les cheveux et les ongles qui renforce ces deux parties du corps. D\u00e9couvrez aussi l&rsquo;<a href=\"https:\/\/ventesengros.fr\/nl\/grossiste\/dail-olie\/\"><strong>huile d&rsquo;ail<\/strong><\/a> !<\/p>\n<h2><b>Alors vous \u00eates plut\u00f4t k\u00e9ratine ou pas du tout\u00a0?<\/b><\/h2>\n<p>Bref, la k\u00e9ratine est donc une substance naturelle produite par nos cheveux et nos ongles. Donc l\u2019huile d\u2019oignon va conforter cette action et stimuler la pousse des cheveux. Elle va aussi permettre un tant soit peu de lutter contre la chute de cheveux. Donc si vous souhaitez une croissance rapide pour vos cheveux, l\u2019<a href=\"https:\/\/manelya.com\/produit\/huile-doignon\/\" rel=\"noopener\"><strong>huile d\u2019oignon<\/strong><\/a> est id\u00e9ale. Pour les personnes ayant un d\u00e9but de calvitie, l\u2019usage de cette huile est tout aussi efficace. Cependant son usage doit se faire au d\u00e9but de la phase de non-repousse.<\/p>\n<p>Les autres effets d\u00e9sirables de cette huile sont visibles sur la sant\u00e9 capillaire. Elle permet de lutter efficacement contre la prolif\u00e9ration des pellicules. Cette action est possible gr&lt;\u00e2ce \u00e0 son pouvoir assainissant. Car il est vrai que les pellicules ne disparaissent pas en claquant des doigts. Elles sont souvent le r\u00e9sultat de facteurs ext\u00e9rieurs.<\/p>\n<p>Al onze producten zijn verkrijgbaar in white label (<a href=\"https:\/\/ventesengros.fr\/nl\/contact\/\"><strong>op aanvraag<\/strong><\/a>)<\/p>\n<p>Dalende prijs over 10 kavels korting van 10% (<a href=\"https:\/\/ventesengros.fr\/nl\/contact\/\"><strong>op offerte<\/strong><\/a>)<\/p>\n<p>Niet-contractuele foto<\/p>","protected":false},"excerpt":{"rendered":"<p>Nous vous proposons cette huile d&rsquo;oignon en <strong><span style=\"color: #0000ff;\">1-literfles of 12 x 60ml \/ 120ml flessen. <\/span><span style=\"color: #000000;\">Tapering prijzen.<\/span><\/strong><\/p>\n<ul>\n<li><b>Prijs per liter <span class=\"Apple-converted-space\">\u00a0 <\/span>:<\/b>\u00a0<span style=\"color: #ff0000;\"><strong>22,90\u20ac<\/strong><\/span><\/li>\n<li><b>Prix de la bouteille 120ml <span class=\"Apple-converted-space\">\u00a0 <\/span>:<\/b>\u00a0<strong><span style=\"color: #ff0000;\">5,39\u20ac<\/span><\/strong><\/li>\n<li><b>Prix de la bouteille 60ml <span class=\"Apple-converted-space\">\u00a0 <\/span>:<\/b>\u00a0<span style=\"color: #ff0000;\"><strong>3,49\u20ac<\/strong><\/span><\/li>\n<\/ul>\n<p><span style=\"color: #ff0000;\"><b>Voor meer dan 3 loten, kies een hoeveelheid in het winkelmandje.<\/b><\/span><\/p>\n<p>Ontvang een korting van 10% op bestellingen van meer dan 10 lots (<span style=\"color: #ff0000;\"><a style=\"color: #ff0000;\" href=\"https:\/\/ventesengros.fr\/nl\/contact\/\"><strong>contact met ons opnemen<\/strong><\/a><\/span>).<\/p>","protected":false},"featured_media":38264,"template":"","meta":[],"product_brand":[],"product_cat":[59,290,201,606],"product_tag":[],"class_list":{"0":"post-38253","1":"product","2":"type-product","3":"status-publish","4":"has-post-thumbnail","6":"product_cat-soin-et-bien-etre","7":"product_cat-autre","8":"product_cat-huiles-soin-et-bien-etre","9":"product_cat-vrac-par-litre","10":"pa_lot-1-lot-1-litre-2490e-le-litre","11":"pa_lot-1-lot-12-bouteilles-120ml-589e-la-bouteille","12":"pa_lot-1-lot-12-bouteilles-60ml-389e-la-bouteille","13":"pa_lot-2-lots-2-litres-2390e-le-litre","14":"pa_lot-2-lot-24-bouteilles-120ml-569e-la-bouteille","15":"pa_lot-2-lots-24-bouteilles-60ml-369e-la-bouteille","16":"pa_lot-3-lots-3-litres-2290e-le-litre","17":"pa_lot-3-lot-36-bouteilles-120ml-539e-la-bouteille","18":"pa_lot-3-lots-36-bouteilles-60ml-349e-la-bouteille","20":"first","21":"instock","22":"shipping-taxable","23":"purchasable","24":"product-type-variable"},"_links":{"self":[{"href":"https:\/\/ventesengros.fr\/nl\/wp-json\/wp\/v2\/product\/38253","targetHints":{"allow":["GET"]}}],"collection":[{"href":"https:\/\/ventesengros.fr\/nl\/wp-json\/wp\/v2\/product"}],"about":[{"href":"https:\/\/ventesengros.fr\/nl\/wp-json\/wp\/v2\/types\/product"}],"wp:featuredmedia":[{"embeddable":true,"href":"https:\/\/ventesengros.fr\/nl\/wp-json\/wp\/v2\/media\/38264"}],"wp:attachment":[{"href":"https:\/\/ventesengros.fr\/nl\/wp-json\/wp\/v2\/media?parent=38253"}],"wp:term":[{"taxonomy":"product_brand","embeddable":true,"href":"https:\/\/ventesengros.fr\/nl\/wp-json\/wp\/v2\/product_brand?post=38253"},{"taxonomy":"product_cat","embeddable":true,"href":"https:\/\/ventesengros.fr\/nl\/wp-json\/wp\/v2\/product_cat?post=38253"},{"taxonomy":"product_tag","embeddable":true,"href":"https:\/\/ventesengros.fr\/nl\/wp-json\/wp\/v2\/product_tag?post=38253"}],"curies":[{"name":"wp","href":"https:\/\/api.w.org\/{rel}","templated":true}]}}