{"id":38228,"date":"2020-05-07T10:48:41","date_gmt":"2020-05-07T09:48:41","guid":{"rendered":"https:\/\/ventesengros.fr\/?post_type=product&#038;p=38228"},"modified":"2023-06-22T12:18:32","modified_gmt":"2023-06-22T11:18:32","slug":"huile-de-carotte","status":"publish","type":"product","link":"https:\/\/ventesengros.fr\/nl\/grossiste\/huile-de-carotte\/","title":{"rendered":"Wortelolie (per liter of flesje van 60ml\/120ml)"},"content":{"rendered":"<p>Il peut para\u00eetre surprenant qu\u2019un l\u00e9gume exerce des bienfaits sur la peau. Dans le cas de l\u2019huile de carotte, cette th\u00e8se tient tout \u00e0 fait la route. Et vous allez vite comprendre les atouts de cette huile qui r\u00e9v\u00e8le tant d\u2019atouts pour la vitalit\u00e9 de la peau.<\/p>\n<h2><b>L\u2019huile de carotte cheveux : tr\u00e8s riche en b\u00e9ta carot\u00e8ne.<\/b><\/h2>\n<p>L\u2019huile de carotte n\u2019est autre qu\u2019une pr\u00e9paration ol\u00e9agineuse obtenue \u00e0 partir<span class=\"Apple-converted-space\">\u00a0 <\/span>d\u2019une mac\u00e9ration de racines de carottes. Ces derni\u00e8res sont par la suite m\u00e9lang\u00e9es \u00e0 une huile basique comme le tournesol. Dans l\u2019huile de carotte, les racines sont \u00e0 la base du l\u00e9gume. Elles poss\u00e8dent tous les nutriments et concentr\u00e9s qui ont aid\u00e9 le l\u00e9gume \u00e0 pousser. Comme tous les l\u00e9gumes de couleur orange, l\u2019huile de carotte est tr\u00e8s riche en b\u00e9ta carot\u00e8ne. Ce nutriment est ce que l\u2019on appelle en l\u2019esp\u00e8ce la vitamine pro A qui s\u2019assimile tr\u00e8s bien avec la vitamine E. La carotte est la seconde esp\u00e8ce de l\u00e9gume la plus concentr\u00e9e en b\u00e9ta carot\u00e8ne juste derri\u00e8re la patate douce et avant le potiron. La mangue en poss\u00e8de aussi en quantit\u00e9. C\u2019est donc essentiellement cette substance pr\u00e9sente dans l\u2019huile de carotte qui va <a href=\"https:\/\/www.kardoune-cheveux.com\/produit\/huile-de-carotte\/\" target=\"_blank\" rel=\"noopener\"><strong>d\u00e9terminer les bienfaits pour la peau et les cheveux<\/strong><\/a>.<\/p>\n<h2><b>La vitamine pro A\u00a0: un r\u00f4le d\u00e9terminant pour la peau<\/b><\/h2>\n<p>Dans l&rsquo;huile orange, cette vitamine est celle qui va donner un teint excellent au visage et \u00e0 la peau. D\u2019ailleurs, on parle dans le jargon esth\u00e9tique de \u00ab\u00a0bonne mine\u00a0\u00bb.<\/p>\n<p>Son action auto-bronzante permet \u00e0 la peau de profiter des rayons ultraviolets et de faire un petit plein de couleur en toute modestie. Elle joue donc un r\u00f4le dans la pigmentation de la <a href=\"https:\/\/ventesengros.fr\/nl\/grossiste\/peau-de-grenade-poudre-kilo\/\"><strong>peau<\/strong><\/a>. Elle participe \u00e9galement au renouveau cellulaire de la peau et des muqueuses. Cette action permet de lutter contre le vieillissement cutan\u00e9.<\/p>\n<p>Voici donc les fonctions essentielles de cette huile orange en quelques mots\u00a0: aide au bronzage et action antioxydante.<\/p>","protected":false},"excerpt":{"rendered":"<p>Deze wortelolie is verkrijgbaar in <span style=\"color: #0000ff;\"><b>bouteille 1 litre ou 12 flacons 60 ml\u00a0\/ 120ml<\/b>.<\/span><\/p>\n<p><span style=\"color: #000000;\"><strong>Tapering prijs<\/strong>.<\/span><\/p>\n<ul>\n<li><b>Prijs per liter <span class=\"Apple-converted-space\">\u00a0 <\/span>:<\/b>\u00a0<span style=\"color: #ff0000;\"><strong>22,90\u20ac<\/strong><\/span><\/li>\n<li><b>Prix de la bouteille 120ml <span class=\"Apple-converted-space\">\u00a0 <\/span>:<\/b>\u00a0<strong><span style=\"color: #ff0000;\">5,39\u20ac<\/span><\/strong><\/li>\n<li><b>Prix de la bouteille 60ml <span class=\"Apple-converted-space\">\u00a0 <\/span>:<\/b>\u00a0<span style=\"color: #ff0000;\"><strong>3,49\u20ac<\/strong><\/span><\/li>\n<\/ul>\n<p><span style=\"color: #ff0000;\"><b>Voor meer dan 3 loten, kies een hoeveelheid in het winkelmandje.<\/b><\/span><\/p>\n<p>Ontvang een korting van 10% op bestellingen van meer dan 10 lots (<span style=\"color: #ff0000;\"><a style=\"color: #ff0000;\" href=\"https:\/\/ventesengros.fr\/nl\/contact\/\"><strong>contact met ons opnemen<\/strong><\/a><\/span>).<\/p>","protected":false},"featured_media":38239,"template":"","meta":[],"product_brand":[],"product_cat":[59,290,201,606],"product_tag":[],"class_list":{"0":"post-38228","1":"product","2":"type-product","3":"status-publish","4":"has-post-thumbnail","6":"product_cat-soin-et-bien-etre","7":"product_cat-autre","8":"product_cat-huiles-soin-et-bien-etre","9":"product_cat-vrac-par-litre","10":"pa_lot-1-lot-1-litre-2490e-le-litre","11":"pa_lot-1-lot-12-bouteilles-120ml-589e-la-bouteille","12":"pa_lot-1-lot-12-bouteilles-60ml-389e-la-bouteille","13":"pa_lot-2-lots-2-litres-2390e-le-litre","14":"pa_lot-2-lot-24-bouteilles-120ml-569e-la-bouteille","15":"pa_lot-2-lots-24-bouteilles-60ml-369e-la-bouteille","16":"pa_lot-3-lots-3-litres-2290e-le-litre","17":"pa_lot-3-lot-36-bouteilles-120ml-539e-la-bouteille","18":"pa_lot-3-lots-36-bouteilles-60ml-349e-la-bouteille","20":"first","21":"instock","22":"shipping-taxable","23":"purchasable","24":"product-type-variable"},"_links":{"self":[{"href":"https:\/\/ventesengros.fr\/nl\/wp-json\/wp\/v2\/product\/38228","targetHints":{"allow":["GET"]}}],"collection":[{"href":"https:\/\/ventesengros.fr\/nl\/wp-json\/wp\/v2\/product"}],"about":[{"href":"https:\/\/ventesengros.fr\/nl\/wp-json\/wp\/v2\/types\/product"}],"wp:featuredmedia":[{"embeddable":true,"href":"https:\/\/ventesengros.fr\/nl\/wp-json\/wp\/v2\/media\/38239"}],"wp:attachment":[{"href":"https:\/\/ventesengros.fr\/nl\/wp-json\/wp\/v2\/media?parent=38228"}],"wp:term":[{"taxonomy":"product_brand","embeddable":true,"href":"https:\/\/ventesengros.fr\/nl\/wp-json\/wp\/v2\/product_brand?post=38228"},{"taxonomy":"product_cat","embeddable":true,"href":"https:\/\/ventesengros.fr\/nl\/wp-json\/wp\/v2\/product_cat?post=38228"},{"taxonomy":"product_tag","embeddable":true,"href":"https:\/\/ventesengros.fr\/nl\/wp-json\/wp\/v2\/product_tag?post=38228"}],"curies":[{"name":"wp","href":"https:\/\/api.w.org\/{rel}","templated":true}]}}