{"id":37747,"date":"2020-03-05T19:27:28","date_gmt":"2020-03-05T18:27:28","guid":{"rendered":"https:\/\/ventesengros.fr\/?post_type=product&#038;p=37747"},"modified":"2025-10-30T10:20:53","modified_gmt":"2025-10-30T09:20:53","slug":"chajarat-maryam-au-kilo-herbe-de-jericho-gatilier-entier","status":"publish","type":"product","link":"https:\/\/ventesengros.fr\/nl\/grossiste\/chajarat-maryam-au-kilo-herbe-de-jericho-gatilier-entier\/","title":{"rendered":"Chajarat mariam - Roos van Jericho - Shajarat Mariam - (per kilo of in zakjes van 25 g)"},"content":{"rendered":"<p>La <a href=\"https:\/\/www.ma-fertilite.com\/produit\/rose-de-jericho\" target=\"_blank\" rel=\"noopener noreferrer\"><strong>Chajarat Mariam<\/strong><\/a> ou rose de Jericho est une foug\u00e8re poussant dans les contr\u00e9es d\u00e9sertiques du Sahara et du Rio Grande. Son appellation originale en langue arabe est d\u00fb \u00e0 sa particularit\u00e9 \u00e0 reprendre vie apr\u00e8s une mort pr\u00e9matur\u00e9e.<\/p>\n<h2><b><span class=\"Apple-converted-space\">\u00a0<\/span>La rose de jericho : la plante de la R\u00e9surrection<\/b><\/h2>\n<p>Si des p\u00e8lerins chr\u00e9tiens revenant de Palestine ont fait conna\u00eetre cette plante en Europe, les populations orientales utilisent cette plante depuis des si\u00e8cles.<\/p>\n<p><span class=\"Apple-converted-space\">\u00a0<\/span>Pourtant, ce qui a fait la renomm\u00e9e de cette foug\u00e8re, c\u2019est sa particularit\u00e9 \u00e0 se revivifier en quelques heures. En effet, en milieu aride, la Chajarat Maryam se d\u00e9shydrate rapidement lorsque le manque d\u2019eau devient pr\u00e9occupant. Elle se recroqueville sur elle-m\u00eame et change de couleur jusqu\u2019\u00e0 donner l\u2019apparence d\u2019une fleur morte et inerte. Elle peut tenir ainsi durant des ann\u00e9es.<\/p>\n<p><span class=\"Apple-converted-space\">\u00a0<\/span>A la moindre goutte de pluie ou hydratation soudaine, elle red\u00e9ploye ses branches en quelques heures et r\u00e9cup\u00e8re de sa verdure. C\u2019est ce changement d\u2019\u00e9tat impressionnant qui a pouss\u00e9 les gens a donn\u00e9 \u00e0 cette plante une appellation originale.<\/p>\n<p><b>La rose de jericho pour des effets b\u00e9n\u00e9fiques sur la fertilit\u00e9, le diab\u00e8te et les allergies<\/b><\/p>\n<p>En plus de rena\u00eetre, la rose de Jericho est un rem\u00e8de pr\u00e9conis\u00e9 pour stimuler la fertilit\u00e9 des femmes tout comme le <a href=\"https:\/\/ventesengros.fr\/nl\/grossiste\/pollen-de-palmier-en-gros\/\"><strong>pollen de palmier<\/strong><\/a>. Pour les femmes \u00e9prouvant des soucis pour tomber enceinte, ses branches s\u2019utilisent sous forme de d\u00e9coction. De plus, elles seraient utiles pour diminuer la douleur<span class=\"Apple-converted-space\">\u00a0 <\/span>des contractions des femmes pr\u00eates \u00e0 accoucher.<\/p>\n<p><span class=\"Apple-converted-space\">\u00a0<\/span>Riche en flavono\u00efdes, fructose et glucose, la Chajarat Maryam permet de r\u00e9guler la glyc\u00e9mie dans le sang. En ce sens, elle est b\u00e9n\u00e9fique pour le traitement du diab\u00e8te.<\/p>\n<p><span class=\"Apple-converted-space\">\u00a0<\/span>Par ailleurs, elle agit efficacement sur les allergies d\u2019ordre oculaire. Son action est approuv\u00e9e particuli\u00e8rement dans le traitement de la conjonctivite.<\/p>\n<p><span class=\"Apple-converted-space\">\u00a0<\/span>S\u2019il y a une id\u00e9e \u00e0 retenir concernant la plante de Jericho, c\u2019est qu\u2019elle r\u00e9\u00e9merge rapidement avec quelques gouttes d\u2019eau et est une cause pour tomber enceinte.<\/p>\n<p>Niet-contractuele foto<\/p>","protected":false},"excerpt":{"rendered":"<p>Nous vous proposons la chajarat mariam <span style=\"color: #0000ff;\"><strong>verkocht per kilo of in zakjes van 25 g<\/strong><\/span>. Met of zonder label.<\/p>\n<p><b>Prijs per kilo :<\/b>\u00a0<span style=\"color: #ff0000;\"><strong>27\u20ac<\/strong><\/span><\/p>\n<p><b>Prijs per zak<span class=\"Apple-converted-space\">\u00a0<\/span>:<\/b>\u00a0<strong><span style=\"color: #ff0000;\">1,50\u20ac<\/span><\/strong><\/p>","protected":false},"featured_media":37907,"template":"","meta":[],"product_brand":[],"product_cat":[59,206,285,1515],"product_tag":[],"class_list":{"0":"post-37747","1":"product","2":"type-product","3":"status-publish","4":"has-post-thumbnail","6":"product_cat-soin-et-bien-etre","7":"product_cat-alimentation","8":"product_cat-autres","9":"product_cat-fertilite","11":"first","12":"instock","13":"shipping-taxable","14":"purchasable","15":"product-type-variable"},"_links":{"self":[{"href":"https:\/\/ventesengros.fr\/nl\/wp-json\/wp\/v2\/product\/37747","targetHints":{"allow":["GET"]}}],"collection":[{"href":"https:\/\/ventesengros.fr\/nl\/wp-json\/wp\/v2\/product"}],"about":[{"href":"https:\/\/ventesengros.fr\/nl\/wp-json\/wp\/v2\/types\/product"}],"wp:featuredmedia":[{"embeddable":true,"href":"https:\/\/ventesengros.fr\/nl\/wp-json\/wp\/v2\/media\/37907"}],"wp:attachment":[{"href":"https:\/\/ventesengros.fr\/nl\/wp-json\/wp\/v2\/media?parent=37747"}],"wp:term":[{"taxonomy":"product_brand","embeddable":true,"href":"https:\/\/ventesengros.fr\/nl\/wp-json\/wp\/v2\/product_brand?post=37747"},{"taxonomy":"product_cat","embeddable":true,"href":"https:\/\/ventesengros.fr\/nl\/wp-json\/wp\/v2\/product_cat?post=37747"},{"taxonomy":"product_tag","embeddable":true,"href":"https:\/\/ventesengros.fr\/nl\/wp-json\/wp\/v2\/product_tag?post=37747"}],"curies":[{"name":"wp","href":"https:\/\/api.w.org\/{rel}","templated":true}]}}