{"id":3730,"date":"2014-07-10T08:13:13","date_gmt":"2014-07-10T07:13:13","guid":{"rendered":"http:\/\/pietra-communication.com\/ventesengros.fr\/?post_type=product&#038;p=3730"},"modified":"2022-06-30T23:28:21","modified_gmt":"2022-06-30T22:28:21","slug":"creme-capillaire-nigelle-500ml-vatika","status":"publish","type":"product","link":"https:\/\/ventesengros.fr\/nl\/grossiste\/creme-capillaire-nigelle-500ml-vatika\/","title":{"rendered":"Vatika Cr\u00e8me met Nigella 500 ml X 12"},"content":{"rendered":"<p><strong><span style=\"color: #000000;\">Advies voor gebruik:<\/span><\/strong><\/p>\n<p>Cette cr\u00e8me s&rsquo;applique apr\u00e8s un shampoing ou apr\u00e8s un lavage normal des cheveux avec de l&rsquo;eau, lors de l&rsquo;application masser vos cheveux et le cuir chevelu doucement avec vos doigts pour assurer l&rsquo;application compl\u00e8te de la racine \u00e0 la pointe. Laisser agir 10-15 minutes. Garder les cheveux envelopp\u00e9s, puis rincer vos cheveux.<\/p>\n<p><b>Capaciteit :<\/b>500 ml<\/p>\n<p><b>Merknaam:<\/b>\u00a0\u00a0Vatika<\/p>\n<div class=\"tL8wMe xAWnQc\" dir=\"ltr\"><b><b>Herkomst:<\/b><\/b>Marokko<\/div>\n<div class=\"tL8wMe xAWnQc\" dir=\"ltr\"><\/div>\n<div class=\"tL8wMe xAWnQc\" dir=\"ltr\"><b>Gewicht:<\/b>550g\/pi\u00e8ce<\/div>","protected":false},"excerpt":{"rendered":"<p>Wij bieden u deze<strong>\u00a0Cr\u00e8me Vatika \u00e0 l&rsquo;Huile de Nigelle\u00a0<\/strong>verkocht in verpakkingen van 12.<\/p>\n<p>Prix de vente conseiller : 12,50 euros.<\/p>\n<p>1 kavel :\u00a0<span style=\"color: #0ad227;\">4,09\u20ac\/Pi\u00e8ce X 12 = 49,08\u20ac<\/span><\/p>","protected":false},"featured_media":3739,"template":"","meta":[],"product_brand":[],"product_cat":[59],"product_tag":[164,163,132,258,974,88,299],"class_list":{"0":"post-3730","1":"product","2":"type-product","3":"status-publish","4":"has-post-thumbnail","6":"product_cat-soin-et-bien-etre","7":"product_tag-500ml","8":"product_tag-capillaire","9":"product_tag-creme","10":"product_tag-en-gros","11":"product_tag-grossiste","12":"product_tag-nigelle","13":"product_tag-vatika","14":"pa_lot-158","15":"pa_lot-160","16":"pa_lot-159","18":"first","19":"instock","20":"shipping-taxable","21":"purchasable","22":"product-type-simple"},"_links":{"self":[{"href":"https:\/\/ventesengros.fr\/nl\/wp-json\/wp\/v2\/product\/3730","targetHints":{"allow":["GET"]}}],"collection":[{"href":"https:\/\/ventesengros.fr\/nl\/wp-json\/wp\/v2\/product"}],"about":[{"href":"https:\/\/ventesengros.fr\/nl\/wp-json\/wp\/v2\/types\/product"}],"wp:featuredmedia":[{"embeddable":true,"href":"https:\/\/ventesengros.fr\/nl\/wp-json\/wp\/v2\/media\/3739"}],"wp:attachment":[{"href":"https:\/\/ventesengros.fr\/nl\/wp-json\/wp\/v2\/media?parent=3730"}],"wp:term":[{"taxonomy":"product_brand","embeddable":true,"href":"https:\/\/ventesengros.fr\/nl\/wp-json\/wp\/v2\/product_brand?post=3730"},{"taxonomy":"product_cat","embeddable":true,"href":"https:\/\/ventesengros.fr\/nl\/wp-json\/wp\/v2\/product_cat?post=3730"},{"taxonomy":"product_tag","embeddable":true,"href":"https:\/\/ventesengros.fr\/nl\/wp-json\/wp\/v2\/product_tag?post=3730"}],"curies":[{"name":"wp","href":"https:\/\/api.w.org\/{rel}","templated":true}]}}