{"id":3724,"date":"2014-06-02T10:46:28","date_gmt":"2014-06-02T09:46:28","guid":{"rendered":"http:\/\/pietra-communication.com\/ventesengros.fr\/?post_type=product&#038;p=3724"},"modified":"2024-11-14T15:11:58","modified_gmt":"2024-11-14T14:11:58","slug":"miswak-dabur-170g","status":"publish","type":"product","link":"https:\/\/ventesengros.fr\/nl\/grossiste\/miswak-dabur-170g\/","title":{"rendered":"Miswak Dabur groot 170g X 12"},"content":{"rendered":"<p>L\u2019importance d\u2019avoir une belle dentition et une bonne<strong>\u00a0hygi\u00e8ne buccale<\/strong>\u00a0est aujourd\u2019hui capitale\u00a0! De ce fait, laissez-nous vous partager le dentifrice naturel en gros\u00a0<strong>Miswak Dabur groothandel<\/strong>. Empli de bienfaits, vos clients en seront ravis\u00a0!<\/p>\n<h2><strong>Salvadore Persica pour de belles dents : le Miswak Dabur en gros<\/strong><\/h2>\n<p>En effet, ce produit naturel est issu d\u2019un arbre aussi bien appel\u00e9 Arak que Salvadore Persica. Il est biod\u00e9gradable, naturel et bon pour l<strong>\u2019hygi\u00e8ne dentaire.\u00a0<\/strong><\/p>\n<p>Votre boutique de\u00a0<strong>produit en gros<\/strong>\u00a0partage cette trouvaille\u00a0! Originaire du Maroc, cette p\u00e2te est un bienfait quotidien pour votre client\u00e8le soucieuse d\u2019avoir recours \u00e0 des\u00a0<strong>produits sains<\/strong>.<\/p>\n<p>La marque Miswak, export\u00e9e un peu partout dans le monde, ne cesse de faire parler de sa qualit\u00e9 et de son efficacit\u00e9\u00a0! Leurs\u00a0<strong>p\u00e2tes \u00e0 dents au siwak\u00a0<\/strong>de 170g ont une taille \u00e9quivalente aux dentifrices classiques du commerce. Elles vous sont propos\u00e9es par lot \u00e0 un prix tr\u00e8s avantageux. Vous pouvez \u00e9galement trouver dans notre boutique le\u00a0<strong>Miswak dabur pas cher \u00e0 la pomme en petit format<\/strong>\u00a0!<\/p>\n<h2><strong>Miswak Dabur en gros et ses bienfaits bucco-dentaires\u00a0<\/strong><\/h2>\n<p>Avoir des dents en bon \u00e9tat avec une bonne haleine, notamment \u00e0 l\u2019\u00e9poque actuelle, est un gage de sant\u00e9 et de bien-\u00eatre. Aujourd\u2019hui, soigner sa dentition est un effet de mode, alors, profitez du\u00a0<strong>dentifrice Miswak Dabur en gros<\/strong>\u00a0car c\u2019est un r\u00e9el atout\u00a0:<\/p>\n<ul>\n<li>Il peut aider \u00e0 lutter contre les plaques dentaires ;<\/li>\n<li>Il pr\u00e9vient des caries ;<\/li>\n<li>Assaini les gencives ;<\/li>\n<li>Donne une haleine fra\u00eeche et peut solidifier la dentition.<\/li>\n<\/ul>\n<h3><strong>Comment l\u2019utiliser\u00a0?<\/strong><\/h3>\n<p>En effet, l\u2019utilisation de ce\u00a0<strong>dentifrice naturel en gros<\/strong>\u00a0n\u2019est pas bien compliqu\u00e9e. Il est bien \u00e9videmment conseill\u00e9 de poss\u00e9der une brosse \u00e0 dents, ou alors un<strong>\u00a0<a href=\"https:\/\/ventesengros.fr\/nl\/product-category\/soin-et-bien-etre\/siwak-siwakdentifrice\/\">siwak<\/a><\/strong>\u00a0afin de vous aider au brossage.<\/p>\n<p>Ensuite, appliquez la<strong>\u00a0p\u00e2te \u00e0 dents\u00a0<\/strong>sur votre\u00a0<strong>b\u00e2ton de siwak nature,<\/strong>\u00a0et frottez verticalement. Tout cela durant environ 3 minutes afin d\u2019enlever les impuret\u00e9s.<\/p>\n<p>Enfin, rincez le tout, et n\u2019h\u00e9sitez pas \u00e0 r\u00e9it\u00e9rer matin, midi et soir, pour une bonne\u00a0<strong>hygi\u00e8ne buccale<\/strong>\u00a0irr\u00e9prochable\u00a0!<\/p>","protected":false},"excerpt":{"rendered":"<p>Wij bieden u deze\u00a0<strong>Miswak Dabur 120g +50g gratuit<\/strong><strong>\u00a0<\/strong>verkocht in verpakkingen van 12.<\/p>\n<p>Prix de vente conseiller : 4,50 euros.<\/p>\n<p>1 kavel :\u00a0<span style=\"color: #0ad227;\">1,69\/stuk X 12 = \u20ac20,28<\/span><\/p>","protected":false},"featured_media":3729,"template":"","meta":[],"product_brand":[],"product_cat":[59,297],"product_tag":[419,302,151,258,974,143],"class_list":{"0":"post-3724","1":"product","2":"type-product","3":"status-publish","4":"has-post-thumbnail","6":"product_cat-soin-et-bien-etre","7":"product_cat-siwak-siwakdentifrice","8":"product_tag-120g50g","9":"product_tag-dabur","10":"product_tag-dentifrice","11":"product_tag-en-gros","12":"product_tag-grossiste","13":"product_tag-miswak","14":"pa_lot-158","15":"pa_lot-160","16":"pa_lot-159","18":"first","19":"instock","20":"shipping-taxable","21":"purchasable","22":"product-type-simple"},"_links":{"self":[{"href":"https:\/\/ventesengros.fr\/nl\/wp-json\/wp\/v2\/product\/3724","targetHints":{"allow":["GET"]}}],"collection":[{"href":"https:\/\/ventesengros.fr\/nl\/wp-json\/wp\/v2\/product"}],"about":[{"href":"https:\/\/ventesengros.fr\/nl\/wp-json\/wp\/v2\/types\/product"}],"wp:featuredmedia":[{"embeddable":true,"href":"https:\/\/ventesengros.fr\/nl\/wp-json\/wp\/v2\/media\/3729"}],"wp:attachment":[{"href":"https:\/\/ventesengros.fr\/nl\/wp-json\/wp\/v2\/media?parent=3724"}],"wp:term":[{"taxonomy":"product_brand","embeddable":true,"href":"https:\/\/ventesengros.fr\/nl\/wp-json\/wp\/v2\/product_brand?post=3724"},{"taxonomy":"product_cat","embeddable":true,"href":"https:\/\/ventesengros.fr\/nl\/wp-json\/wp\/v2\/product_cat?post=3724"},{"taxonomy":"product_tag","embeddable":true,"href":"https:\/\/ventesengros.fr\/nl\/wp-json\/wp\/v2\/product_tag?post=3724"}],"curies":[{"name":"wp","href":"https:\/\/api.w.org\/{rel}","templated":true}]}}