{"id":37124,"date":"2018-10-19T16:23:34","date_gmt":"2018-10-19T15:23:34","guid":{"rendered":"https:\/\/ventesengros.fr\/?post_type=product&#038;p=37124"},"modified":"2024-09-29T12:58:30","modified_gmt":"2024-09-29T11:58:30","slug":"gelule-de-sidr-feuille-de-jujubier","status":"publish","type":"product","link":"https:\/\/ventesengros.fr\/nl\/grossiste\/gelule-de-sidr-feuille-de-jujubier\/","title":{"rendered":"Sidr capsule (jujubeblad)"},"content":{"rendered":"<p><strong>Pr\u00e9sentation du sidr\u00a0:<\/strong><\/p>\n<p>Le sidr est une autre appellation de la feuille du jujubier, un arbre fruitier faisant partie de la famille des Rhamnac\u00e9es et originaire de l\u2019Est de l\u2019Asie et de l\u2019Afrique du Nord.<\/p>\n<p>Le jujubier est utilis\u00e9 particuli\u00e8rement en m\u00e9decine traditionnelle chinoise et arabe.\u00a0 Si les fruits s\u00e9ch\u00e9s et les graines (sanjoin) grill\u00e9s, constituent la base de diff\u00e9rentes pr\u00e9parations d\u2019herboristerie, les <strong>feuilles de jujubier (Sidr)<\/strong> n\u2019en sont pas moins d\u00e9pourvues de vertus exceptionnelles.<\/p>\n<p><strong>Les vertus et bienfaits du sidr<\/strong><\/p>\n<p>Pr\u00e9sent\u00e9 sous forme de g\u00e9lule, le sidr pr\u00e9sente dans de nombreux cas des qualit\u00e9s b\u00e9n\u00e9fiques pour le corps. La consommation de la g\u00e9lule de sidr permet notamment de retarder le vieillissement des cellules et une bonne r\u00e9g\u00e9n\u00e9ration de celles-ci. Elle permet \u00e9galement de cibler des zones sp\u00e9cifiques comme le cuir chevelu et pr\u00e9vient ainsi la chute des cheveux en les fortifiant. La <strong>g\u00e9lule de sidr <\/strong>constitue un excellent moyen de pr\u00e9venir certaines maladies de la poitrine comme les probl\u00e8mes respiratoires, l\u2019asthme ou la bronchite mais aussi celles pouvant toucher le syst\u00e8me digestif comme les ulc\u00e8res d\u2019estomac. La feuille de jujubier (sidr) est \u00e9galement connue pour son puissant pouvoir antioxydant.<\/p>\n<p>La <strong>g\u00e9lule de sidr (feuille de jujubier)<\/strong> est une excellente source de vitamines (A, B2, C) mais aussi de nombreux min\u00e9raux importants comme le fer, le calcium ou encore le phosphore.<\/p>\n<p>La <strong>g\u00e9lule de sidr (feuille de jujubier)<\/strong> est un produit 100% naturel \u00e9labor\u00e9 avec minutie qui apportera une touche de bien \u00eatre au quotidien.<a href=\"https:\/\/ventesengros.fr\/wp-content\/uploads\/2018\/10\/G\u00e9lule-de-Sidr.jpg\"><img loading=\"lazy\" decoding=\"async\" class=\"aligncenter size-full wp-image-37125\" src=\"https:\/\/ventesengros.fr\/wp-content\/uploads\/2018\/10\/G\u00e9lule-de-Sidr.jpg\" alt=\"\" width=\"951\" height=\"618\" srcset=\"https:\/\/ventesengros.fr\/wp-content\/uploads\/2018\/10\/G\u00e9lule-de-Sidr.jpg 951w, https:\/\/ventesengros.fr\/wp-content\/uploads\/2018\/10\/G\u00e9lule-de-Sidr-600x390.jpg 600w, https:\/\/ventesengros.fr\/wp-content\/uploads\/2018\/10\/G\u00e9lule-de-Sidr-300x195.jpg 300w, https:\/\/ventesengros.fr\/wp-content\/uploads\/2018\/10\/G\u00e9lule-de-Sidr-768x499.jpg 768w, https:\/\/ventesengros.fr\/wp-content\/uploads\/2018\/10\/G\u00e9lule-de-Sidr-510x331.jpg 510w\" sizes=\"auto, (max-width: 951px) 100vw, 951px\" \/><\/a><\/p>","protected":false},"excerpt":{"rendered":"<p>Pr\u00e9sentation du sidr\u00a0: Le sidr est une autre appellation de la feuille du jujubier, un arbre fruitier faisant partie de la famille des Rhamnac\u00e9es et originaire de l\u2019Est de l\u2019Asie et de l\u2019Afrique du Nord. Le jujubier est utilis\u00e9 particuli\u00e8rement en m\u00e9decine traditionnelle chinoise et arabe.\u00a0 Si les fruits s\u00e9ch\u00e9s et les graines (sanjoin) grill\u00e9s, [&#8230;]\n","protected":false},"featured_media":37125,"template":"","meta":[],"product_brand":[],"product_cat":[59],"product_tag":[],"class_list":{"0":"post-37124","1":"product","2":"type-product","3":"status-publish","4":"has-post-thumbnail","6":"product_cat-soin-et-bien-etre","8":"first","9":"instock","10":"shipping-taxable","11":"product-type-simple"},"_links":{"self":[{"href":"https:\/\/ventesengros.fr\/nl\/wp-json\/wp\/v2\/product\/37124","targetHints":{"allow":["GET"]}}],"collection":[{"href":"https:\/\/ventesengros.fr\/nl\/wp-json\/wp\/v2\/product"}],"about":[{"href":"https:\/\/ventesengros.fr\/nl\/wp-json\/wp\/v2\/types\/product"}],"wp:featuredmedia":[{"embeddable":true,"href":"https:\/\/ventesengros.fr\/nl\/wp-json\/wp\/v2\/media\/37125"}],"wp:attachment":[{"href":"https:\/\/ventesengros.fr\/nl\/wp-json\/wp\/v2\/media?parent=37124"}],"wp:term":[{"taxonomy":"product_brand","embeddable":true,"href":"https:\/\/ventesengros.fr\/nl\/wp-json\/wp\/v2\/product_brand?post=37124"},{"taxonomy":"product_cat","embeddable":true,"href":"https:\/\/ventesengros.fr\/nl\/wp-json\/wp\/v2\/product_cat?post=37124"},{"taxonomy":"product_tag","embeddable":true,"href":"https:\/\/ventesengros.fr\/nl\/wp-json\/wp\/v2\/product_tag?post=37124"}],"curies":[{"name":"wp","href":"https:\/\/api.w.org\/{rel}","templated":true}]}}