{"id":37116,"date":"2018-10-19T16:17:16","date_gmt":"2018-10-19T15:17:16","guid":{"rendered":"https:\/\/ventesengros.fr\/?post_type=product&#038;p=37116"},"modified":"2024-10-14T09:06:04","modified_gmt":"2024-10-14T08:06:04","slug":"gelule-de-nigelle-et-de-costus-indien","status":"publish","type":"product","link":"https:\/\/ventesengros.fr\/nl\/grossiste\/gelule-de-nigelle-et-de-costus-indien\/","title":{"rendered":"G\u00e9lule de nigelle &#038; de costus indien (60g\u00e9lules) &#8211; Lot de 6 flacons"},"content":{"rendered":"<p><strong>Les diff\u00e9rentes propri\u00e9t\u00e9s des deux plantes combin\u00e9es dans une seule capsule<\/strong><\/p>\n<p>La <strong>G\u00e9lule de nigelle et de costus indien<\/strong> est un produit \u00e9labor\u00e9 avec soin afin d\u2019obtenir une combinaison aussi \u00e9tonnante qu\u2019efficace. Pr\u00e9sent\u00e9e sous forme de g\u00e9lule, c\u2019est un produit 100 % naturel permettant aux actifs de chaque plante (<em>la nigelle et le costus indien<\/em>) de rester intacts.<\/p>\n<p>Outre leur propri\u00e9t\u00e9 comestible, les deux composants poss\u00e8dent \u00e9galement de nombreuses vertus th\u00e9rapeutiques.<\/p>\n<p><strong>La G\u00e9lule de nigelle et de costus indien, vertus et bienfaits<\/strong><\/p>\n<p>La <strong>G\u00e9lule de nigelle et de costus indien<\/strong> est doublement efficace et agit sur la sant\u00e9 du corps de diff\u00e9rentes mani\u00e8res. On peut entre autre citer ses effets stimulant et tonifiant. La capsule poss\u00e8de \u00e9galement des propri\u00e9t\u00e9s analg\u00e9sique, carminatif, antispasmodique, diur\u00e9tique, expectorant, prophylactique, astringent, antiallergique mais aussi anthelminthique. Les diff\u00e9rents composants des deux plantes, une fois combin\u00e9s, conf\u00e8rent \u00e9galement \u00e0 la <strong>G\u00e9lule de nigelle et de costus indien<\/strong> des qualit\u00e9s stomachiques (renforcement et stimulation du syst\u00e8me digestif, protection de l\u2019estomac) et permettent de pr\u00e9venir certaines maladies pouvant affecter les voies respiratoires (asthme, bronchite, toux etc).<\/p>\n<p>La consommation de <strong>G\u00e9lule de nigelle et de costus indien<\/strong> constitue aussi un excellent moyen de renforcer les d\u00e9fenses immunitaires du corps ainsi que les d\u00e9fenses des organes vitaux contre diverses maladies et infections. Elle favorise \u00e9galement la circulation sanguine et r\u00e9gularise le taux de sucre ou encore de cholest\u00e9rol.<\/p>\n<p>Faire le plein d\u2019\u00e9nergie devient plus simple avec la <strong>G\u00e9lule de nigelle et de costus indien<\/strong>.<a href=\"https:\/\/ventesengros.fr\/wp-content\/uploads\/2018\/10\/Fiche-produit-G\u00e9lule-de-nigelle-et-de-costus-indien.docx\">Fiche-produit-G\u00e9lule-de-nigelle-et-de-costus-indien<\/a> <a href=\"https:\/\/ventesengros.fr\/wp-content\/uploads\/2018\/10\/G\u00e9lule-de-Nigelle-Costus.jpg\"><img loading=\"lazy\" decoding=\"async\" class=\"aligncenter size-full wp-image-37119\" src=\"https:\/\/ventesengros.fr\/wp-content\/uploads\/2018\/10\/G\u00e9lule-de-Nigelle-Costus.jpg\" alt=\"\" width=\"951\" height=\"618\" srcset=\"https:\/\/ventesengros.fr\/wp-content\/uploads\/2018\/10\/G\u00e9lule-de-Nigelle-Costus.jpg 951w, https:\/\/ventesengros.fr\/wp-content\/uploads\/2018\/10\/G\u00e9lule-de-Nigelle-Costus-600x390.jpg 600w, https:\/\/ventesengros.fr\/wp-content\/uploads\/2018\/10\/G\u00e9lule-de-Nigelle-Costus-300x195.jpg 300w, https:\/\/ventesengros.fr\/wp-content\/uploads\/2018\/10\/G\u00e9lule-de-Nigelle-Costus-768x499.jpg 768w, https:\/\/ventesengros.fr\/wp-content\/uploads\/2018\/10\/G\u00e9lule-de-Nigelle-Costus-510x331.jpg 510w\" sizes=\"auto, (max-width: 951px) 100vw, 951px\" \/><\/a><\/p>","protected":false},"excerpt":{"rendered":"<div>\n<p>Nous vous proposons ces G\u00e9lules de graines de nigelle\u00a0 de Costus Indien (x 60 g\u00e9lules), les deux produits sont m\u00e9lang\u00e9s, 50% de nigelle en poudre et 50% de costus en poudre,\u00a0 <strong>verkocht in verpakkingen van 6<\/strong>.<\/p>\n<p><span style=\"color: #ff0000; font-size: xx-small;\">Prijs per eenheid: \u20ac4,50<\/span><\/p>\n<\/div>\n<div>\n<p>1 partij: \u20ac4,50\/stuk X6 = \u20ac27<em>Prix de vente conseill\u00e9 : \u00a09,00\u00a0 euros<\/em><\/p>\n<\/div>","protected":false},"featured_media":37119,"template":"","meta":[],"product_brand":[],"product_cat":[1509],"product_tag":[],"class_list":{"0":"post-37116","1":"product","2":"type-product","3":"status-publish","4":"has-post-thumbnail","6":"product_cat-huiles-de-ricin-en-gros","8":"first","9":"instock","10":"shipping-taxable","11":"purchasable","12":"product-type-simple"},"_links":{"self":[{"href":"https:\/\/ventesengros.fr\/nl\/wp-json\/wp\/v2\/product\/37116","targetHints":{"allow":["GET"]}}],"collection":[{"href":"https:\/\/ventesengros.fr\/nl\/wp-json\/wp\/v2\/product"}],"about":[{"href":"https:\/\/ventesengros.fr\/nl\/wp-json\/wp\/v2\/types\/product"}],"wp:featuredmedia":[{"embeddable":true,"href":"https:\/\/ventesengros.fr\/nl\/wp-json\/wp\/v2\/media\/37119"}],"wp:attachment":[{"href":"https:\/\/ventesengros.fr\/nl\/wp-json\/wp\/v2\/media?parent=37116"}],"wp:term":[{"taxonomy":"product_brand","embeddable":true,"href":"https:\/\/ventesengros.fr\/nl\/wp-json\/wp\/v2\/product_brand?post=37116"},{"taxonomy":"product_cat","embeddable":true,"href":"https:\/\/ventesengros.fr\/nl\/wp-json\/wp\/v2\/product_cat?post=37116"},{"taxonomy":"product_tag","embeddable":true,"href":"https:\/\/ventesengros.fr\/nl\/wp-json\/wp\/v2\/product_tag?post=37116"}],"curies":[{"name":"wp","href":"https:\/\/api.w.org\/{rel}","templated":true}]}}