{"id":37108,"date":"2018-10-19T16:00:49","date_gmt":"2018-10-19T15:00:49","guid":{"rendered":"https:\/\/ventesengros.fr\/?post_type=product&#038;p=37108"},"modified":"2022-06-30T23:04:49","modified_gmt":"2022-06-30T22:04:49","slug":"gelule-de-fenouil","status":"publish","type":"product","link":"https:\/\/ventesengros.fr\/nl\/grossiste\/gelule-de-fenouil\/","title":{"rendered":"Venkelcapsule"},"content":{"rendered":"<p><strong>Le fenouil, <\/strong><\/p>\n<p>Le <strong>fenouil<\/strong> (<em>foeniculum vulgare<\/em>) est une plante vivace faisant partie de la famille des apiac\u00e9es ou ombillif\u00e8res.<\/p>\n<p>Si le fenouil \u00e9tait jadis consid\u00e9r\u00e9 comme une plante aux pouvoirs magiques (associ\u00e9e\u00a0 \u00e0 la magie blanche), ses vertus th\u00e9rapeutiques ont belles et bien fait leur preuve au fil des ann\u00e9es et sont d\u00e9sormais repr\u00e9sent\u00e9es sous diff\u00e9rentes\u00a0 formes dont celles de g\u00e9lules.<\/p>\n<p><strong>La g\u00e9lule de fenouil, de r\u00e9els bienfaits, une formule 100% naturelle<\/strong><\/p>\n<p>Con\u00e7ue et \u00e9labor\u00e9e avec le plus grand soin, la <strong>g\u00e9lule de fenouil<\/strong> vous offre le meilleur de la nature. Un concentr\u00e9 de bienfaits sp\u00e9cifiques \u00e0 appr\u00e9cier au quotidien.<\/p>\n<p>Le fenouil est r\u00e9put\u00e9 pour son usage m\u00e9dicinal. La <strong>g\u00e9lule de fenouil<\/strong> permet notamment de pr\u00e9venir certaines maladies li\u00e9es aux voies respiratoires ainsi qu\u2019\u00e0 l\u2019appareil digestif. Elle convient pour traiter par exemple les troubles digestifs. Gr\u00e2ce \u00e0 la propri\u00e9t\u00e9 anti inflammatoire du fenouil, la capsule permet d\u2019att\u00e9nuer l\u2019inflammation des voies respiratoires. Les effets b\u00e9n\u00e9fiques de la g\u00e9lule de fenouil se traduisent \u00e9galement par son action oestrog\u00e9nique, une action se r\u00e9v\u00e9lant hautement efficace chez la femme (dysm\u00e9norrh\u00e9e, am\u00e9norrh\u00e9e, hirsutisme).<\/p>\n<p>La <strong>g\u00e9lule de fenouil<\/strong> est une formule 100 % naturelle (poudre de fruit de fenouil et enveloppe v\u00e9g\u00e9tale), poss\u00e9dant diff\u00e9rentes propri\u00e9t\u00e9s qui en font un excellent compl\u00e9ment alimentaire et convient particuli\u00e8rement pour les personnes qui d\u00e9sirent augmenter leur masse musculaire. Le produit est d\u2019ailleurs connu pour ses effets ap\u00e9ritifs (augmente l\u2019app\u00e9tit). Toutefois, sa consommation au quotidien ne doit pas se substituer \u00e0 une alimentation \u00e9quilibr\u00e9e et vari\u00e9e.<a href=\"https:\/\/ventesengros.fr\/wp-content\/uploads\/2018\/10\/G\u00e9lule-de-Fenouil.jpg\"><img loading=\"lazy\" decoding=\"async\" class=\"aligncenter size-full wp-image-37109\" src=\"https:\/\/ventesengros.fr\/wp-content\/uploads\/2018\/10\/G\u00e9lule-de-Fenouil.jpg\" alt=\"\" width=\"951\" height=\"618\" srcset=\"https:\/\/ventesengros.fr\/wp-content\/uploads\/2018\/10\/G\u00e9lule-de-Fenouil.jpg 951w, https:\/\/ventesengros.fr\/wp-content\/uploads\/2018\/10\/G\u00e9lule-de-Fenouil-600x390.jpg 600w, https:\/\/ventesengros.fr\/wp-content\/uploads\/2018\/10\/G\u00e9lule-de-Fenouil-300x195.jpg 300w, https:\/\/ventesengros.fr\/wp-content\/uploads\/2018\/10\/G\u00e9lule-de-Fenouil-768x499.jpg 768w, https:\/\/ventesengros.fr\/wp-content\/uploads\/2018\/10\/G\u00e9lule-de-Fenouil-510x331.jpg 510w\" sizes=\"auto, (max-width: 951px) 100vw, 951px\" \/><\/a><\/p>","protected":false},"excerpt":{"rendered":"<p>Le fenouil, Le fenouil (foeniculum vulgare) est une plante vivace faisant partie de la famille des apiac\u00e9es ou ombillif\u00e8res. Si le fenouil \u00e9tait jadis consid\u00e9r\u00e9 comme une plante aux pouvoirs magiques (associ\u00e9e\u00a0 \u00e0 la magie blanche), ses vertus th\u00e9rapeutiques ont belles et bien fait leur preuve au fil des ann\u00e9es et sont d\u00e9sormais repr\u00e9sent\u00e9es sous [&#8230;]\n","protected":false},"featured_media":37109,"template":"","meta":[],"product_brand":[],"product_cat":[1509],"product_tag":[],"class_list":{"0":"post-37108","1":"product","2":"type-product","3":"status-publish","4":"has-post-thumbnail","6":"product_cat-huiles-de-ricin-en-gros","8":"first","9":"instock","10":"shipping-taxable","11":"product-type-simple"},"_links":{"self":[{"href":"https:\/\/ventesengros.fr\/nl\/wp-json\/wp\/v2\/product\/37108","targetHints":{"allow":["GET"]}}],"collection":[{"href":"https:\/\/ventesengros.fr\/nl\/wp-json\/wp\/v2\/product"}],"about":[{"href":"https:\/\/ventesengros.fr\/nl\/wp-json\/wp\/v2\/types\/product"}],"wp:featuredmedia":[{"embeddable":true,"href":"https:\/\/ventesengros.fr\/nl\/wp-json\/wp\/v2\/media\/37109"}],"wp:attachment":[{"href":"https:\/\/ventesengros.fr\/nl\/wp-json\/wp\/v2\/media?parent=37108"}],"wp:term":[{"taxonomy":"product_brand","embeddable":true,"href":"https:\/\/ventesengros.fr\/nl\/wp-json\/wp\/v2\/product_brand?post=37108"},{"taxonomy":"product_cat","embeddable":true,"href":"https:\/\/ventesengros.fr\/nl\/wp-json\/wp\/v2\/product_cat?post=37108"},{"taxonomy":"product_tag","embeddable":true,"href":"https:\/\/ventesengros.fr\/nl\/wp-json\/wp\/v2\/product_tag?post=37108"}],"curies":[{"name":"wp","href":"https:\/\/api.w.org\/{rel}","templated":true}]}}