{"id":37086,"date":"2018-10-15T11:11:33","date_gmt":"2018-10-15T10:11:33","guid":{"rendered":"https:\/\/ventesengros.fr\/?post_type=product&#038;p=37086"},"modified":"2024-01-18T10:58:20","modified_gmt":"2024-01-18T09:58:20","slug":"gelule-dail","status":"publish","type":"product","link":"https:\/\/ventesengros.fr\/nl\/grossiste\/gelule-dail\/","title":{"rendered":"Knoflookcapsule"},"content":{"rendered":"<p>L\u2019ail, origines et propri\u00e9t\u00e9s:<\/p>\n<p>L\u2019ail (Allium sarivum), \u00e9galement connu sous les noms d\u2019ail commun et ail cultiv\u00e9, est une esp\u00e8ce de plante potag\u00e8re vivace originaire d\u2019Asie centrale. Utilis\u00e9e et exploit\u00e9e depuis plus de 5000 ans par le peuple \u00c9gyptien, il connait plus tard un grand succ\u00e8s en Chine et dans les pays situ\u00e9s dans le bassin m\u00e9diterran\u00e9en. La plante est particuli\u00e8rement appr\u00e9ci\u00e9e non seulement pour ses propri\u00e9t\u00e9s gustatives mais aussi m\u00e9dicinales.<\/p>\n<p>Les bienfaits et vertus de la g\u00e9lule d\u2019ail :<\/p>\n<p>L\u2019ail est une plante assez particuli\u00e8re. Il est d\u2019ailleurs consid\u00e9r\u00e9 comme \u00e9tant un alicament 100 % naturel. On retrouve ainsi dans la g\u00e9lule d\u2019ail aussi bien les propri\u00e9t\u00e9s d\u2019un aliment que celles d\u2019un m\u00e9dicament. Ses bienfaits sont incroyables.<\/p>\n<p>La consommation r\u00e9guli\u00e8re de g\u00e9lule d\u2019ail permet d\u2019entretenir un bien-\u00eatre et une meilleure sant\u00e9 au quotidien. Son action sur l\u2019organisme se traduit notamment par le renforcement des d\u00e9fenses immunitaires mais aussi des organes vitaux. Les effets de la capsule sont \u00e9galement b\u00e9n\u00e9fiques pour le syst\u00e8me cardio-vasculaire. Elle contribue notamment \u00e0 la protection cardio-vasculaire, \u00e0 la r\u00e9gulation de la tension art\u00e9rielle et des fonctions cardiaques mais aussi \u00e0 la pr\u00e9vention de la formation de caillots sanguins. On peut \u00e9galement constater des effets importants de la g\u00e9lule sur la r\u00e9gulation du taux de sucre dans le sang, diminuant ainsi les risques de diab\u00e8te mais aussi dans la diminution des mauvais cholest\u00e9rols.<br \/>\n<a href=\"https:\/\/ventesengros.fr\/wp-content\/uploads\/2018\/10\/G\u00e9lule-dAil.jpg\"><img loading=\"lazy\" decoding=\"async\" class=\"aligncenter size-full wp-image-37087\" src=\"https:\/\/ventesengros.fr\/wp-content\/uploads\/2018\/10\/G\u00e9lule-dAil.jpg\" alt=\"\" width=\"951\" height=\"618\" srcset=\"https:\/\/ventesengros.fr\/wp-content\/uploads\/2018\/10\/G\u00e9lule-dAil.jpg 951w, https:\/\/ventesengros.fr\/wp-content\/uploads\/2018\/10\/G\u00e9lule-dAil-600x390.jpg 600w, https:\/\/ventesengros.fr\/wp-content\/uploads\/2018\/10\/G\u00e9lule-dAil-300x195.jpg 300w, https:\/\/ventesengros.fr\/wp-content\/uploads\/2018\/10\/G\u00e9lule-dAil-768x499.jpg 768w, https:\/\/ventesengros.fr\/wp-content\/uploads\/2018\/10\/G\u00e9lule-dAil-510x331.jpg 510w\" sizes=\"auto, (max-width: 951px) 100vw, 951px\" \/><\/a><br \/>\nLa g\u00e9lule d\u2019ail joue \u00e9galement un r\u00f4le important dans l\u2019entretien du syst\u00e8me digestif et est aussi connu pour son effet laxatif doux.<\/p>","protected":false},"excerpt":{"rendered":"<p>L\u2019ail, origines et propri\u00e9t\u00e9s: L\u2019ail (Allium sarivum), \u00e9galement connu sous les noms d\u2019ail commun et ail cultiv\u00e9, est une esp\u00e8ce de plante potag\u00e8re vivace originaire d\u2019Asie centrale. Utilis\u00e9e et exploit\u00e9e depuis plus de 5000 ans par le peuple \u00c9gyptien, il connait plus tard un grand succ\u00e8s en Chine et dans les pays situ\u00e9s dans le [&#8230;]\n","protected":false},"featured_media":37087,"template":"","meta":[],"product_brand":[],"product_cat":[1507],"product_tag":[],"class_list":{"0":"post-37086","1":"product","2":"type-product","3":"status-publish","4":"has-post-thumbnail","6":"product_cat-uncategorized","8":"first","9":"instock","10":"shipping-taxable","11":"product-type-simple"},"_links":{"self":[{"href":"https:\/\/ventesengros.fr\/nl\/wp-json\/wp\/v2\/product\/37086","targetHints":{"allow":["GET"]}}],"collection":[{"href":"https:\/\/ventesengros.fr\/nl\/wp-json\/wp\/v2\/product"}],"about":[{"href":"https:\/\/ventesengros.fr\/nl\/wp-json\/wp\/v2\/types\/product"}],"wp:featuredmedia":[{"embeddable":true,"href":"https:\/\/ventesengros.fr\/nl\/wp-json\/wp\/v2\/media\/37087"}],"wp:attachment":[{"href":"https:\/\/ventesengros.fr\/nl\/wp-json\/wp\/v2\/media?parent=37086"}],"wp:term":[{"taxonomy":"product_brand","embeddable":true,"href":"https:\/\/ventesengros.fr\/nl\/wp-json\/wp\/v2\/product_brand?post=37086"},{"taxonomy":"product_cat","embeddable":true,"href":"https:\/\/ventesengros.fr\/nl\/wp-json\/wp\/v2\/product_cat?post=37086"},{"taxonomy":"product_tag","embeddable":true,"href":"https:\/\/ventesengros.fr\/nl\/wp-json\/wp\/v2\/product_tag?post=37086"}],"curies":[{"name":"wp","href":"https:\/\/api.w.org\/{rel}","templated":true}]}}