{"id":35865,"date":"2016-11-24T16:05:23","date_gmt":"2016-11-24T15:05:23","guid":{"rendered":"https:\/\/ventesengros.fr\/grossiste\/fiole-vide-60ml-marrakech\/"},"modified":"2022-06-30T23:05:03","modified_gmt":"2022-06-30T22:05:03","slug":"fiole-vide-60ml-marrakech","status":"publish","type":"product","link":"https:\/\/ventesengros.fr\/nl\/grossiste\/fiole-vide-60ml-marrakech\/","title":{"rendered":"Marrakech 60 ml lege kolf (verpakking van 12)"},"content":{"rendered":"<p><b>Ori\u00ebnt<\/b> <b>Groothandel<\/b> is een online site gespecialiseerd in de verkoop van <b>in bulk<\/b> destin\u00e9 particuli\u00e8rement aux entreprises souhaitant revendre des produits au d\u00e9tail (Fiole vide 60ml, siwak, miel etc). Nous nous engageons \u00e0 vous proposer des produits de qualit\u00e9 \u00e0 des prix comp\u00e9titifs, ainsi que des nouveaut\u00e9s r\u00e9guli\u00e8rement afin de r\u00e9pondre \u00e0 une demande client croissante et variable.<\/p>\n<h2><strong>Pr\u00e9sentation de la fiole vide 60ml :<\/strong><\/h2>\n<p>Jouw <b>online groothandel<\/b> in de categorie \u00abIslamitische bazaar\u00bb. <b>lege flesjes<\/b> de contenance 60ml, de petites tailles et aux finitions pr\u00e9cises afin de les revendre au d\u00e9tail. Vous pouvez bien sur les revendre vides pour que les clients choisissent de les remplir eux m\u00eame avec les produits de leurs choix, ou bien les remplir vous-m\u00eame avec des huiles essentielles par exemple, poudres alimentaire, cosm\u00e9tiques ou autres, selon les besoins.<\/p>\n<p>In de categorie \u00abZorg en welzijn\u00bb bieden we je een reeks aanvullende producten die je kunt gebruiken om in je behoeften te voorzien. <b>lege flessen<\/b>, Dit zijn onder andere natuurlijke essenti\u00eble oli\u00ebn, massageoli\u00ebn en vele andere.<\/p>\n<p>Je kunt er ook voor kiezen om de flacons te vullen met parfums zoals muskus of andere kostbare vloeistoffen en poeders die bewaard moeten worden.<\/p>\n<p>Uw online groothandel \u00abOrient Grossiste\u00bb biedt u deze <b>transparante flacons<\/b> verkocht in partijen van 12 voor een prijs van <b>goedkoop<\/b> Hoe hoger de gekochte hoeveelheid, hoe lager de eenheidsprijs. Om het voor jou gemakkelijker te maken om deze producten door te verkopen, hebben we een aanbevolen doorverkoopprijs gebaseerd op de huidige marktprijzen.<\/p>\n<p>Wanneer de flacons in dozen worden verpakt, worden ze natuurlijk zorgvuldig beschermd om breuk of barsten tijdens het transport te voorkomen.<\/p>\n<p>Aarzel niet om contact op te nemen met de klantenservice als je vragen hebt of meer informatie wilt. We zijn op zeer flexibele tijden beschikbaar om je van dienst te zijn.<\/p>\n<p>&nbsp;<\/p>\n<p>&nbsp;<\/p>\n<p>&nbsp;<\/p>\n<p>&nbsp;<\/p>","protected":false},"excerpt":{"rendered":"<p>We bieden je deze <strong>Fioles vide 60mL Marrakech\u00a0<\/strong>vendu par lot de 12 \u00e0 2,19\u20ac\/pi\u00e8ce.<\/p>\n<p>1 kavel :\u00a0<span style=\"color: #0ad227;\">2,19\u20ac\/Pi\u00e8ce<\/span><br \/>\n2 kavels : <span style=\"color: #ff7100;\">2,09\u20ac\/Pi\u00e8ce<\/span><br \/>\n3 kavels en meer : <span style=\"color: #ff0000;\">1,99\u20ac\/Pi\u00e8ce<\/span><\/p>","protected":false},"featured_media":35869,"template":"","meta":[],"product_brand":[],"product_cat":[60,323],"product_tag":[1158,258,1157,974,688],"class_list":{"0":"post-35865","1":"product","2":"type-product","3":"status-publish","4":"has-post-thumbnail","6":"product_cat-bazar","7":"product_cat-flacon-vide-bazar","8":"product_tag-artisanat","9":"product_tag-en-gros","10":"product_tag-fiole-vide-marrakech","11":"product_tag-grossiste","12":"product_tag-maroc","13":"pa_lot-158","14":"pa_lot-160","15":"pa_lot-159","17":"first","18":"instock","19":"shipping-taxable","20":"purchasable","21":"product-type-simple"},"_links":{"self":[{"href":"https:\/\/ventesengros.fr\/nl\/wp-json\/wp\/v2\/product\/35865","targetHints":{"allow":["GET"]}}],"collection":[{"href":"https:\/\/ventesengros.fr\/nl\/wp-json\/wp\/v2\/product"}],"about":[{"href":"https:\/\/ventesengros.fr\/nl\/wp-json\/wp\/v2\/types\/product"}],"wp:featuredmedia":[{"embeddable":true,"href":"https:\/\/ventesengros.fr\/nl\/wp-json\/wp\/v2\/media\/35869"}],"wp:attachment":[{"href":"https:\/\/ventesengros.fr\/nl\/wp-json\/wp\/v2\/media?parent=35865"}],"wp:term":[{"taxonomy":"product_brand","embeddable":true,"href":"https:\/\/ventesengros.fr\/nl\/wp-json\/wp\/v2\/product_brand?post=35865"},{"taxonomy":"product_cat","embeddable":true,"href":"https:\/\/ventesengros.fr\/nl\/wp-json\/wp\/v2\/product_cat?post=35865"},{"taxonomy":"product_tag","embeddable":true,"href":"https:\/\/ventesengros.fr\/nl\/wp-json\/wp\/v2\/product_tag?post=35865"}],"curies":[{"name":"wp","href":"https:\/\/api.w.org\/{rel}","templated":true}]}}