{"id":35321,"date":"2016-08-15T17:57:17","date_gmt":"2016-08-15T16:57:17","guid":{"rendered":"https:\/\/ventesengros.fr\/grossiste\/protecteur-labial-a-la-figue-de-barbarie\/"},"modified":"2023-05-28T20:43:19","modified_gmt":"2023-05-28T19:43:19","slug":"protecteur-labial-a-la-figue-de-barbarie","status":"publish","type":"product","link":"https:\/\/ventesengros.fr\/nl\/grossiste\/protecteur-labial-a-la-figue-de-barbarie\/","title":{"rendered":"Cactusvijg Labiaalbeschermer X 24"},"content":{"rendered":"<p><strong>Eigendom:<\/strong><\/p>\n<p>-Apaise, nourrit et assouplit les l\u00e8vres.<\/p>\n<p>-Pr\u00e9vient et \u00e9limine les ger\u00e7ures.<\/p>\n<p>-Prot\u00e8ge contre le soleil, le froid et le vent.<\/p>\n<p><b>Merknaam:<\/b>\u00a0\u00a0Figamine<\/p>\n<p><b>Herkomst:<\/b>Marokko<\/p>\n<p><b>Gewicht:<\/b>20g\/pi\u00e8ce<\/p>\n<p>&nbsp;<\/p>","protected":false},"excerpt":{"rendered":"<p>Wij bieden u deze\u00a0<strong>Protecteur Labial \u00e0 la Figue de barbarie<\/strong><strong>\u00a0<\/strong>vendu par lot de 24.<\/p>\n<p>Prix de vente conseiller :\u00a03,50-3,90 euros.<\/p>\n<p>1 kavel :\u00a0<span style=\"color: #0ad227;\">1,09\u20ac\/Pi\u00e8ce X 24 = 26,16\u20ac<\/span><\/p>","protected":false},"featured_media":35325,"template":"","meta":[],"product_brand":[],"product_cat":[1534,59],"product_tag":[122,538,121,974,181,1276,180,179],"class_list":{"0":"post-35321","1":"product","2":"type-product","3":"status-publish","4":"has-post-thumbnail","6":"product_cat-grossiste-huile-de-pepin-de-figue-de-barbarie","7":"product_cat-soin-et-bien-etre","8":"product_tag-barbarie","9":"product_tag-engros","10":"product_tag-figue","11":"product_tag-grossiste","12":"product_tag-labial","13":"product_tag-levres","14":"product_tag-protecteur","15":"product_tag-stick","16":"pa_lot-158","17":"pa_lot-160","18":"pa_lot-159","20":"first","21":"instock","22":"featured","23":"shipping-taxable","24":"purchasable","25":"product-type-simple"},"_links":{"self":[{"href":"https:\/\/ventesengros.fr\/nl\/wp-json\/wp\/v2\/product\/35321","targetHints":{"allow":["GET"]}}],"collection":[{"href":"https:\/\/ventesengros.fr\/nl\/wp-json\/wp\/v2\/product"}],"about":[{"href":"https:\/\/ventesengros.fr\/nl\/wp-json\/wp\/v2\/types\/product"}],"wp:featuredmedia":[{"embeddable":true,"href":"https:\/\/ventesengros.fr\/nl\/wp-json\/wp\/v2\/media\/35325"}],"wp:attachment":[{"href":"https:\/\/ventesengros.fr\/nl\/wp-json\/wp\/v2\/media?parent=35321"}],"wp:term":[{"taxonomy":"product_brand","embeddable":true,"href":"https:\/\/ventesengros.fr\/nl\/wp-json\/wp\/v2\/product_brand?post=35321"},{"taxonomy":"product_cat","embeddable":true,"href":"https:\/\/ventesengros.fr\/nl\/wp-json\/wp\/v2\/product_cat?post=35321"},{"taxonomy":"product_tag","embeddable":true,"href":"https:\/\/ventesengros.fr\/nl\/wp-json\/wp\/v2\/product_tag?post=35321"}],"curies":[{"name":"wp","href":"https:\/\/api.w.org\/{rel}","templated":true}]}}