{"id":34765,"date":"2016-06-07T16:46:02","date_gmt":"2016-06-07T15:46:02","guid":{"rendered":"https:\/\/ventesengros.fr\/grossiste\/creme-de-massage-medical\/"},"modified":"2024-05-02T10:38:26","modified_gmt":"2024-05-02T09:38:26","slug":"creme-de-massage-medical","status":"publish","type":"product","link":"https:\/\/ventesengros.fr\/nl\/grossiste\/creme-de-massage-medical\/","title":{"rendered":"Mentholzalf (verpakking van 12)"},"content":{"rendered":"<p><b>Herkomst:<\/b>Marokko<\/p>\n<p><strong>Capaciteit:<\/strong> 75 ml<\/p>\n<p><b>Gewicht:<\/b>83g\/pi\u00e8ce<\/p>","protected":false},"excerpt":{"rendered":"<p>Nous vous proposons la cr\u00e8me m\u00e9dicale menthol\u00e9e <span style=\"color: #0000ff;\"><strong>par lot de 12.<\/strong>\u00a0<span style=\"color: #000000;\"><strong>Tapering prijs<\/strong><\/span>.<\/span><\/p>\n<ul>\n<li><b>Prix de la cr\u00e8me \u00e0 la pi\u00e8ce :<\/b>\u00a0<span style=\"color: #ff0000;\"><strong>0,99\u20ac<\/strong><\/span><\/li>\n<\/ul>\n<p>1 kavel : <span style=\"color: #0ad227;\">0,99\/stuk X 12 = \u20ac11,88<\/span><\/p>\n<p>&nbsp;<\/p>","protected":false},"featured_media":34766,"template":"","meta":[],"product_brand":[],"product_cat":[286,59],"product_tag":[132,258,974,688,1200,1201],"class_list":{"0":"post-34765","1":"product","2":"type-product","3":"status-publish","4":"has-post-thumbnail","6":"product_cat-creme-cremeshampoing","7":"product_cat-soin-et-bien-etre","8":"product_tag-creme","9":"product_tag-en-gros","10":"product_tag-grossiste","11":"product_tag-maroc","12":"product_tag-medical","13":"product_tag-mentholee","14":"pa_lot-1-lot-12-cremes-1548e-soit-129-la-creme","15":"pa_lot-2-lots-24-cremes-2736e-soit-114e-la-creme","16":"pa_lot-3-lots-36-cremes-3564e-soit-099e-la-creme","18":"first","19":"instock","20":"shipping-taxable","21":"purchasable","22":"product-type-simple"},"_links":{"self":[{"href":"https:\/\/ventesengros.fr\/nl\/wp-json\/wp\/v2\/product\/34765","targetHints":{"allow":["GET"]}}],"collection":[{"href":"https:\/\/ventesengros.fr\/nl\/wp-json\/wp\/v2\/product"}],"about":[{"href":"https:\/\/ventesengros.fr\/nl\/wp-json\/wp\/v2\/types\/product"}],"wp:featuredmedia":[{"embeddable":true,"href":"https:\/\/ventesengros.fr\/nl\/wp-json\/wp\/v2\/media\/34766"}],"wp:attachment":[{"href":"https:\/\/ventesengros.fr\/nl\/wp-json\/wp\/v2\/media?parent=34765"}],"wp:term":[{"taxonomy":"product_brand","embeddable":true,"href":"https:\/\/ventesengros.fr\/nl\/wp-json\/wp\/v2\/product_brand?post=34765"},{"taxonomy":"product_cat","embeddable":true,"href":"https:\/\/ventesengros.fr\/nl\/wp-json\/wp\/v2\/product_cat?post=34765"},{"taxonomy":"product_tag","embeddable":true,"href":"https:\/\/ventesengros.fr\/nl\/wp-json\/wp\/v2\/product_tag?post=34765"}],"curies":[{"name":"wp","href":"https:\/\/api.w.org\/{rel}","templated":true}]}}