{"id":34735,"date":"2016-06-03T11:42:59","date_gmt":"2016-06-03T10:42:59","guid":{"rendered":"https:\/\/ventesengros.fr\/grossiste\/siwak-nature-tybah\/"},"modified":"2025-04-29T09:34:51","modified_gmt":"2025-04-29T08:34:51","slug":"siwak-nature-tybah","status":"publish","type":"product","link":"https:\/\/ventesengros.fr\/nl\/grossiste\/siwak-nature-tybah\/","title":{"rendered":"Natuur Siwak stokjes (pak van 20 swaks)"},"content":{"rendered":"<p>Article Siwak nature<\/p>\n<p>&nbsp;<\/p>\n<p>Le <em>Salvadora Persica<\/em>, ou plus commun\u00e9ment appel\u00e9 \u00ab\u00a0<strong>b\u00e2ton de siwak<\/strong>\u00a0\u00bb, est un arbuste originaire de Moyen-Orient qui est utilis\u00e9 depuis des milliers d\u2019ann\u00e9es dans l\u2019hygi\u00e8ne buco dentaire. Autrement dit, c\u2019est une brosse \u00e0 dent 100% naturelle et biologique id\u00e9ale pour se laver les dents sans recourir aux dentifrices de grandes surfaces dans lesquelles on peut trouver des ingr\u00e9dients parfois tr\u00e8s douteux.<\/p>\n<p>Le siwak permet de laver naturellement ses dents tout en les blanchissants. Il enl\u00e8ve la plaque jaun\u00e2tre et laisse place \u00e0 une surface lisse et d\u00e9nu\u00e9e de microbes. De plus, le<strong> siwek<\/strong> a un effet b\u00e9n\u00e9fique contre la mauvaise haleine.<\/p>\n<p>Jouw <strong>groothandel<\/strong> en ligne Orient Grossiste du <strong>Marokko<\/strong> biedt je te koop aan <strong>in bulk<\/strong> <strong>le siwak nature<\/strong> vendu par lot de 20 \u00e0 un prix de seulement 7,00\u20ac soit 0,35\u20ac l\u2019unit\u00e9, ou 0,31\u20ac l\u2019unit\u00e9 \u00e0 partir de 3 lots achet\u00e9s et plus.<\/p>\n<p>Nous vous conseillons pour ce produit un prix de revente au d\u00e9tail situ\u00e9 entre 1,00\u20ac et 2,00\u20ac calcul\u00e9 en fonction de la demande et des prix du march\u00e9.<\/p>\n<p>Le siwak nature est pr\u00e9serv\u00e9 par son emballage herm\u00e9tique en plastique afin de conserver son efficacit\u00e9 et sa fraicheur.<\/p>\n<p>Nous vous conseillons de le conserver dans un endroit frais apr\u00e8s la premi\u00e8re utilisation, id\u00e9alement au r\u00e9frig\u00e9rateur afin d\u2019\u00e9viter le d\u00e9veloppement des bact\u00e9ries.<\/p>\n<p>Votre grossiste en ligne Orient Grossiste vous propose d\u2019autres produits \u00e9quivalents comme des siwaks au go\u00fbt menthe, citron, miel, orange ou encore fraise pour plus de saveurs. La taille peut varier l\u00e9g\u00e8rement d\u2019un siwak \u00e0 l\u2019autre car ce sont des b\u00e2tons enti\u00e8rement naturels donc leurs tailles ainsi que leurs formes sont diverses.<\/p>\n<p>Nous restons \u00e0 votre enti\u00e8re disposition pour toutes demandes ou questions relatives \u00e0 nos produits. Notre service client vous r\u00e9pondra selon des horaires flexibles afin de r\u00e9pondre au mieux \u00e0 notre client\u00e8le.<\/p>\n<p>&nbsp;<\/p>","protected":false},"excerpt":{"rendered":"<p>We bieden je deze<strong>\u00a0Siwak Natuur<\/strong><strong>\u00a0<\/strong>verkocht in verpakkingen van 20.<\/p>\n<p>Aanbevolen verkoopprijs: \u20ac1,50.<\/p>\n<p>1 kavel :\u00a0<span style=\"color: #0ad227;\">0,49\u20ac\/Pi\u00e8ce X 20 = 9,80\u20ac<\/span><\/p>\n<p>&nbsp;<\/p>\n<p>&nbsp;<\/p>\n<p style=\"font-style: normal; text-align: center;\">","protected":false},"featured_media":35857,"template":"","meta":[],"product_brand":[],"product_cat":[297,59],"product_tag":[105,974,688,341,137,1197,1196],"class_list":{"0":"post-34735","1":"product","2":"type-product","3":"status-publish","4":"has-post-thumbnail","6":"product_cat-siwak-siwakdentifrice","7":"product_cat-soin-et-bien-etre","8":"product_tag-gros","9":"product_tag-grossiste","10":"product_tag-maroc","11":"product_tag-nature","12":"product_tag-siwak","13":"product_tag-tybah","14":"product_tag-vente","15":"pa_lot-158","16":"pa_lot-160","17":"pa_lot-159","19":"first","20":"instock","21":"shipping-taxable","22":"purchasable","23":"product-type-simple"},"_links":{"self":[{"href":"https:\/\/ventesengros.fr\/nl\/wp-json\/wp\/v2\/product\/34735","targetHints":{"allow":["GET"]}}],"collection":[{"href":"https:\/\/ventesengros.fr\/nl\/wp-json\/wp\/v2\/product"}],"about":[{"href":"https:\/\/ventesengros.fr\/nl\/wp-json\/wp\/v2\/types\/product"}],"wp:featuredmedia":[{"embeddable":true,"href":"https:\/\/ventesengros.fr\/nl\/wp-json\/wp\/v2\/media\/35857"}],"wp:attachment":[{"href":"https:\/\/ventesengros.fr\/nl\/wp-json\/wp\/v2\/media?parent=34735"}],"wp:term":[{"taxonomy":"product_brand","embeddable":true,"href":"https:\/\/ventesengros.fr\/nl\/wp-json\/wp\/v2\/product_brand?post=34735"},{"taxonomy":"product_cat","embeddable":true,"href":"https:\/\/ventesengros.fr\/nl\/wp-json\/wp\/v2\/product_cat?post=34735"},{"taxonomy":"product_tag","embeddable":true,"href":"https:\/\/ventesengros.fr\/nl\/wp-json\/wp\/v2\/product_tag?post=34735"}],"curies":[{"name":"wp","href":"https:\/\/api.w.org\/{rel}","templated":true}]}}