{"id":34520,"date":"2016-05-12T07:13:59","date_gmt":"2016-05-12T06:13:59","guid":{"rendered":"https:\/\/ventesengros.fr\/grossiste\/gant-de-gommage-haute-qualite-rouge-carmin\/"},"modified":"2023-08-15T10:07:23","modified_gmt":"2023-08-15T09:07:23","slug":"gant-de-gommage-haute-qualite-rouge-carmin","status":"publish","type":"product","link":"https:\/\/ventesengros.fr\/nl\/grossiste\/gant-de-gommage-haute-qualite-rouge-carmin\/","title":{"rendered":"Hoge kwaliteit karmijnrode scrubhandschoen X 12"},"content":{"rendered":"<p>A l\u2019heure o\u00f9 le march\u00e9 de la mode et de la beaut\u00e9 est \u00e0 son apog\u00e9e, o\u00f9 des entreprises redoublent d\u2019efforts et investissent des sommes astronomiques pour pr\u00e9senter le meilleur produit afin d\u2019\u00eatre mondialement connus et reconnus, il existe des produits de beaut\u00e9 et d\u2019hygi\u00e8ne qui ont prouv\u00e9 leur efficacit\u00e9 depuis d\u00e9j\u00e0 tr\u00e8s longtemps tels que le gant de Gommage Haute Qualit\u00e9 de chez Orient Grossiste.<\/p>\n<p>C\u2019est le cas du <b>schrobhandschoen<\/b> utilis\u00e9 \u00e0 l\u2019origine dans les hammams des pays orientaux, qui s\u2019est depuis largement r\u00e9pandu jusqu\u2019\u00e0 devenir un incontournable dans nos salles de bains occidentales. Ce gant de gommage peut-\u00eatre compar\u00e9 au <b>gant de kessa<\/b>, car il a pour utilit\u00e9 de nettoyer le corps en profondeur. <b>Prendre soin de son corps<\/b> est important, autant pour sa sant\u00e9 corporel que pour sa sant\u00e9 mentale.<\/p>\n<h2><strong>Le Gant de gommage haute qualit\u00e9, des composants pour vous satisfaire :\u00a0<\/strong><\/h2>\n<p>Confectionn\u00e9 dans une mati\u00e8re cr\u00eape id\u00e9ale pour gommer les peaux mortes en profondeur et ainsi rendre la peau douce et soyeuse d\u00e9barrass\u00e9e de toutes ses impuret\u00e9s. Le fait de frictionner sa peau de cette fa\u00e7on est aussi un excellent moyen d\u2019activer la circulation sanguine, et ainsi r\u00e9g\u00e9n\u00e9rer plus facilement sa peau.<\/p>\n<p>Concernant nos <b>conseils d\u2019utilisations<\/b> pour le client final, nous recommandons de faire chauffer pr\u00e9alablement \u00e0 haute temp\u00e9rature la salle de bain, et d\u2019utiliser par exemple du savon noir sur tout le corps, de laisser poser 1 \u00e0 2 minutes, puis de rincer \u00e0 l\u2019eau chaude. Une fois cette \u00e9tape termin\u00e9e, vous pourrez utiliser votre gant en frottant tout votre corps de mani\u00e8re plut\u00f4t vive, pour finalement rincer le tout en utilisant votre gel douche habituel.<\/p>\n<h3><strong>Un tr\u00e8s bon\u00a0rapport qualit\u00e9 en provenance du maroc :<\/strong><\/h3>\n<p>Jouw <b>groothandel <\/b>vous<b> <\/b>propose \u00e0 la vente ces <b>gants de gommage de haute qualit\u00e9 <\/b>aux couleurs roses vendus par lots de 12, en provenance directe du Maroc et au poids net de 410g par pi\u00e8ces.<\/p>\n<p>Vous pouvez donc acheter ces gants <b>in bulk<\/b>, \u00e0 un prix tr\u00e8s comp\u00e9titif. De plus, plus la quantit\u00e9 achet\u00e9e est forte, plus le prix par lot sera d\u00e9gressif. Nous vous conseillons un prix de revente calcul\u00e9 en fonction des prix du march\u00e9 afin de vous faciliter dans vos d\u00e9marches.<\/p>\n<p>Vous pouvez vous procurer en produit compl\u00e9mentaire du savon noir sur notre site en ligne dans la cat\u00e9gorie soin et bien-\u00eatre.<\/p>\n<p><strong>PROPRETTE:<\/strong><\/p>\n<p><strong>Kleur:<\/strong>\u00a0rouge carmin<\/p>","protected":false},"excerpt":{"rendered":"<p>Wij bieden u deze\u00a0<strong>Scrubhandschoen van hoge kwaliteit\u00a0<\/strong>verkocht in verpakkingen van 12.<\/p>\n<p>Adviesprijs: 3,90-4,90 euro.<\/p>\n<p>1 kavel :\u00a0<span style=\"color: #0ad227;\">1,29\/stuk X 12 = \u20ac15,48<\/span><\/p>","protected":false},"featured_media":34545,"template":"","meta":[],"product_brand":[],"product_cat":[401],"product_tag":[258,386,974,274],"class_list":{"0":"post-34520","1":"product","2":"type-product","3":"status-publish","4":"has-post-thumbnail","6":"product_cat-produits-du-hammam","7":"product_tag-en-gros","8":"product_tag-gant-de-gommage-2","9":"product_tag-grossiste","10":"product_tag-qualite","11":"pa_lot-158","12":"pa_lot-160","13":"pa_lot-159","15":"first","16":"instock","17":"shipping-taxable","18":"purchasable","19":"product-type-simple"},"_links":{"self":[{"href":"https:\/\/ventesengros.fr\/nl\/wp-json\/wp\/v2\/product\/34520","targetHints":{"allow":["GET"]}}],"collection":[{"href":"https:\/\/ventesengros.fr\/nl\/wp-json\/wp\/v2\/product"}],"about":[{"href":"https:\/\/ventesengros.fr\/nl\/wp-json\/wp\/v2\/types\/product"}],"wp:featuredmedia":[{"embeddable":true,"href":"https:\/\/ventesengros.fr\/nl\/wp-json\/wp\/v2\/media\/34545"}],"wp:attachment":[{"href":"https:\/\/ventesengros.fr\/nl\/wp-json\/wp\/v2\/media?parent=34520"}],"wp:term":[{"taxonomy":"product_brand","embeddable":true,"href":"https:\/\/ventesengros.fr\/nl\/wp-json\/wp\/v2\/product_brand?post=34520"},{"taxonomy":"product_cat","embeddable":true,"href":"https:\/\/ventesengros.fr\/nl\/wp-json\/wp\/v2\/product_cat?post=34520"},{"taxonomy":"product_tag","embeddable":true,"href":"https:\/\/ventesengros.fr\/nl\/wp-json\/wp\/v2\/product_tag?post=34520"}],"curies":[{"name":"wp","href":"https:\/\/api.w.org\/{rel}","templated":true}]}}