{"id":34330,"date":"2016-04-19T11:43:37","date_gmt":"2016-04-19T10:43:37","guid":{"rendered":"https:\/\/ventesengros.fr\/grossiste\/gelules-de-curcuma-x60\/"},"modified":"2024-01-18T10:50:07","modified_gmt":"2024-01-18T09:50:07","slug":"gelules-de-curcuma-x60","status":"publish","type":"product","link":"https:\/\/ventesengros.fr\/nl\/grossiste\/gelules-de-curcuma-x60\/","title":{"rendered":"Kurkuma capsules (x60 capsules) (verpakking van 6 potten)"},"content":{"rendered":"<div><strong>Eigendom:<\/strong><\/div>\n<div><\/div>\n<div><\/div>\n<div>Le curcuma, protecteur gastro-intestinal et puissant anti-inflammatoire, r\u00e9v\u00e8le bien d&rsquo;autres vertus que son simple usage alimentaire:<\/div>\n<div><\/div>\n<div>-Soigne les troubles digestifs<\/div>\n<div>-Apaise les douleurs dues aux gastrites et autres inflammations de l&rsquo;intestin: contrairement \u00e0 certains m\u00e9dicaments anti-inflammatoires, le curcuma ne provoque pas d&rsquo;ulc\u00e8res ou de risques d&rsquo;h\u00e9morragies internes, mais au contraire prot\u00e8ge efficacement les organes digestifs.<\/div>\n<div>-Renforce en profondeur tout le syst\u00e8me immunitaire<\/div>\n<div>-Diminue les douleurs inflammatoires chroniques comme l&rsquo;arthrite, l&rsquo;arthrose, les tendinites, les sciatiques, les lumbagos et les rhumatismes.<\/div>\n<div>-Purifie tr\u00e8s efficacement le sang, la lymphe, le foie et la v\u00e9sicule biliaire.<\/div>\n<div>-Agis sur la constipation chronique, les diarrh\u00e9es infectieuses et la gastro-ent\u00e9rite.<\/div>\n<div>-Chasse tr\u00e8s efficacement les parasites et vers intestinaux comme le Candida-Albicans et l&rsquo;Helicobacter-pilori qui sont en lien direct avec certaines addictions et crises alimentaires, boulimies et inflammations chroniques.<\/div>\n<div>-Enzovoort.<\/div>\n<div>Le curcuma pourrait bien s&rsquo;av\u00e9rer, de plus, tr\u00e8s efficace dans la pr\u00e9vention de certains cancers.<\/div>\n<div><\/div>\n<div><strong>Hoe te gebruiken:<\/strong><\/div>\n<div><\/div>\n<div>Prendre 1 g\u00e9lule matin, midi et soir au moment des repas avec un grand verre d&rsquo;eau.<\/div>\n<div>L&rsquo;association des g\u00e9lules de curcuma aux g\u00e9lules de gingembre ou de fenugrec d\u00e9multiplient le pouvoir d&rsquo;absorption du curcuma par l&rsquo;intestin.<\/div>\n<div><\/div>\n<div><strong>Ingr\u00e9dients :\u00a0<\/strong><\/div>\n<div><\/div>\n<div>Rhizome de curcuma (curcuma longa), g\u00e9lule v\u00e9g\u00e9tale (hydroxypropylm\u00e9thylcellulose).<\/div>\n<div><\/div>\n<div><strong>Voorzorgsmaatregelen voor gebruik:\u00a0<\/strong><\/div>\n<div><\/div>\n<div>A conserver dans un endroit frais, sec et \u00e0 l&rsquo;abri de la lumi\u00e8re.<\/div>\n<div>Un compl\u00e9ment alimentaire de doit pas se substituer \u00e0 une alimentation vari\u00e9e et \u00e9quilibr\u00e9e et \u00e0 un mode de vie sain.<\/div>\n<div>En cas de traitement m\u00e9dical, prendre conseil aupr\u00e8s de votre th\u00e9rapeute.<\/div>\n<div>Ne pas d\u00e9passer la dose journali\u00e8re recommand\u00e9e.<\/div>\n<div>Tenir hors de port\u00e9e des enfants.<\/div>\n<div><\/div>\n<p>&nbsp;<\/p>","protected":false},"excerpt":{"rendered":"<p>We bieden je deze <strong>G\u00e9lules de curcuma (x60 g\u00e9lules) <\/strong>vendu par lot de 6 flacons.<\/p>\n<p>1 kavel : <span style=\"color: #ff0000;\">4,49\u20ac\/Pi\u00e8ce X 6 = 26,94 e<\/span><\/p>\n<p>Adviesprijs: 9,90 euro.<\/p>","protected":false},"featured_media":57912,"template":"","meta":[],"product_brand":[],"product_cat":[206,285,1554,59],"product_tag":[],"class_list":{"0":"post-34330","1":"product","2":"type-product","3":"status-publish","4":"has-post-thumbnail","6":"product_cat-alimentation","7":"product_cat-autres","8":"product_cat-grossiste-gelules","9":"product_cat-soin-et-bien-etre","11":"first","12":"instock","13":"shipping-taxable","14":"purchasable","15":"product-type-simple"},"_links":{"self":[{"href":"https:\/\/ventesengros.fr\/nl\/wp-json\/wp\/v2\/product\/34330","targetHints":{"allow":["GET"]}}],"collection":[{"href":"https:\/\/ventesengros.fr\/nl\/wp-json\/wp\/v2\/product"}],"about":[{"href":"https:\/\/ventesengros.fr\/nl\/wp-json\/wp\/v2\/types\/product"}],"wp:featuredmedia":[{"embeddable":true,"href":"https:\/\/ventesengros.fr\/nl\/wp-json\/wp\/v2\/media\/57912"}],"wp:attachment":[{"href":"https:\/\/ventesengros.fr\/nl\/wp-json\/wp\/v2\/media?parent=34330"}],"wp:term":[{"taxonomy":"product_brand","embeddable":true,"href":"https:\/\/ventesengros.fr\/nl\/wp-json\/wp\/v2\/product_brand?post=34330"},{"taxonomy":"product_cat","embeddable":true,"href":"https:\/\/ventesengros.fr\/nl\/wp-json\/wp\/v2\/product_cat?post=34330"},{"taxonomy":"product_tag","embeddable":true,"href":"https:\/\/ventesengros.fr\/nl\/wp-json\/wp\/v2\/product_tag?post=34330"}],"curies":[{"name":"wp","href":"https:\/\/api.w.org\/{rel}","templated":true}]}}