{"id":34152,"date":"2016-04-01T09:52:21","date_gmt":"2016-04-01T08:52:21","guid":{"rendered":"https:\/\/ventesengros.fr\/grossiste\/fiole-vide-30ml-marrakech\/"},"modified":"2022-06-30T23:10:42","modified_gmt":"2022-06-30T22:10:42","slug":"fiole-vide-30ml-marrakech","status":"publish","type":"product","link":"https:\/\/ventesengros.fr\/nl\/grossiste\/lege-injectieflacon-30ml-marrakech\/","title":{"rendered":"Lege kolf 30mL Marrakech X 12"},"content":{"rendered":"<p><b>Ori\u00ebnt<\/b> <b>Groothandel<\/b> is een online site gespecialiseerd in de verkoop van <b>in bulk<\/b> met name gericht op bedrijven die producten willen verkopen (lege flacon van 30 ml, siwak, honing enz.). We doen er alles aan om u kwaliteitsproducten tegen concurrerende prijzen aan te bieden, evenals regelmatig nieuwe producten om aan de groeiende en veranderende vraag van klanten te voldoen.<\/p>\n<h2><strong>Presentatie van de lege 30ml flacon:<\/strong><\/h2>\n<p>Jouw <b>online groothandel<\/b> in de categorie \u00abIslamitische bazaar\u00bb. <b>lege flesjes<\/b> Inhoud van 30 ml, kleine maten en nauwkeurige afwerkingen voor wederverkoop aan de detailhandel. Je kunt ze natuurlijk leeg doorverkopen zodat klanten ze zelf kunnen vullen met de producten van hun keuze, of ze zelf kunnen vullen met bijvoorbeeld etherische oli\u00ebn, voedingspoeders, cosmetica of andere producten.<\/p>\n<p>In de categorie \u00abZorg en welzijn\u00bb bieden we je een reeks aanvullende producten die je kunt gebruiken om in je behoeften te voorzien. <b>lege flessen<\/b>, Dit zijn onder andere natuurlijke essenti\u00eble oli\u00ebn, massageoli\u00ebn en vele andere.<\/p>\n<p>Je kunt er ook voor kiezen om de flacons te vullen met parfums zoals muskus of andere kostbare vloeistoffen en poeders die bewaard moeten worden.<\/p>\n<p>Uw online groothandel \u00abOrient Grossiste\u00bb biedt u deze <b>transparante flacons<\/b> verkocht in partijen van 12 voor een prijs van <b>goedkoop<\/b> Hoe hoger de gekochte hoeveelheid, hoe lager de eenheidsprijs. Om het voor jou gemakkelijker te maken om deze producten door te verkopen, hebben we een aanbevolen doorverkoopprijs gebaseerd op de huidige marktprijzen.<\/p>\n<p>Wanneer de flacons in dozen worden verpakt, worden ze natuurlijk zorgvuldig beschermd om breuk of barsten tijdens het transport te voorkomen.<\/p>\n<p>Aarzel niet om contact op te nemen met de klantenservice als je vragen hebt of meer informatie wilt. We zijn op zeer flexibele tijden beschikbaar om je van dienst te zijn.<\/p>","protected":false},"excerpt":{"rendered":"<p>We bieden je deze <strong>Lege flesjes 30 ml Marrakech\u00a0<\/strong>verkocht in verpakkingen van 12 voor \u20ac1,89 per stuk.<\/p>\n<p>1 kavel : <span style=\"color: #0ad227;\">2,19\/stuk X 12 = \u20ac26,28<\/span><\/p>","protected":false},"featured_media":34159,"template":"","meta":[],"product_brand":[],"product_cat":[60,323],"product_tag":[1158,258,1157,974,688],"class_list":{"0":"post-34152","1":"product","2":"type-product","3":"status-publish","4":"has-post-thumbnail","6":"product_cat-bazar","7":"product_cat-flacon-vide-bazar","8":"product_tag-artisanat","9":"product_tag-en-gros","10":"product_tag-fiole-vide-marrakech","11":"product_tag-grossiste","12":"product_tag-maroc","13":"pa_lot-158","14":"pa_lot-160","15":"pa_lot-159","17":"first","18":"instock","19":"shipping-taxable","20":"purchasable","21":"product-type-simple"},"_links":{"self":[{"href":"https:\/\/ventesengros.fr\/nl\/wp-json\/wp\/v2\/product\/34152","targetHints":{"allow":["GET"]}}],"collection":[{"href":"https:\/\/ventesengros.fr\/nl\/wp-json\/wp\/v2\/product"}],"about":[{"href":"https:\/\/ventesengros.fr\/nl\/wp-json\/wp\/v2\/types\/product"}],"wp:featuredmedia":[{"embeddable":true,"href":"https:\/\/ventesengros.fr\/nl\/wp-json\/wp\/v2\/media\/34159"}],"wp:attachment":[{"href":"https:\/\/ventesengros.fr\/nl\/wp-json\/wp\/v2\/media?parent=34152"}],"wp:term":[{"taxonomy":"product_brand","embeddable":true,"href":"https:\/\/ventesengros.fr\/nl\/wp-json\/wp\/v2\/product_brand?post=34152"},{"taxonomy":"product_cat","embeddable":true,"href":"https:\/\/ventesengros.fr\/nl\/wp-json\/wp\/v2\/product_cat?post=34152"},{"taxonomy":"product_tag","embeddable":true,"href":"https:\/\/ventesengros.fr\/nl\/wp-json\/wp\/v2\/product_tag?post=34152"}],"curies":[{"name":"wp","href":"https:\/\/api.w.org\/{rel}","templated":true}]}}