{"id":34145,"date":"2016-03-31T15:38:38","date_gmt":"2016-03-31T14:38:38","guid":{"rendered":"https:\/\/ventesengros.fr\/grossiste\/miel-doranger-250g\/"},"modified":"2024-04-12T11:24:36","modified_gmt":"2024-04-12T10:24:36","slug":"miel-doranger-250g","status":"publish","type":"product","link":"https:\/\/ventesengros.fr\/nl\/grossiste\/miel-doranger-250g\/","title":{"rendered":"Oranjebloesemhoning - 8 potten van 250 g"},"content":{"rendered":"<p><b>Le miel d&rsquo;oranger<\/b>\u00a0is een\u00a0<b>nectar<\/b>\u00a0pr\u00e9cieux fabriqu\u00e9 par les abeilles qui peut puiser ses origines dans plusieurs esp\u00e8ces de fleurs, ou bien ne venir que d\u2019une esp\u00e8ce en particulier. Ce sucre naturel fait parti des plus beaux tr\u00e9sors de la nature. En effet, car pour tous les bienfaits et les vertus qu\u2019il renferme pour notre corps.<\/p>\n<p>En effet, le <a href=\"https:\/\/www.amlou.fr\/product-category\/vente-de-miel\/\" target=\"_blank\" rel=\"noopener noreferrer\"><strong>honing<\/strong><\/a> est r\u00e9put\u00e9 pour \u00eatre un excellent produit de sant\u00e9 avec ses incroyables vertus antiseptiques et cicatrisantes. Sachez \u00e9galement qu&rsquo;il est aussi un incroyable produit de beaut\u00e9.<\/p>\n<h2><strong>Miel d&rsquo;oranger 250g, de la qualit\u00e9 en petite quantit\u00e9 :<\/strong><\/h2>\n<p>Ainsi, il existe des miels de fleurs, mais aussi des miels issus d\u2019arbres fruitiers comme le\u00a0<b>sinaasappelboom honing<\/b>. Ce miel, de couleur jaune-orang\u00e9, est un miel dit monoflorale, car il puise son origine principalement dans l\u2019oranger. Son parfum renferme un agr\u00e9able go\u00fbt fruit\u00e9 et d\u00e9licat d\u2019agrume \u00e0 la texture liquide et lisse.<\/p>\n<p>Jouw\u00a0<b>groothandel\u00a0<\/b>\u00ab\u00a0Orient Grossiste\u00a0\u00bb vous propose ce miel d\u2019oranger en provenance directe du\u00a0<b>Maroc. Un produit de la ruche\u00a0<\/b>\u00e0 acheter\u00a0<b>in bulk\u00a0<\/b>par lots de 8 pots. Notre <a href=\"https:\/\/ventesengros.fr\/nl\/product-category\/soin-et-bien-etre\/alimentation\/miel-alimentation\/\"><strong>honing<\/strong><\/a> est vendu dans des pots d\u2019une contenance de 250g, ce qui vous permettra par la suite de le revendre au d\u00e9tail ou dans des pots d\u2019une contenance inf\u00e9rieure selon vos besoins.<\/p>\n<p>Ce miel est particuli\u00e8rement appr\u00e9ci\u00e9 pour parfumer les infusions, <strong>th\u00e9 amincissant<\/strong> ou yaourts, et peut aussi \u00eatre d\u00e9gust\u00e9 sur une tartine tout comme le <a href=\"https:\/\/www.amlou.fr\" target=\"_blank\" rel=\"noopener noreferrer\"><strong>amlou marocain<\/strong><\/a>. Il est tr\u00e8s utilis\u00e9 en cuisine dans certains plats o\u00f9 le sal\u00e9 s\u2019associe parfaitement avec le go\u00fbt sucr\u00e9 et raffin\u00e9 de ce miel.<\/p>\n<p>Ce miel plein de vertus \u00e0 la r\u00e9putation de favoriser le sommeil, d\u2019apaiser les \u00e9tats d\u2019anxi\u00e9t\u00e9, d\u2019angoisse, de nervosit\u00e9 et de stress. Son odeur sera particuli\u00e8rement agr\u00e9able lors d\u2019une utilisation pour le corps, les soins des cheveux ou du visage.<\/p>\n<h2><strong>Un produit de la ruche saveur orange ! \u00a0<\/strong><\/h2>\n<p>Orient Grossiste vous propose ce miel d\u2019excellente qualit\u00e9 en grosse quantit\u00e9. Optez pour un prix d\u00e9fiant toute concurrence, sans oublier que plus vous achetez, moins le prix est cher. D\u00e9couvrez aussi le <a href=\"https:\/\/www.miel-imperial.com\/miels-du-monde\/11-54-miel-blanc-du-khirghizistan.html\" target=\"_blank\" rel=\"noopener noreferrer\"><strong>witte honing<\/strong><\/a> ! d\u00e9gressifs<\/p>","protected":false},"excerpt":{"rendered":"<p>Wij bieden u deze\u00a0<strong><span style=\"color: #000080;\">Miel d&rsquo;oranger 250g<\/span>\u00a0<\/strong>vendu par lot de <span style=\"color: #003366;\"><strong>8 pots de 250g<\/strong><\/span>.<\/p>\n<h5><span style=\"color: #ed1c24;\"><strong>Prix du pot : 2,45\u20ac<\/strong><\/span><\/h5>\n<p><strong>1 kavel : <span style=\"color: #0ad227;\">2,45\u20ac\/Pi\u00e8ce X 8 = 19,60\u20ac<\/span><\/strong><\/p>\n<p>&nbsp;<\/p>","protected":false},"featured_media":60364,"template":"","meta":[],"product_brand":[],"product_cat":[206,596,59],"product_tag":[258,974,63,1156],"class_list":{"0":"post-34145","1":"product","2":"type-product","3":"status-publish","4":"has-post-thumbnail","6":"product_cat-alimentation","7":"product_cat-miel-alimentation","8":"product_cat-soin-et-bien-etre","9":"product_tag-en-gros","10":"product_tag-grossiste","11":"product_tag-miel","12":"product_tag-oranger","14":"first","15":"instock","16":"shipping-taxable","17":"purchasable","18":"product-type-simple"},"_links":{"self":[{"href":"https:\/\/ventesengros.fr\/nl\/wp-json\/wp\/v2\/product\/34145","targetHints":{"allow":["GET"]}}],"collection":[{"href":"https:\/\/ventesengros.fr\/nl\/wp-json\/wp\/v2\/product"}],"about":[{"href":"https:\/\/ventesengros.fr\/nl\/wp-json\/wp\/v2\/types\/product"}],"wp:featuredmedia":[{"embeddable":true,"href":"https:\/\/ventesengros.fr\/nl\/wp-json\/wp\/v2\/media\/60364"}],"wp:attachment":[{"href":"https:\/\/ventesengros.fr\/nl\/wp-json\/wp\/v2\/media?parent=34145"}],"wp:term":[{"taxonomy":"product_brand","embeddable":true,"href":"https:\/\/ventesengros.fr\/nl\/wp-json\/wp\/v2\/product_brand?post=34145"},{"taxonomy":"product_cat","embeddable":true,"href":"https:\/\/ventesengros.fr\/nl\/wp-json\/wp\/v2\/product_cat?post=34145"},{"taxonomy":"product_tag","embeddable":true,"href":"https:\/\/ventesengros.fr\/nl\/wp-json\/wp\/v2\/product_tag?post=34145"}],"curies":[{"name":"wp","href":"https:\/\/api.w.org\/{rel}","templated":true}]}}