{"id":33105,"date":"2016-01-16T01:36:32","date_gmt":"2016-01-16T00:36:32","guid":{"rendered":"https:\/\/ventesengros.fr\/?post_type=product&#038;p=33105"},"modified":"2025-09-25T09:41:26","modified_gmt":"2025-09-25T08:41:26","slug":"costus-indien-kilo","status":"publish","type":"product","link":"https:\/\/ventesengros.fr\/nl\/grossiste\/costus-indien-kilo\/","title":{"rendered":"Indiase costusstukjes per kg of zakjes van 50 g (verpakking van 12 zakjes)"},"content":{"rendered":"<p>L\u2019avantage de disposer d\u2019un sachet de costus indien en morceaux est r\u00e9el. Cette panac\u00e9e orientale est un rem\u00e8de \u00e0 \u00e9norm\u00e9ment de maux. R\u00e9put\u00e9 pour renforcer l\u2019organisme de fa\u00e7on naturelle, il peut vous \u00eatre utile pour beaucoup d\u2019occasions. Pensez-donc \u00e0 en faire un usage soutenu lors des petits d\u00e9sagr\u00e9ments de la vie courante.<\/p>\n<h2><b>Le costus indien en morceaux : une aubaine pour les maux de la vie courante<\/b><\/h2>\n<p><span class=\"Apple-converted-space\">\u00a0<\/span>Tout comme l\u2019<a href=\"https:\/\/ventesengros.fr\/nl\/grossiste\/huile-de-nigelle-al-habachiya-1l-2\/\"><strong>zwarte komijnolie<\/strong><\/a>, le costus indien en morceau r\u00e9gule \u00e9norm\u00e9ment de maladies. Utilis\u00e9 en Inde et au Moyen Orient depuis fort longtemps, ce rem\u00e8de unique att\u00e9nuait les maux de t\u00eate de mani\u00e8re fulgurante. Ce n\u2019est pas pour rien si la m\u00e9decine s\u2019y est int\u00e9ress\u00e9 de plus pr\u00e8s. D\u2019ailleurs, beaucoup de produits de la pharmacop\u00e9e orientale entrent dans la composition de m\u00e9dicaments. Dans des r\u00e9gions o\u00f9 les dispensaires sont parfois \u00e0 des heures de marche, le costus indien en morceau est le m\u00e9dicament naturel ayant r\u00e9ponse \u00e0 tout. Et ceci est valable pour le traitement du gonflement des amygdales, les probl\u00e8mes dentaires, les faiblesses respiratoires \u2026<\/p>\n<h2><b>L\u2019utilisation du costus sous diff\u00e9rents angles<\/b><\/h2>\n<p>Le costus marin en morceaux se consomme de diff\u00e9rentes fa\u00e7ons. Et cela d\u00e9pend du mal que l\u2019on souhaite traiter. Ainsi, la personne atteinte de pleur\u00e9sie peut br\u00fbler le costus marin en morceaux pour en inhaler la fum\u00e9e et tirer les bienfaits de la cr\u00e9mation du bois. Le fait de br\u00fbler le bois d\u00e9gagera les propri\u00e9t\u00e9s du rem\u00e8de et soulagera grandement les poumons. Pour le rem\u00e8de relatif au corps (pancr\u00e9as, reins, foie\u2026), il est pr\u00e9f\u00e9rable de r\u00e9duire le costus marin en poudre et de le boire \u00e0 l\u2019aide d\u2019eau ou de th\u00e9 \u00e0 base de plante. Pour les probl\u00e8mes cutan\u00e9s ou les blessures, il est possible de l\u2019\u00e9taler tout en le m\u00e9langeant au miel. Ce proc\u00e9d\u00e9 acc\u00e9l\u00e8rera la cicatrisation efficacement.<\/p>\n<p>Niet-contractuele foto<\/p>\n<p>Al onze producten zijn verkrijgbaar in white label (<a href=\"https:\/\/ventesengros.fr\/nl\/contact\/\"><strong>op aanvraag<\/strong><\/a>)<\/p>\n<p>Dalende prijs over 10 kavels korting van 10% (<a href=\"https:\/\/ventesengros.fr\/nl\/contact\/\"><strong>op offerte<\/strong><\/a>)<\/p>","protected":false},"excerpt":{"rendered":"<p>Nous vous proposons le costus indien\u00a0<span style=\"color: #0000ff;\"><strong>vendu au kilo ou en sachets de 50g par lot de 12<\/strong><\/span>. <span style=\"color: #000000;\"><strong>Tapering prijzen.\u00a0<\/strong><\/span><\/p>\n<p><b>Prijs per kilo :<\/b>\u00a0<span style=\"color: #ff0000;\"><strong>22,99\u20ac<\/strong><\/span><\/p>\n<p><b>Prijs per zak<span class=\"Apple-converted-space\">\u00a0<\/span>:<\/b>\u00a0<strong><span style=\"color: #ff0000;\">0,99\u20ac<\/span><\/strong><\/p>\n<p><span style=\"color: #ff0000;\"><b>Voor meer dan 3 loten, kies een hoeveelheid in het winkelmandje.<\/b><\/span><\/p>\n<p>Ontvang een korting van 10% op bestellingen van meer dan 10 lots (<span style=\"color: #ff0000;\"><a style=\"color: #ff0000;\" href=\"https:\/\/ventesengros.fr\/nl\/contact\/\"><strong>contact met ons opnemen<\/strong><\/a><\/span>).<\/p>","protected":false},"featured_media":38041,"template":"","meta":[],"product_brand":[],"product_cat":[360,59],"product_tag":[1071,974,688],"class_list":{"0":"post-33105","1":"product","2":"type-product","3":"status-publish","4":"has-post-thumbnail","6":"product_cat-produit-naturel-en-vrac","7":"product_cat-soin-et-bien-etre","8":"product_tag-costus-indien-au-kilo","9":"product_tag-grossiste","10":"product_tag-maroc","11":"pa_lot-158","12":"pa_lot-2-lots-economisez-2-euros","13":"pa_lot-2-lots-economisez-24-euros","14":"pa_lot-3-lots-economisez-108-euros","15":"pa_lot-3-lots-economisez-6-euros","17":"first","18":"instock","19":"shipping-taxable","20":"purchasable","21":"product-type-variable"},"_links":{"self":[{"href":"https:\/\/ventesengros.fr\/nl\/wp-json\/wp\/v2\/product\/33105","targetHints":{"allow":["GET"]}}],"collection":[{"href":"https:\/\/ventesengros.fr\/nl\/wp-json\/wp\/v2\/product"}],"about":[{"href":"https:\/\/ventesengros.fr\/nl\/wp-json\/wp\/v2\/types\/product"}],"wp:featuredmedia":[{"embeddable":true,"href":"https:\/\/ventesengros.fr\/nl\/wp-json\/wp\/v2\/media\/38041"}],"wp:attachment":[{"href":"https:\/\/ventesengros.fr\/nl\/wp-json\/wp\/v2\/media?parent=33105"}],"wp:term":[{"taxonomy":"product_brand","embeddable":true,"href":"https:\/\/ventesengros.fr\/nl\/wp-json\/wp\/v2\/product_brand?post=33105"},{"taxonomy":"product_cat","embeddable":true,"href":"https:\/\/ventesengros.fr\/nl\/wp-json\/wp\/v2\/product_cat?post=33105"},{"taxonomy":"product_tag","embeddable":true,"href":"https:\/\/ventesengros.fr\/nl\/wp-json\/wp\/v2\/product_tag?post=33105"}],"curies":[{"name":"wp","href":"https:\/\/api.w.org\/{rel}","templated":true}]}}