{"id":33027,"date":"2015-12-25T01:00:19","date_gmt":"2015-12-25T00:00:19","guid":{"rendered":"https:\/\/ventesengros.fr\/?post_type=product&#038;p=33027"},"modified":"2022-06-30T23:13:39","modified_gmt":"2022-06-30T22:13:39","slug":"amlou-a-base-darachide","status":"publish","type":"product","link":"https:\/\/ventesengros.fr\/nl\/grossiste\/amlou-a-base-darachide\/","title":{"rendered":"Amlou op basis van pinda's van de KILO"},"content":{"rendered":"<div id=\":9n.co\" class=\"tL8wMe xAWnQc\" dir=\"ltr\"><b>Capaciteit :<\/b>1L<\/div>\n<div class=\"tL8wMe xAWnQc\" dir=\"ltr\"><b><b>Herkomst:<\/b><\/b>Marokko<b><b><br \/>\n<\/b><\/b><b>Gewicht:<\/b>1kg\/pi\u00e8ce<\/div>\n<div class=\"tL8wMe xAWnQc\" dir=\"ltr\"><strong>Amlou \u00e0 base d&rsquo;arachide :<\/strong> un patrimoine amazigh marocain provenant des montagnes de souss riche en sucreries et mati\u00e8res graisses en plus des vitamines et prot\u00e9ines.<br \/>\n<strong>Les composants :<\/strong> arachide, d&rsquo;huile v\u00e9g\u00e9tale, sucre, sel, graine de fenouil. il est conseill\u00e9 de le prendre au petit d\u00e9jeuner et l&rsquo;inclure parmi tout les repas.<br \/>\nIl doit \u00eatre bien m\u00e9lang\u00e9 pendant tout usage et il est conserv\u00e9 dans un endroit sec loin des rayons solaires excessifs.<\/div>","protected":false},"excerpt":{"rendered":"<p>Wij bieden u deze\u00a0<strong>Amlou \u00e0 base d&rsquo;arachide<\/strong><strong>\u00a0<\/strong>verkocht in verpakkingen van 1.<\/p>\n<p>Prix de vente conseiller : 21 euros.<\/p>\n<p>1 kavel :\u00a0<span style=\"color: #0ad227;\">11,90\u20ac\/Pi\u00e8ce<\/span><\/p>\n<p>&nbsp;<\/p>","protected":false},"featured_media":33059,"template":"","meta":[],"product_brand":[],"product_cat":[206,1370],"product_tag":[1060,974,688],"class_list":{"0":"post-33027","1":"product","2":"type-product","3":"status-publish","4":"has-post-thumbnail","6":"product_cat-alimentation","7":"product_cat-grossiste-amlou","8":"product_tag-amlou-a-base-darachide","9":"product_tag-grossiste","10":"product_tag-maroc","12":"first","13":"instock","14":"shipping-taxable","15":"purchasable","16":"product-type-simple"},"_links":{"self":[{"href":"https:\/\/ventesengros.fr\/nl\/wp-json\/wp\/v2\/product\/33027","targetHints":{"allow":["GET"]}}],"collection":[{"href":"https:\/\/ventesengros.fr\/nl\/wp-json\/wp\/v2\/product"}],"about":[{"href":"https:\/\/ventesengros.fr\/nl\/wp-json\/wp\/v2\/types\/product"}],"wp:featuredmedia":[{"embeddable":true,"href":"https:\/\/ventesengros.fr\/nl\/wp-json\/wp\/v2\/media\/33059"}],"wp:attachment":[{"href":"https:\/\/ventesengros.fr\/nl\/wp-json\/wp\/v2\/media?parent=33027"}],"wp:term":[{"taxonomy":"product_brand","embeddable":true,"href":"https:\/\/ventesengros.fr\/nl\/wp-json\/wp\/v2\/product_brand?post=33027"},{"taxonomy":"product_cat","embeddable":true,"href":"https:\/\/ventesengros.fr\/nl\/wp-json\/wp\/v2\/product_cat?post=33027"},{"taxonomy":"product_tag","embeddable":true,"href":"https:\/\/ventesengros.fr\/nl\/wp-json\/wp\/v2\/product_tag?post=33027"}],"curies":[{"name":"wp","href":"https:\/\/api.w.org\/{rel}","templated":true}]}}