{"id":3275,"date":"2014-05-25T10:43:32","date_gmt":"2014-05-25T09:43:32","guid":{"rendered":"http:\/\/pietra-communication.com\/ventesengros.fr\/?post_type=product&#038;p=3275"},"modified":"2025-02-27T08:20:06","modified_gmt":"2025-02-27T07:20:06","slug":"carre-de-musk","status":"publish","type":"product","link":"https:\/\/ventesengros.fr\/nl\/grossiste\/vierkant-van-muskus\/","title":{"rendered":"Carr\u00e9 de Musc (set van 6)"},"content":{"rendered":"<p><strong>Eigendom:<\/strong><\/p>\n<p>Le carr\u00e9 de musk tr\u00e8s pratique pour se parfumer, une simple application sur le v\u00eatement, la peau laisse une tr\u00e8s bonne odeur durable. Chaque \u00e9chantillon contient deux cubes faisant un poids de 25 grammes les deux.<\/p>\n<p><b>Herkomst:<\/b>Pakistan<\/p>\n<p><b>Gewicht:<\/b>40g<\/p>\n<p>&nbsp;<\/p>","protected":false},"excerpt":{"rendered":"<p>We bieden je deze <strong>Carr\u00e9s de Musk<\/strong> vendu par lot de 12 \u00e0 0,95\u20ac\/pi\u00e8ce.<\/p>\n<p>prix de vente conseiller 3,00 euros.<\/p>\n<p>1 kavel :\u00a0<span style=\"color: #0ad227;\">0,95\u20ac\/Pi\u00e8ce X 6 = 5,70\u20ac<\/span><\/p>\n<p>&nbsp;<\/p>\n<p>&nbsp;<\/p>","protected":false},"featured_media":3279,"template":"","meta":[],"product_brand":[],"product_cat":[60,237],"product_tag":[342,258,974,343],"class_list":{"0":"post-3275","1":"product","2":"type-product","3":"status-publish","4":"has-post-thumbnail","6":"product_cat-bazar","7":"product_cat-parfummusk","8":"product_tag-carre-de-musk","9":"product_tag-en-gros","10":"product_tag-grossiste","11":"product_tag-solide","12":"pa_lot-158","13":"pa_lot-160","14":"pa_lot-159","16":"first","17":"instock","18":"featured","19":"shipping-taxable","20":"purchasable","21":"product-type-simple"},"_links":{"self":[{"href":"https:\/\/ventesengros.fr\/nl\/wp-json\/wp\/v2\/product\/3275","targetHints":{"allow":["GET"]}}],"collection":[{"href":"https:\/\/ventesengros.fr\/nl\/wp-json\/wp\/v2\/product"}],"about":[{"href":"https:\/\/ventesengros.fr\/nl\/wp-json\/wp\/v2\/types\/product"}],"wp:featuredmedia":[{"embeddable":true,"href":"https:\/\/ventesengros.fr\/nl\/wp-json\/wp\/v2\/media\/3279"}],"wp:attachment":[{"href":"https:\/\/ventesengros.fr\/nl\/wp-json\/wp\/v2\/media?parent=3275"}],"wp:term":[{"taxonomy":"product_brand","embeddable":true,"href":"https:\/\/ventesengros.fr\/nl\/wp-json\/wp\/v2\/product_brand?post=3275"},{"taxonomy":"product_cat","embeddable":true,"href":"https:\/\/ventesengros.fr\/nl\/wp-json\/wp\/v2\/product_cat?post=3275"},{"taxonomy":"product_tag","embeddable":true,"href":"https:\/\/ventesengros.fr\/nl\/wp-json\/wp\/v2\/product_tag?post=3275"}],"curies":[{"name":"wp","href":"https:\/\/api.w.org\/{rel}","templated":true}]}}