{"id":32587,"date":"2014-10-13T11:25:09","date_gmt":"2014-10-13T10:25:09","guid":{"rendered":"https:\/\/ventesengros.fr\/?post_type=product&#038;p=32587"},"modified":"2022-06-30T23:26:20","modified_gmt":"2022-06-30T22:26:20","slug":"miel-ginseng-hemani","status":"publish","type":"product","link":"https:\/\/ventesengros.fr\/nl\/grossiste\/miel-ginseng-hemani\/","title":{"rendered":"Honing met ginseng HEMANI X 6"},"content":{"rendered":"<p>Il existe toutes sortes de miels aux vertus sp\u00e9cifiques selon l\u2019origine du miel, mais il existe aussi des pr\u00e9parations o\u00f9 le miel est associ\u00e9 \u00e0 une autre plante pour en tirer encore plus de bienfaits.<\/p>\n<h2>Miel au ginseng un m\u00e9lange somptueux :<\/h2>\n<p>C\u2019est le cas du <b>miel de ginseng, <\/b>une association d\u2019un miel de fleurs de du ginseng pour un cocktail de bienfaits pour la sant\u00e9.<\/p>\n<p>Le <b>ginseng<\/b> est une plante vivace foresti\u00e8re \u00e0 croissance lente originaire de Chine, de Cor\u00e9e des r\u00e9gions extr\u00eame-orientales.<\/p>\n<p>M\u00e9lang\u00e9 au miel, cette pr\u00e9paration \u00e0 de nombreux bienfaits\u00a0: elle renforce le syst\u00e8me immunitaire, est efficace contre le diab\u00e8te de type 2, tonifie l\u2019organisme des personnes affaiblies et\/ou fatigu\u00e9es et r\u00e9tablie la capacit\u00e9 physique et intellectuelle en aidant \u00e0 la concentration. Le miel au ginseng est aussi recommand\u00e9 pour les femmes m\u00e9nopaus\u00e9es car il pr\u00e9serve la sant\u00e9 des personnes vieillissantes.<\/p>\n<p>Ce miel peut-\u00eatre class\u00e9 dans les miels dit \u00ab\u00a0de confort\u00a0\u00bb car il peut se consommer \u00e0 n\u2019importe quelle p\u00e9riode de l\u2019ann\u00e9e. Quand la fatigue et le stress se font sentir par exemple, il est recommand\u00e9 de prendre en cure une cuill\u00e8re de miel au ginseng chaque matin, avant le petit d\u00e9jeuner de pr\u00e9f\u00e9rence, afin de pouvoir profiter de son efficacit\u00e9.<\/p>\n<p>Jouw <b>online groothandel<\/b> Orient Grossiste vous propose \u00e0 la vente <b>in bulk<\/b> de <b>miel de ginseng<\/b> en pot de 250 grammes du <b>Marokko<\/b> de la marque HEMANI. Cette marque \u00e9tant connue pour son excellent rapport qualit\u00e9\/prix ainsi que la composition naturelle de ses produits, ce miel est garanti comme \u00e9tant de qualit\u00e9.<\/p>\n<p>Le miel de ginseng est vendu par lot de 6 \u00e0 un prix de 40,74\u20ac, soit 6,79\u20ac l\u2019unit\u00e9. D\u00e8s 2 lots ou plus achet\u00e9s, le prix unitaire est d\u00e9gressif.<\/p>\n<p>Vous pourrez b\u00e9n\u00e9ficier d\u2019une livraison gratuite et rapide en point relais d\u00e8s 10kg de marchandises achet\u00e9es. N\u2019h\u00e9sitez pas \u00e0 nous contacter pour toutes informations suppl\u00e9mentaires concernant ce produit.<\/p>\n<h5><\/h5>\n<h5><\/h5>\n<h5><b>Merknaam:<\/b>Hemani<\/h5>\n<p><b>Gewicht:<\/b>280g\/stuk<\/p>","protected":false},"excerpt":{"rendered":"<p>Wij bieden u deze\u00a0<strong>\u00a0Miel au ginseng\u00a0HEMANI<\/strong>\u00a0verkocht voor \u20ac4,79 per stuk.<\/p>\n<p>1 kavel : <span style=\"color: #0ad227;\">6,79\/stuk X 6 = \u20ac40,74<\/span><\/p>","protected":false},"featured_media":32603,"template":"","meta":[],"product_brand":[],"product_cat":[206,596,59],"product_tag":[258,974,688,993],"class_list":{"0":"post-32587","1":"product","2":"type-product","3":"status-publish","4":"has-post-thumbnail","6":"product_cat-alimentation","7":"product_cat-miel-alimentation","8":"product_cat-soin-et-bien-etre","9":"product_tag-en-gros","10":"product_tag-grossiste","11":"product_tag-maroc","12":"product_tag-miel-au-ginseng-hemani","14":"first","15":"instock","16":"shipping-taxable","17":"purchasable","18":"product-type-simple"},"_links":{"self":[{"href":"https:\/\/ventesengros.fr\/nl\/wp-json\/wp\/v2\/product\/32587","targetHints":{"allow":["GET"]}}],"collection":[{"href":"https:\/\/ventesengros.fr\/nl\/wp-json\/wp\/v2\/product"}],"about":[{"href":"https:\/\/ventesengros.fr\/nl\/wp-json\/wp\/v2\/types\/product"}],"wp:featuredmedia":[{"embeddable":true,"href":"https:\/\/ventesengros.fr\/nl\/wp-json\/wp\/v2\/media\/32603"}],"wp:attachment":[{"href":"https:\/\/ventesengros.fr\/nl\/wp-json\/wp\/v2\/media?parent=32587"}],"wp:term":[{"taxonomy":"product_brand","embeddable":true,"href":"https:\/\/ventesengros.fr\/nl\/wp-json\/wp\/v2\/product_brand?post=32587"},{"taxonomy":"product_cat","embeddable":true,"href":"https:\/\/ventesengros.fr\/nl\/wp-json\/wp\/v2\/product_cat?post=32587"},{"taxonomy":"product_tag","embeddable":true,"href":"https:\/\/ventesengros.fr\/nl\/wp-json\/wp\/v2\/product_tag?post=32587"}],"curies":[{"name":"wp","href":"https:\/\/api.w.org\/{rel}","templated":true}]}}