{"id":32298,"date":"2015-09-01T10:45:55","date_gmt":"2015-09-01T09:45:55","guid":{"rendered":"https:\/\/ventesengros.fr\/grossiste\/henne-neutre-vrac\/"},"modified":"2025-04-08T09:41:34","modified_gmt":"2025-04-08T08:41:34","slug":"henne-naturel-vrac","status":"publish","type":"product","link":"https:\/\/ventesengros.fr\/nl\/grossiste\/henne-naturel-vrac\/","title":{"rendered":"Natuurlijk henna poeder (per kilo of 100g zakjes)"},"content":{"rendered":"<p>Le henn\u00e9 est une coloration v\u00e9g\u00e9tale tr\u00e8s r\u00e9pandue dans le moyen orient<\/p>\n<h2><b>Le henn\u00e9 naturel : un pouvoir protecteur pour les cheveux<\/b><\/h2>\n<p>Sa fonction primaire consiste \u00e0 respecter la couleur originelle de la fibre capillaire. il colore les cheveux<\/p>\n<h2><b>Le henn\u00e9 r\u00e9gule les cheveux gras et ab\u00eem\u00e9s<\/b><\/h2>\n<p><span class=\"Apple-converted-space\">\u00a0<\/span>Particuli\u00e8rement adapt\u00e9 aux cheveux gras, le henn\u00e9 naturel vient r\u00e9guler l\u2019exc\u00e8s de s\u00e9bum. Il respecte et adoucit le cheveu en \u00e9liminant le gras. En entourant la fibre capillaire, il assainit et le prot\u00e8ge durablement. Le henn\u00e9 naturel se pr\u00e9sente comme un soin naturel tr\u00e8s efficace. Pour profiter au maximum des bienfaits de cette p\u00e2te herbeuse, v\u00e9rifiez au pr\u00e9alable qu\u2019elle ne contienne pas de produit chimique. Si nous d\u00e9ployons tous les efforts au sein de notre boutique en ligne pour vous proposer un produit sain, ce n\u2019est pas le cas de tous les e-commer\u00e7ants. Veuillez donc \u00e0 ce que le henn\u00e9 ne contienne pas de sels m\u00e9talliques.<\/p>\n<p><span class=\"Apple-converted-space\">\u00a0<\/span>Bien que cette pratique soit v\u00e9rifiable pour le henn\u00e9 naturel, nous veillons r\u00e9guli\u00e8rement \u00e0 ce que nos stocks respectent ces r\u00e8gles de bienveillance.<span class=\"Apple-converted-space\">\u00a0<\/span><\/p>\n<p><span class=\"Apple-converted-space\">\u00a0<\/span><\/p>","protected":false},"excerpt":{"rendered":"<p><span style=\"color: #ff0000;\"><strong>Vendu par lot de 12 sachets de 100 grammes<\/strong><\/span><\/p>\n<blockquote>\n<h5><span style=\"font-size: 10pt; color: #800000;\"><strong><span style=\"font-family: 'courier new', courier, monospace;\">1,49 \u20ac le sachet de 100 grs<\/span><\/strong><\/span><\/h5>\n<h5><span style=\"font-size: 10pt;\"><strong><span style=\"font-family: 'courier new', courier, monospace;\"><span style=\"color: #800000;\">9,99 \u20ac le kilo<\/span>\u00a0<\/span><\/strong><\/span><\/h5>\n<\/blockquote>\n<p>Al onze producten zijn verkrijgbaar in white label (<a href=\"https:\/\/ventesengros.fr\/nl\/contact\/\"><strong>op aanvraag<\/strong><\/a>)<\/p>\n<p>Dalende prijs over 10 kavels korting van 10% (<a href=\"https:\/\/ventesengros.fr\/nl\/contact\/\"><strong>op offerte<\/strong><\/a>)<\/p>\n<p>Niet-contractuele foto<\/p>\n<p>&nbsp;<\/p>\n<p>&nbsp;<\/p>\n<p>&nbsp;<\/p>\n<p>&nbsp;<\/p>","protected":false},"featured_media":37982,"template":"","meta":[],"product_brand":[],"product_cat":[360,59],"product_tag":[113,258,974,963,688,269,191],"class_list":{"0":"post-32298","1":"product","2":"type-product","3":"status-publish","4":"has-post-thumbnail","6":"product_cat-produit-naturel-en-vrac","7":"product_cat-soin-et-bien-etre","8":"product_tag-cosmetique","9":"product_tag-en-gros","10":"product_tag-grossiste","11":"product_tag-henne-neutre","12":"product_tag-maroc","13":"product_tag-naturelle","14":"product_tag-pas-cher","15":"pa_lot-158","16":"pa_lot-2-lots-economisez-14e","17":"pa_lot-2-lots-economisez-2-4-euros","18":"pa_lot-159","19":"pa_lot-3-lots-economisez-720-euros","21":"first","22":"instock","23":"shipping-taxable","24":"purchasable","25":"product-type-variable"},"_links":{"self":[{"href":"https:\/\/ventesengros.fr\/nl\/wp-json\/wp\/v2\/product\/32298","targetHints":{"allow":["GET"]}}],"collection":[{"href":"https:\/\/ventesengros.fr\/nl\/wp-json\/wp\/v2\/product"}],"about":[{"href":"https:\/\/ventesengros.fr\/nl\/wp-json\/wp\/v2\/types\/product"}],"wp:featuredmedia":[{"embeddable":true,"href":"https:\/\/ventesengros.fr\/nl\/wp-json\/wp\/v2\/media\/37982"}],"wp:attachment":[{"href":"https:\/\/ventesengros.fr\/nl\/wp-json\/wp\/v2\/media?parent=32298"}],"wp:term":[{"taxonomy":"product_brand","embeddable":true,"href":"https:\/\/ventesengros.fr\/nl\/wp-json\/wp\/v2\/product_brand?post=32298"},{"taxonomy":"product_cat","embeddable":true,"href":"https:\/\/ventesengros.fr\/nl\/wp-json\/wp\/v2\/product_cat?post=32298"},{"taxonomy":"product_tag","embeddable":true,"href":"https:\/\/ventesengros.fr\/nl\/wp-json\/wp\/v2\/product_tag?post=32298"}],"curies":[{"name":"wp","href":"https:\/\/api.w.org\/{rel}","templated":true}]}}