{"id":32193,"date":"2015-08-15T10:09:46","date_gmt":"2015-08-15T09:09:46","guid":{"rendered":"https:\/\/ventesengros.fr\/?post_type=product&#038;p=32193"},"modified":"2022-06-30T23:16:45","modified_gmt":"2022-06-30T22:16:45","slug":"ghassoul-poudre-kilo","status":"publish","type":"product","link":"https:\/\/ventesengros.fr\/nl\/grossiste\/ghassoul-poudre-kilo\/","title":{"rendered":"Ghassoul (Rassousl) poeder (per kilo of in zakjes van 200 g)"},"content":{"rendered":"<p>Le ghassoul en poudre est une argile volcanique pr\u00e9sente dans l\u2019anti-Atlas marocain. Le gisement d\u00e9couvert il y a plusieurs si\u00e8cles, est \u00e0 l\u2019origine d\u2019une solution lavante les plus extraordinaires au monde.<\/p>\n<h2><b>Le ghassoul (Rassoul )en poudre : une beaut\u00e9 de la nature<\/b><\/h2>\n<p>Produit de la salle de bain dans le royaume ch\u00e9rifien, cette poudre min\u00e9rale est devenue la solution lavante et hydratante de r\u00e9f\u00e9rence dans les cures hammam. En effet, le ghassoul en poudre poss\u00e8de des vertus particuli\u00e8res sorties tout droit des entrailles de la Terre. Sa puret\u00e9 en fait un cosm\u00e9tique de douche qui s\u2019adapte magnifiquement bien sur tous types de peau. Utilis\u00e9 pour les masques capillaires ou sur le corps, c\u2019est une alternative au shampoing et au gel douche qui respecte la peau et la nourrit. Comme toute argile naturelle, le <a href=\"https:\/\/natureluxy-shop.com\/collections\/rhassoul\" rel=\"noopener\"><strong>rhassoul<\/strong><\/a> en poudre est excellent pour traiter les points noirs. En l\u2019appliquant sur le visage, sa boue soyeuse d\u00e9barrassera les impuret\u00e9s sans pour autant dess\u00e9cher l\u2019\u00e9piderme.<\/p>\n<h2><b>Comment l\u2019appliquer sous la douche\u00a0?<\/b><\/h2>\n<p>Pour faire un soin \u00e0 base de ghassoul en poudre, il convient de disposer d\u2019un peu de temps. Ainsi, il serait souhaitable que vous appliquiez d\u2019autres soins en m\u00eame temps. En m\u00e9langeant la poudre argileuse \u00e0 de l\u2019eau, appliquez sur le visage et votre corps la p\u00e2te qui va se former. Laissez-la agir une bonne vingtaine de minute. Comme toute mati\u00e8re min\u00e9rale, le ghassoul en poudre devrait commencer \u00e0 tirer sur la peau. Une fois le temps de repos respect\u00e9, il convient de frotter le corps \u00e0 l\u2019aide d\u2019un gant en crin. En proc\u00e9dant de cette fa\u00e7on, vous devriez b\u00e9n\u00e9ficier des bienfaits exfoliants du ghassoul en poudre. Une fois les peaux mortes tomb\u00e9es, votre peau commence \u00e0 respirer et \u00e0 se r\u00e9g\u00e9n\u00e9rer.<\/p>\n<p>Bon \u00e0 savoir\u00a0: vous pourriez compl\u00e9ter ce soin en appliquant une lait corporel hydratant arros\u00e9 de quelques gouttes d\u2019<strong><a href=\"https:\/\/www.amlou.fr\/produit\/huile-d-argan-alimentaire-500ml\/\" rel=\"noopener\">huile d\u2019argan alimentaire<\/a><\/strong>.<span class=\"Apple-converted-space\">\u00a0<\/span><\/p>\n<p>Niet-contractuele foto<\/p>","protected":false},"excerpt":{"rendered":"<p>Nous vous proposons le Ghassoul en poudre au <span style=\"color: #0000ff;\"><strong>kilo ou en sachet de 200g par lot de 12<\/strong><\/span>.<\/p>\n<p><span style=\"color: #000000;\"><strong>Tapering prijzen.<\/strong><\/span><\/p>\n<p><b>Prijs per kilo :<\/b>\u00a0<span style=\"color: #ff0000;\"><strong>9,19\u20ac<\/strong><\/span><\/p>\n<p><b>Prijs per zak<span class=\"Apple-converted-space\">\u00a0<\/span>:<\/b>\u00a0<strong><span style=\"color: #ff0000;\">2,29\u20ac<\/span><\/strong><\/p>\n<p><span style=\"color: #ff0000;\"><b>Voor meer dan 3 loten, kies een hoeveelheid in het winkelmandje.<\/b><\/span><\/p>\n<p>Ontvang een korting van 10% op bestellingen van meer dan 10 lots (<span style=\"color: #ff0000;\"><a style=\"color: #ff0000;\" href=\"https:\/\/ventesengros.fr\/nl\/contact\/\"><strong>contact met ons opnemen<\/strong><\/a><\/span>).<\/p>","protected":false},"featured_media":38084,"template":"","meta":[],"product_brand":[],"product_cat":[59,402,360],"product_tag":[176,974,688,191,268,877,361],"class_list":{"0":"post-32193","1":"product","2":"type-product","3":"status-publish","4":"has-post-thumbnail","6":"product_cat-soin-et-bien-etre","7":"product_cat-argile-ghassoul","8":"product_cat-produit-naturel-en-vrac","9":"product_tag-ghassoul","10":"product_tag-grossiste","11":"product_tag-maroc","12":"product_tag-pas-cher","13":"product_tag-poudre","14":"product_tag-semi-gros","15":"product_tag-vrac","16":"pa_lot-1-lot-12-sachets-3108e-soit-259e-le-sachet","17":"pa_lot-1-lot-1kg-999e-soit-999e-le-kilo","18":"pa_lot-2-lot-24-sachets-5736e-soit-239e-le-sachet","19":"pa_lot-2-lots-2kg-1918e-soit-959e-le-kilo","20":"pa_lot-3-lots-36-sachets-8244e-soit-229e-le-sachet","21":"pa_lot-3-lots-3kg-2757e-soit-919e-le-kilo","23":"first","24":"instock","25":"shipping-taxable","26":"purchasable","27":"product-type-variable"},"_links":{"self":[{"href":"https:\/\/ventesengros.fr\/nl\/wp-json\/wp\/v2\/product\/32193","targetHints":{"allow":["GET"]}}],"collection":[{"href":"https:\/\/ventesengros.fr\/nl\/wp-json\/wp\/v2\/product"}],"about":[{"href":"https:\/\/ventesengros.fr\/nl\/wp-json\/wp\/v2\/types\/product"}],"wp:featuredmedia":[{"embeddable":true,"href":"https:\/\/ventesengros.fr\/nl\/wp-json\/wp\/v2\/media\/38084"}],"wp:attachment":[{"href":"https:\/\/ventesengros.fr\/nl\/wp-json\/wp\/v2\/media?parent=32193"}],"wp:term":[{"taxonomy":"product_brand","embeddable":true,"href":"https:\/\/ventesengros.fr\/nl\/wp-json\/wp\/v2\/product_brand?post=32193"},{"taxonomy":"product_cat","embeddable":true,"href":"https:\/\/ventesengros.fr\/nl\/wp-json\/wp\/v2\/product_cat?post=32193"},{"taxonomy":"product_tag","embeddable":true,"href":"https:\/\/ventesengros.fr\/nl\/wp-json\/wp\/v2\/product_tag?post=32193"}],"curies":[{"name":"wp","href":"https:\/\/api.w.org\/{rel}","templated":true}]}}