{"id":32144,"date":"2016-04-25T18:40:00","date_gmt":"2016-04-25T17:40:00","guid":{"rendered":"https:\/\/ventesengros.fr\/grossiste\/huile-de-foumi-1l\/"},"modified":"2025-09-15T11:44:55","modified_gmt":"2025-09-15T10:44:55","slug":"huile-de-foumi-1l","status":"publish","type":"product","link":"https:\/\/ventesengros.fr\/nl\/grossiste\/huile-de-foumi-1l\/","title":{"rendered":"Mierenolie (verkocht in verpakkingen van 1 liter)"},"content":{"rendered":"<p>Huile de fourmi 1L<\/p>\n<p>L\u2019huile de fourmi vendue chez Orient Grossiste est une huile de tr\u00e8s<\/p>\n<p>bonne qualit\u00e9 100% naturelle qui ne contient aucuns produits chimiques.<\/p>\n<p>Cette huile est fabriqu\u00e9e \u00e0 partir de plante; utilis\u00e9e depuis de tr\u00e8s nombreuses ann\u00e9es au<\/p>\n<p>Moyen Orient mais aussi en Asie, cette huile plait de plus en plus et est<\/p>\n<p>utilis\u00e9e d\u00e9sormais dans le monde entier.<\/p>\n<p>Quelle est sa particularit\u00e9\u00a0?<\/p>\n<p>L\u2019huile de fourmi est connue et reconnue pour sa capacit\u00e9 \u00e0 supprimer<\/p>\n<p>d\u00e9finitivement les poils\u00a0! Elle commence par rendre les poils plus fins,<\/p>\n<p>jusqu\u2019\u00e0 ce qu\u2019ils disparaissent compl\u00e8tement. Elle \u00e0 aussi la facult\u00e9<\/p>\n<p>d\u2019hydrater la peau en profondeur et de la rendre plus douce, ce qui est<\/p>\n<p>tr\u00e8s utile notamment apr\u00e8s une s\u00e9ance d\u2019\u00e9pilation. L\u2019huile de fourmi<\/p>\n<p>s\u2019utilise ainsi sur toutes les parties du corps, m\u00eames les plus sensibles.<\/p>\n<p>Elle ne provoque aucuns effets secondaires ou allergies.<\/p>\n<p>Comment s\u2019utilise-t- elle\u00a0?<\/p>\n<p>Vous pouvez appliquer l\u2019huile de fourmi de chez Orient Grossiste en<\/p>\n<p>massage juste apr\u00e8s votre s\u00e9ance d\u2019\u00e9pilation, durant 5 \u00e0 10 minutes afin<\/p>\n<p>que l\u2019huile p\u00e9n\u00e8tre bien dans la peau. Vous devez l\u2019utiliser chaque soir<\/p>\n<p>de pr\u00e9f\u00e9rence, toujours sous forme de massage. Renouveler son<\/p>\n<p>utilisation apr\u00e8s chaque s\u00e9ance d\u2019\u00e9pilation, les v\u00e9ritables r\u00e9sultats<\/p>\n<p>pourront \u00eatre observ\u00e9s au bout de 5 s\u00e9ances.<\/p>\n<p>L\u2019huile de fourmi de chez Orient Grossiste<\/p>\n<p>Vous pouvez acheter l\u2019huile de fourmi de contenance 1 litre en gros<\/p>\n<p>venant directement du Maroc. Elle est vendue par lot de 1.<\/p>\n<p>A partir de 2 lots achet\u00e9s et plus, vous pouvez<\/p>\n<p>b\u00e9n\u00e9ficier d\u2019un prix unitaire d\u00e9gressif.<\/p>\n<p>Cette huile de fourmi d\u20191L vous permet de la revendre au d\u00e9tail sous<\/p>\n<p>forme de plus petits contenants afin d\u2019augmenter votre marge. Vous<\/p>\n<p>pouvez trouver dans la cat\u00e9gorie Bazar de notre site des flacons vides<\/p>\n<p>afin de proc\u00e9der vous-m\u00eame au remplissage de contenants de 30mL ou<\/p>\n<p>plus.<\/p>","protected":false},"excerpt":{"rendered":"<p>Nous vous proposons cette huile de fourmi en <span style=\"color: #0000ff;\"><b>1 literfles<\/b>.<\/span><\/p>\n<ul>\n<li><b>Prijs per liter <span class=\"Apple-converted-space\">\u00a0 <\/span>:<\/b> <span style=\"color: #ff0000;\"><strong>37\u20ac<\/strong><\/span><\/li>\n<\/ul>","protected":false},"featured_media":75809,"template":"","meta":[],"product_brand":[],"product_cat":[201,59,606],"product_tag":[258,974,939,688],"class_list":{"0":"post-32144","1":"product","2":"type-product","3":"status-publish","4":"has-post-thumbnail","6":"product_cat-huiles-soin-et-bien-etre","7":"product_cat-soin-et-bien-etre","8":"product_cat-vrac-par-litre","9":"product_tag-en-gros","10":"product_tag-grossiste","11":"product_tag-huile-de-foumi-1l","12":"product_tag-maroc","13":"pa_lot-1-lot-1-litre-2699e-soit-2699e-le-litre","14":"pa_lot-2-lots-2-litres-5198e-soit-2599e-le-litre","15":"pa_lot-3-lots-3-litres-7497e-soit-2499e-le-litre","17":"first","18":"instock","19":"featured","20":"shipping-taxable","21":"purchasable","22":"product-type-simple"},"_links":{"self":[{"href":"https:\/\/ventesengros.fr\/nl\/wp-json\/wp\/v2\/product\/32144","targetHints":{"allow":["GET"]}}],"collection":[{"href":"https:\/\/ventesengros.fr\/nl\/wp-json\/wp\/v2\/product"}],"about":[{"href":"https:\/\/ventesengros.fr\/nl\/wp-json\/wp\/v2\/types\/product"}],"wp:featuredmedia":[{"embeddable":true,"href":"https:\/\/ventesengros.fr\/nl\/wp-json\/wp\/v2\/media\/75809"}],"wp:attachment":[{"href":"https:\/\/ventesengros.fr\/nl\/wp-json\/wp\/v2\/media?parent=32144"}],"wp:term":[{"taxonomy":"product_brand","embeddable":true,"href":"https:\/\/ventesengros.fr\/nl\/wp-json\/wp\/v2\/product_brand?post=32144"},{"taxonomy":"product_cat","embeddable":true,"href":"https:\/\/ventesengros.fr\/nl\/wp-json\/wp\/v2\/product_cat?post=32144"},{"taxonomy":"product_tag","embeddable":true,"href":"https:\/\/ventesengros.fr\/nl\/wp-json\/wp\/v2\/product_tag?post=32144"}],"curies":[{"name":"wp","href":"https:\/\/api.w.org\/{rel}","templated":true}]}}