{"id":32133,"date":"2015-08-07T16:02:01","date_gmt":"2015-08-07T15:02:01","guid":{"rendered":"https:\/\/ventesengros.fr\/grossiste\/pierre-d-alun-poudre\/"},"modified":"2024-02-14T09:40:01","modified_gmt":"2024-02-14T08:40:01","slug":"pierre-d-alun-poudre","status":"publish","type":"product","link":"https:\/\/ventesengros.fr\/nl\/grossiste\/aluinsteen-poeder\/","title":{"rendered":"Aluinsteenpoeder (per kilo of in zakjes van 200 g)"},"content":{"rendered":"<p><span class=\"Apple-converted-space\">\u00a0<\/span>Het gebruik van<span class=\"Apple-converted-space\">\u00a0 <\/span>Aluinsteenpoeder is de ideale oplossing om transpiratie op natuurlijke wijze te reguleren. Deze beproefde krijger vindt zijn oorsprong in vulkanische grond. De minerale zouten in de kristallen hebben een zeer specifieke functie op het gebied van persoonlijke hygi\u00ebne.<\/p>\n<h2><b>Aluinsteen in poedervorm: een zeer specifieke functie<\/b><\/h2>\n<p><span class=\"Apple-converted-space\">\u00a0<\/span>Aluinsteen in poedervorm heeft adstringerende en regulerende eigenschappen. Het helpt de pori\u00ebn van de huid te vernauwen en voorkomt de verspreiding van bacteri\u00ebn. Wanneer je over aluinpoeder wrijft, zorgen de kristallen ervoor dat onaangename geurtjes verdwijnen. Dit essenti\u00eble element elimineert zweet in plaats van het te maskeren. Het werkt daarom als een droge deodorant.<\/p>\n<p><span class=\"Apple-converted-space\">\u00a0<\/span>Het voordeel van het gebruik van deze steen gaat verder dan het gebruik van de ruwe steen. Hij kan de hele dag worden gebruikt op delen van het lichaam die niet goed bereikbaar zijn.<\/p>\n<h2><b>Heilzaam voor alle delen van het lichaam<\/b><\/h2>\n<p><span class=\"Apple-converted-space\">\u00a0<\/span>Sommige mensen met transpiratieproblemen over hun hele lichaam kunnen geschikte oplossingen vinden met aluinsteenpoeder. Vooral als het gaat om zweetvoeten. De poederkristallen in de sokken helpen de transpiratie de hele dag door af te voeren en te reguleren. Deze methode verwijdert ook onaangename geurtjes. Het gebruik ervan wordt unaniem geprezen door zowel mannen als vrouwen.<\/p>\n<p><span class=\"Apple-converted-space\">\u00a0<\/span>Deze steen in poedervorm wordt steeds vaker gebruikt om scheerbrand bij mannen te verminderen. Het helpt huidontsteking te voorkomen en bloedingen veroorzaakt door het scheren in te dammen. De onge\u00ebvenaarde zachtheid reguleert ook het zweet van de handen, dat vaak voorkomt bij mensen met hormonale stoornissen.<\/p>\n<p><span class=\"Apple-converted-space\">\u00a0<\/span>Niet-contractuele foto.<\/p>","protected":false},"excerpt":{"rendered":"<p>Wij bieden u Aluinsteenpoeder\u00a0<span style=\"color: #0000ff;\"><strong>verkocht per kilo of in zakken van 200 g in verpakkingen van 12<\/strong><\/span>. Met of zonder label.<\/p>\n<p><b>Prijs per kilo :<\/b>\u00a0<span style=\"color: #ff0000;\"><strong>7,50\u20ac<\/strong><\/span><\/p>\n<p><b>Prijs per zak<span class=\"Apple-converted-space\">\u00a0<\/span>:<\/b>\u00a0<strong><span style=\"color: #ff0000;\">1,49\u20ac<\/span><\/strong><\/p>\n<p><span style=\"color: #ff0000;\"><b>Voor meer dan 3 loten, kies een hoeveelheid in het winkelmandje.<\/b><\/span><\/p>\n<p>Dalende prijs over 10 kavels korting van 10% (<span style=\"color: #ff0000;\"><a style=\"color: #ff0000;\" href=\"https:\/\/ventesengros.fr\/nl\/contact\/\"><strong>contact met ons opnemen<\/strong><\/a><\/span>).<\/p>","protected":false},"featured_media":37955,"template":"","meta":[],"product_brand":[],"product_cat":[360,59],"product_tag":[113,258,974,688,269,191,922,268],"class_list":{"0":"post-32133","1":"product","2":"type-product","3":"status-publish","4":"has-post-thumbnail","6":"product_cat-produit-naturel-en-vrac","7":"product_cat-soin-et-bien-etre","8":"product_tag-cosmetique","9":"product_tag-en-gros","10":"product_tag-grossiste","11":"product_tag-maroc","12":"product_tag-naturelle","13":"product_tag-pas-cher","14":"product_tag-pierre-dalun","15":"product_tag-poudre","17":"first","18":"instock","19":"shipping-taxable","20":"purchasable","21":"product-type-variable"},"_links":{"self":[{"href":"https:\/\/ventesengros.fr\/nl\/wp-json\/wp\/v2\/product\/32133","targetHints":{"allow":["GET"]}}],"collection":[{"href":"https:\/\/ventesengros.fr\/nl\/wp-json\/wp\/v2\/product"}],"about":[{"href":"https:\/\/ventesengros.fr\/nl\/wp-json\/wp\/v2\/types\/product"}],"wp:featuredmedia":[{"embeddable":true,"href":"https:\/\/ventesengros.fr\/nl\/wp-json\/wp\/v2\/media\/37955"}],"wp:attachment":[{"href":"https:\/\/ventesengros.fr\/nl\/wp-json\/wp\/v2\/media?parent=32133"}],"wp:term":[{"taxonomy":"product_brand","embeddable":true,"href":"https:\/\/ventesengros.fr\/nl\/wp-json\/wp\/v2\/product_brand?post=32133"},{"taxonomy":"product_cat","embeddable":true,"href":"https:\/\/ventesengros.fr\/nl\/wp-json\/wp\/v2\/product_cat?post=32133"},{"taxonomy":"product_tag","embeddable":true,"href":"https:\/\/ventesengros.fr\/nl\/wp-json\/wp\/v2\/product_tag?post=32133"}],"curies":[{"name":"wp","href":"https:\/\/api.w.org\/{rel}","templated":true}]}}