{"id":32094,"date":"2016-12-11T10:23:57","date_gmt":"2016-12-11T09:23:57","guid":{"rendered":"https:\/\/ventesengros.fr\/?post_type=product&#038;p=32094"},"modified":"2025-09-15T19:35:48","modified_gmt":"2025-09-15T18:35:48","slug":"gouttes-damour-aphrodisiaque-10g","status":"publish","type":"product","link":"https:\/\/ventesengros.fr\/nl\/grossiste\/gouttes-damour-aphrodisiaque-10g\/","title":{"rendered":"Liefdesdruppels afrodisiacum 10g"},"content":{"rendered":"<p>Ci-dessous, d\u00e9couvrez ce qu&rsquo;il faut savoir sur le produit Gouttes d\u2019amour aphrodisiaque. Un aphrodisiaque est une substance naturelle ou une alchimie qui a pour but de stimuler le d\u00e9sir sexuel chez l\u2019homme ou bien chez la femme. Cela permet d\u2019augmenter les performances sexuelles et d\u2019augmenter le plaisir et l\u2019amour. Il y a beaucoup d\u2019aliments qui produisent cet effet, \u00e0 l\u2019exemple du <b>safran\u00a0<\/b>que vous pouvez trouver sur <a href=\"https:\/\/www.vertus-dorient.com\/huiles-naturelles\/358-huile-de-safran-pur.html\" target=\"_blank\" rel=\"noopener\"><strong>ce site l\u00e0<\/strong><\/a>.<\/p>\n<p>De <b>gouttes d\u2019amour aphrodisiaques <\/b>sont destin\u00e9es aux hommes d\u00e9sirant am\u00e9liorer leur \u00e9tat corporel avant d\u2019avoir un rapport sexuel. C\u2019est un fortifiant naturel compos\u00e9 de pollen de dattier. D\u2019un m\u00e9lange d\u2019herbes de la for\u00eat tropicale, ainsi que du <a href=\"https:\/\/www.ma-fertilite.com\/produit\/miel-du-soudan\" target=\"_blank\" rel=\"noopener noreferrer\"><strong>Soedanese honing<\/strong><\/a> am\u00e9lior\u00e9 par la gel\u00e9e royale.<\/p>\n<h2><strong>Gouttes d\u2019amour aphrodisiaque, une authenticit\u00e9 d\u00e9j\u00e0 prouv\u00e9e :\u00a0<\/strong><\/h2>\n<p>Deze <b>stimulant sexuel<\/b> se pr\u00e9sente sous forme de <b>sticks de 10 grammes. En effet, celui-ci est<\/b>\u00a0\u00e0 prendre 1 heure avant le rapport, sans d\u00e9passer une dose par jour. Ce produit 100% naturel est tr\u00e8s efficace et conna\u00eet gr\u00e2ce \u00e0 cela un grand succ\u00e8s. Son packaging simple et son logo facilement identifiable. Vous permet notamment de le reconna\u00eetre parmi les nombreuses contrefa\u00e7ons qui circulent ill\u00e9galement sur internet.<\/p>\n<p>Ce produit est vendu <b>in bulk<\/b> afin de vous permettre de le revendre au d\u00e9tail. Nous vous proposons des lots de 25 sticks \u00e0 des prix vraiment <b>pas chers<\/b>, avec un prix \u00e0 l\u2019unit\u00e9 d\u00e9gressif plus la quantit\u00e9 command\u00e9e est cons\u00e9quente.<\/p>\n<h3><strong>Orient Grossiste, parce que votre satisfaction, nous importes :\u00a0<\/strong><\/h3>\n<p>De plus, nous vous indiquons pour ce produit le prix de vente conseill\u00e9 qui s\u2019aligne autant que possible au march\u00e9 actuel, afin de vous faciliter au maximum si vous d\u00e9butez dans le commerce.<\/p>\n<p>De <b>druppels van liefde<\/b> op <strong>miel d&rsquo;amour<\/strong> sont vendues par votre <b><a href=\"https:\/\/ventesengros.fr\/nl\/\" target=\"_blank\" rel=\"noopener noreferrer\">online groothandel<\/a><\/b>, et vous pourrez donc b\u00e9n\u00e9ficier de tous nos services de livraison. Profitez aussi de notre excellent service client, professionnel et disponible. Nous r\u00e9pondons \u00e0 toutes vos questions selon des plages horaires tr\u00e8s flexibles.<\/p>\n<p>Foto niet contractueel<\/p>\n<p>Al onze producten zijn verkrijgbaar in white label (<a href=\"https:\/\/ventesengros.fr\/nl\/contact\/\"><strong>op aanvraag<\/strong><\/a>)<\/p>\n<p>Dalende prijs over 10 kavels korting van 10% (<a href=\"https:\/\/ventesengros.fr\/nl\/contact\/\"><strong>op offerte<\/strong><\/a>)<\/p>\n<p>&nbsp;<\/p>","protected":false},"excerpt":{"rendered":"<p>We bieden sticks van <b>gouttes d&rsquo;amour<\/b>\u00a0vendu par boite de 25.<\/p>\n<p><strong>Prix unitaire <span style=\"color: #ff0000;\">1,04\u20ac\/pi\u00e8ce<\/span>.<\/strong><\/p>","protected":false},"featured_media":36860,"template":"","meta":[],"product_brand":[],"product_cat":[206,930,59],"product_tag":[932,258,931,974,191],"class_list":{"0":"post-32094","1":"product","2":"type-product","3":"status-publish","4":"has-post-thumbnail","6":"product_cat-alimentation","7":"product_cat-aphrodisiaque","8":"product_cat-soin-et-bien-etre","9":"product_tag-aphrodisiaque-2","10":"product_tag-en-gros","11":"product_tag-goutte-d-amour","12":"product_tag-grossiste","13":"product_tag-pas-cher","14":"pa_lot-158","15":"pa_lot-2-lots","16":"pa_lot-3-lots","18":"first","19":"instock","20":"shipping-taxable","21":"purchasable","22":"product-type-simple"},"_links":{"self":[{"href":"https:\/\/ventesengros.fr\/nl\/wp-json\/wp\/v2\/product\/32094","targetHints":{"allow":["GET"]}}],"collection":[{"href":"https:\/\/ventesengros.fr\/nl\/wp-json\/wp\/v2\/product"}],"about":[{"href":"https:\/\/ventesengros.fr\/nl\/wp-json\/wp\/v2\/types\/product"}],"wp:featuredmedia":[{"embeddable":true,"href":"https:\/\/ventesengros.fr\/nl\/wp-json\/wp\/v2\/media\/36860"}],"wp:attachment":[{"href":"https:\/\/ventesengros.fr\/nl\/wp-json\/wp\/v2\/media?parent=32094"}],"wp:term":[{"taxonomy":"product_brand","embeddable":true,"href":"https:\/\/ventesengros.fr\/nl\/wp-json\/wp\/v2\/product_brand?post=32094"},{"taxonomy":"product_cat","embeddable":true,"href":"https:\/\/ventesengros.fr\/nl\/wp-json\/wp\/v2\/product_cat?post=32094"},{"taxonomy":"product_tag","embeddable":true,"href":"https:\/\/ventesengros.fr\/nl\/wp-json\/wp\/v2\/product_tag?post=32094"}],"curies":[{"name":"wp","href":"https:\/\/api.w.org\/{rel}","templated":true}]}}