{"id":3192,"date":"2012-05-20T21:39:00","date_gmt":"2012-05-20T20:39:00","guid":{"rendered":"http:\/\/pietra-communication.com\/ventesengros.fr\/?post_type=product&#038;p=3192"},"modified":"2024-07-30T09:47:16","modified_gmt":"2024-07-30T08:47:16","slug":"huile-de-serpent-250-ml-hemani","status":"publish","type":"product","link":"https:\/\/ventesengros.fr\/nl\/grossiste\/huile-de-serpent-250-ml-hemani\/","title":{"rendered":"HEMANI Slangenolie 250 ml (verpakking van 6)"},"content":{"rendered":"<p><strong>Eigendom:<\/strong><\/p>\n<p>El Hayah (slangenolie) is een passend mengsel van plantaardige oli\u00ebn met een bijzonder heilzame werking op het haar: het beschermt, versterkt, hydrateert, voorkomt haaruitval en gaat roos tegen.<\/p>\n<p>El-Hayah bestaat uit de volgende oli\u00ebn:<\/p>\n<p>-Castorolie<\/p>\n<p>-Zoete amandelolie<\/p>\n<p>-Avocado-olie<\/p>\n<p>-Arganolie<\/p>\n<p>-Sesamolie<\/p>\n<p>-Kokosolie<\/p>\n<p>-Sojaolie<\/p>\n<p>-Rucola olie<\/p>\n<p><strong>Hoe te gebruiken:<\/strong><\/p>\n<p>Appliquer suffisament l&rsquo;huile capillaire El Hayah sur toute la longueur de vos cheveux et sur le cuir chevelu. Masser soigneusement pour enduir l&rsquo;ensemble de la chevelure et la courir avec une serviette si necessaire. Utiliser cure \u00e0 la veille de chaque shampoing ou jour apr\u00e8s jour aussi souvent que vous d\u00e9sirez.<\/p>\n<h5><b>Capaciteit :<\/b>250 ml<br \/>\n<b><\/b><\/h5>\n<p><b>Merknaam:<\/b>\u00a0Hemani<\/p>\n<p><b>Herkomst:<\/b>Pakistan<\/p>\n<p><b>Gewicht:<\/b>380g<\/p>","protected":false},"excerpt":{"rendered":"<p>Wij bieden u deze\u00a0<strong>Huile de Serpent 250mL HEMANI<\/strong><strong>\u00a0<\/strong>verkocht door<strong> set van 6<\/strong>.<\/p>\n<p>Prix de vente conseiller : \u00a019,50 euros.<\/p>\n<p>1 kavel : <span style=\"color: #0ad227;\">6,89\u20ac\/Pi\u00e8ce X 6 = 41,34 euros<\/span><\/p>\n<p>&nbsp;<\/p>\n<p>&nbsp;<\/p>","protected":false},"featured_media":3196,"template":"","meta":[],"product_brand":[],"product_cat":[290,1458,201,59],"product_tag":[175,305,972,172],"class_list":{"0":"post-3192","1":"product","2":"type-product","3":"status-publish","4":"has-post-thumbnail","6":"product_cat-autre","7":"product_cat-huile-de-serpent","8":"product_cat-huiles-soin-et-bien-etre","9":"product_cat-soin-et-bien-etre","10":"product_tag-250ml","11":"product_tag-hemani","12":"product_tag-huile","13":"product_tag-serpent","14":"pa_lot-158","15":"pa_lot-160","16":"pa_lot-159","18":"first","19":"instock","20":"shipping-taxable","21":"purchasable","22":"product-type-simple"},"_links":{"self":[{"href":"https:\/\/ventesengros.fr\/nl\/wp-json\/wp\/v2\/product\/3192","targetHints":{"allow":["GET"]}}],"collection":[{"href":"https:\/\/ventesengros.fr\/nl\/wp-json\/wp\/v2\/product"}],"about":[{"href":"https:\/\/ventesengros.fr\/nl\/wp-json\/wp\/v2\/types\/product"}],"wp:featuredmedia":[{"embeddable":true,"href":"https:\/\/ventesengros.fr\/nl\/wp-json\/wp\/v2\/media\/3196"}],"wp:attachment":[{"href":"https:\/\/ventesengros.fr\/nl\/wp-json\/wp\/v2\/media?parent=3192"}],"wp:term":[{"taxonomy":"product_brand","embeddable":true,"href":"https:\/\/ventesengros.fr\/nl\/wp-json\/wp\/v2\/product_brand?post=3192"},{"taxonomy":"product_cat","embeddable":true,"href":"https:\/\/ventesengros.fr\/nl\/wp-json\/wp\/v2\/product_cat?post=3192"},{"taxonomy":"product_tag","embeddable":true,"href":"https:\/\/ventesengros.fr\/nl\/wp-json\/wp\/v2\/product_tag?post=3192"}],"curies":[{"name":"wp","href":"https:\/\/api.w.org\/{rel}","templated":true}]}}