{"id":31761,"date":"2015-05-30T11:24:59","date_gmt":"2015-05-30T10:24:59","guid":{"rendered":"https:\/\/ventesengros.fr\/?post_type=product&#038;p=31761"},"modified":"2023-02-16T09:29:54","modified_gmt":"2023-02-16T08:29:54","slug":"feuille-de-sene-en-poudre-au-kilo","status":"publish","type":"product","link":"https:\/\/ventesengros.fr\/nl\/grossiste\/feuille-de-sene-en-poudre-au-kilo\/","title":{"rendered":"Senna bladpoeder (per kilo of in zakjes van 100g)"},"content":{"rendered":"<p>Tout simplement vendu moulu au c\u0153ur de notre boutique en ligne, la feuille de S\u00e9n\u00e9 en poudre facilitera grandement le travail pour la pr\u00e9paration de vos tisanes. Elles simplifieront aussi les \u00e9tapes de pr\u00e9paration des d\u00e9coctions.<\/p>\n<h2><b>Feuille de S\u00e9n\u00e9 en poudre\u00a0: un gain de temps consid\u00e9rable<\/b><\/h2>\n<p><span class=\"Apple-converted-space\">\u00a0<\/span>Avec les feuilles de S\u00e9n\u00e9 en poudre, vous disposez en temps r\u00e9el<span class=\"Apple-converted-space\">\u00a0 <\/span>de toute la recette via un concentr\u00e9. La formule en poudre tout comme les g\u00e9lules permet<span class=\"Apple-converted-space\">\u00a0 <\/span>d\u2018avoir en instantan\u00e9e<\/p>\n<p>toutes les vertus de la Sana Makki \u00e0 disposition. Du coup, il ne vous reste plus qu\u2019\u00e0 d\u00e9verser au c\u0153ur d\u2019une tasse d\u2019eau chaude deux petites cuill\u00e8res \u00e0 caf\u00e9. Soit approximativement l\u2019\u00e9quivalent de deux grammes au maximum. Par cons\u00e9quent, le sachet de feuilles de S\u00e9n\u00e9 en poudre vous permet de contr\u00f4ler judicieusement votre cure au bout de dix jours. Son packaging \u00e9colo vous permettra de conserver au mieux la mati\u00e8re premi\u00e8re dans un coin de placard.<\/p>\n<h2><b>La Sana Makki\u00a0: la solution purgative par excellence<\/b><\/h2>\n<p><span class=\"Apple-converted-space\">\u00a0<\/span>Cette solution pour lib\u00e9rer le transit intestinal ne date pas d\u2019aujourd\u2019hui. Nous pouvons m\u00eame dire que l\u2019usage des feuilles de S\u00e9n\u00e9 en poudre est vieux comme Mathusalem. Au temps des pharaons, les \u00c9gyptiens utilisait d\u00e9j\u00e0 ce rem\u00e8de laxatif \u00e0 l\u2019aide d\u2019un bambou introduit dans le rectum pour lutter contre les douleurs caus\u00e9es par la constipation. Si cette m\u00e9thode s\u2019av\u00e8re archa\u00efque, aujourd\u2019hui, la d\u00e9coction \u00e0 base de feuille de S\u00e9n\u00e9 en poudre est l\u2019alternative id\u00e9ale pour rem\u00e9dier aux bouchons intestinaux.<\/p>\n<p><span class=\"Apple-converted-space\">\u00a0<\/span>Cependant, ce rem\u00e8de laxatif a ses limites. Il ne peut- \u00eatre employ\u00e9 plus d\u2019une semaine d\u2019affil\u00e9e sous peine de provoquer des diarrh\u00e9es aigu\u00ebs. Un usage encadr\u00e9 pour des constipations occasionnelles et douloureuses est la norme. Outrepasser cette recommandation peut endommager la flore intestinale et mener \u00e0 des carences en oligo\u00e9l\u00e9ments. Si la <a href=\"https:\/\/www.plaisirsdorient.com\/fr\/medecine-prophetique\/17-sana-makki.html\" target=\"_blank\" rel=\"noopener noreferrer\"><strong>Sana Makki<\/strong><\/a> est efficace sur le court terme, il convient de l\u2019utiliser matin et soir.<\/p>\n<p>Foto niet contractueel<\/p>\n<p>Al onze producten zijn verkrijgbaar in white label (<a href=\"https:\/\/ventesengros.fr\/nl\/contact\/\"><strong>op aanvraag<\/strong><\/a>)<\/p>\n<p>Dalende prijs over 10 kavels korting van 10% (<a href=\"https:\/\/ventesengros.fr\/nl\/contact\/\"><strong>op offerte<\/strong><\/a>)<\/p>","protected":false},"excerpt":{"rendered":"<p>Nous vous proposons les feuilles de s\u00e9n\u00e9 makki en poudre\u00a0<span style=\"color: #0000ff;\"><strong>vendu au kilo ou en sachets de 100g par lot de 12<\/strong><\/span>. <strong>Tapering prijzen.<\/strong><\/p>\n<p><b>Prijs per kilo :<\/b>\u00a0<span style=\"color: #ff0000;\"><strong>9,99\u20ac<\/strong><\/span><\/p>\n<p><b>Prijs per zak<span class=\"Apple-converted-space\">\u00a0<\/span>:<\/b>\u00a0<strong><span style=\"color: #ff0000;\">0,99\u20ac<\/span><\/strong><\/p>\n<p><span style=\"color: #ff0000;\"><b>Voor meer dan 3 loten, kies een hoeveelheid in het winkelmandje.<\/b><\/span><\/p>\n<p>Ontvang een korting van 10% op bestellingen van meer dan 10 lots (<span style=\"color: #ff0000;\"><a style=\"color: #ff0000;\" href=\"https:\/\/ventesengros.fr\/nl\/contact\/\"><strong>contact met ons opnemen<\/strong><\/a><\/span>).<\/p>","protected":false},"featured_media":38014,"template":"","meta":[],"product_brand":[],"product_cat":[360,1372,59],"product_tag":[538,866,974,688],"class_list":{"0":"post-31761","1":"product","2":"type-product","3":"status-publish","4":"has-post-thumbnail","6":"product_cat-produit-naturel-en-vrac","7":"product_cat-roqya","8":"product_cat-soin-et-bien-etre","9":"product_tag-engros","10":"product_tag-feuille-de-sene-en-poudre-au-kilo","11":"product_tag-grossiste","12":"product_tag-maroc","13":"pa_lot-1-lot-12-sachets-1908e-soit-159e-le-sachet","14":"pa_lot-1-lot-1kg-1099e-soit-1099e-le-kilo","15":"pa_lot-2-lots-24-sachets-3576e-soit-149e-le-sachet","16":"pa_lot-2-lots-2kg-2058e-soit-1029e-le-kilo","17":"pa_lot-3-lots-36-sachets-099e-le-sachet","18":"pa_lot-3-lots-3kg-2997e-soit-999e-le-kilo","20":"first","21":"instock","22":"shipping-taxable","23":"purchasable","24":"product-type-variable"},"_links":{"self":[{"href":"https:\/\/ventesengros.fr\/nl\/wp-json\/wp\/v2\/product\/31761","targetHints":{"allow":["GET"]}}],"collection":[{"href":"https:\/\/ventesengros.fr\/nl\/wp-json\/wp\/v2\/product"}],"about":[{"href":"https:\/\/ventesengros.fr\/nl\/wp-json\/wp\/v2\/types\/product"}],"wp:featuredmedia":[{"embeddable":true,"href":"https:\/\/ventesengros.fr\/nl\/wp-json\/wp\/v2\/media\/38014"}],"wp:attachment":[{"href":"https:\/\/ventesengros.fr\/nl\/wp-json\/wp\/v2\/media?parent=31761"}],"wp:term":[{"taxonomy":"product_brand","embeddable":true,"href":"https:\/\/ventesengros.fr\/nl\/wp-json\/wp\/v2\/product_brand?post=31761"},{"taxonomy":"product_cat","embeddable":true,"href":"https:\/\/ventesengros.fr\/nl\/wp-json\/wp\/v2\/product_cat?post=31761"},{"taxonomy":"product_tag","embeddable":true,"href":"https:\/\/ventesengros.fr\/nl\/wp-json\/wp\/v2\/product_tag?post=31761"}],"curies":[{"name":"wp","href":"https:\/\/api.w.org\/{rel}","templated":true}]}}