{"id":31653,"date":"2012-05-26T17:52:37","date_gmt":"2012-05-26T16:52:37","guid":{"rendered":"https:\/\/ventesengros.fr\/?post_type=product&#038;p=31653"},"modified":"2025-01-04T15:25:04","modified_gmt":"2025-01-04T14:25:04","slug":"miel-de-daghmous-250g","status":"publish","type":"product","link":"https:\/\/ventesengros.fr\/nl\/grossiste\/miel-de-daghmous-250g\/","title":{"rendered":"Daghmous Honing - 250g pot - (set van 8 potten)"},"content":{"rendered":"<p>Le miel de Daghmous 250g est un nectar naturel tr\u00e8s appr\u00e9ci\u00e9 qui poss\u00e8de, en plus de son go\u00fbt sucr\u00e9 et doux, des vertus et des bienfaits pour notre corps et notre sant\u00e9, ainsi qu\u2019un apport cons\u00e9quent en glucides.<\/p>\n<h2><strong>Le miel de Daghmous 250g, parmi une multitude de miel :<\/strong><\/h2>\n<p>Il existe plusieurs types de miels. Venant de diff\u00e9rentes r\u00e9gions du monde. Aux go\u00fbts plus ou moins prononc\u00e9s, aux aspects et saveurs diff\u00e9rentes selon leurs origines, dont d\u00e9pend souvent la qualit\u00e9.<br \/>\nAinsi, on peut trouver des miels dit \u00ab\u00a0monoflorales\u00a0\u00bb, c&rsquo;est-\u00e0-dire que leurs origines provient principalement d\u2019une seule vari\u00e9t\u00e9 de fleur, contrairement aux miels \u00ab\u00a0polyflorales\u00a0\u00bb qui puisent leurs origines dans diverses vari\u00e9t\u00e9s de fleurs.<\/p>\n<h3><strong>Des origines maghr\u00e9bines :<\/strong><\/h3>\n<p>Il existe un miel appel\u00e9 \u00ab\u00a0Miel d\u2019euphorbe\u00a0\u00bb ou traditionnellement \u00ab\u00a0Miel de Daghmous\u00a0\u00bb originaire du Maroc. Et plus pr\u00e9cis\u00e9ment des plateaux de l\u2019Atlas qui est tr\u00e8s appr\u00e9ci\u00e9. Ce miel assez rare provient d\u2019une plante nomm\u00e9e \u00ab\u00a0Euphorbe cacto\u00efde\u00a0\u00bb ou plus commun\u00e9ment appel\u00e9e <a href=\"https:\/\/www.ferti-nat.com\/produit\/miel-de-daghmous\/\" target=\"_blank\" rel=\"noopener\"><strong>miel de cactus<\/strong><\/a>.<br \/>\nIl est tr\u00e8s pur et aim\u00e9 pour son go\u00fbt assez prononc\u00e9, subtile et l\u00e9g\u00e8rement acre, tout en restant doux et sucr\u00e9 comme il faut. Mais il est surtout tr\u00e8s recherch\u00e9 pour ses bienfaits m\u00e9dicinales extraordinaires\u00a0; en effet, le Miel de Daghmous est r\u00e9put\u00e9 comme tonifiant et excellent pour le mal de gorge. Il est aussi connu pour \u00eatre l\u2019un des rares miels \u00e0 soigner compl\u00e8tement l\u2019asthme et \u00e0 favoriser la fertilit\u00e9 chez la femme tout comme le <a href=\"https:\/\/manelya.com\/produit\/pollen-de-palmier-fertilite-20g\/\" rel=\"noopener\"><strong>pollen de palmier<\/strong><\/a>.<\/p>\n<h3><strong>Votre satisfaction notre priorit\u00e9 :<\/strong><\/h3>\n<p>Le miel poss\u00e8de donc des vertus incroyables. Nous souhaitions vous le faire d\u00e9couvrir car il fait parti des aliments cit\u00e9s dans le Noble Coran. Et nous a \u00e9t\u00e9 conseill\u00e9 comme nourriture et m\u00e9dicament dans la Sounna de notre Messager. En plus d\u2019\u00eatre excellent au go\u00fbt et pour la sant\u00e9, il est aussi tr\u00e8s utilis\u00e9 dans les cosm\u00e9tiques, pour le corps, le visage et les cheveux.<br \/>\nNous esp\u00e9rons que vous appr\u00e9cierez de d\u00e9couvrir ce miel et que vos avis seront positifs\u00a0!<\/p>","protected":false},"excerpt":{"rendered":"<p>Nous vous proposons ce Miel de Daghmous analys\u00e9 en laboratoire \u2013 pots de 250g <span style=\"color: #0000ff;\"><b>Vendu par lot de 8 pots<\/b><\/span>. <span style=\"color: #000000;\"><strong>Tapering prijzen.<\/strong><\/span><\/p>\n<p><b>Prijzen<span class=\"Apple-converted-space\">\u00a0<\/span>du pot de miel<span class=\"Apple-converted-space\">\u00a0 <\/span>:<\/b>\u00a0<span style=\"color: #ff0000;\"><b>6,29\u20ac<\/b><\/span><\/p>\n<p><span style=\"color: #ff0000;\"><strong>Voor meer dan 3 loten, kies een hoeveelheid in het winkelmandje.<\/strong><\/span><\/p>\n<p>Ontvang een korting van 10% op bestellingen van meer dan 10 lots (<a href=\"https:\/\/ventesengros.fr\/nl\/contact\/\"><span style=\"color: #ff0000;\"><strong>contact met ons opnemen<\/strong><\/span><\/a>)<\/p>","protected":false},"featured_media":34448,"template":"","meta":[],"product_brand":[],"product_cat":[206,1515,596,59],"product_tag":[],"class_list":{"0":"post-31653","1":"product","2":"type-product","3":"status-publish","4":"has-post-thumbnail","6":"product_cat-alimentation","7":"product_cat-fertilite","8":"product_cat-miel-alimentation","9":"product_cat-soin-et-bien-etre","10":"pa_lot-1-lot-8-pots-soit-5592e-699e-le-pot","11":"pa_lot-2-lots-16-pots-soit-10544e-659e-le-pot","12":"pa_lot-3-lots-24-pots-soit-15096e-629e-le-pot","14":"first","15":"instock","16":"featured","17":"shipping-taxable","18":"purchasable","19":"product-type-variable"},"_links":{"self":[{"href":"https:\/\/ventesengros.fr\/nl\/wp-json\/wp\/v2\/product\/31653","targetHints":{"allow":["GET"]}}],"collection":[{"href":"https:\/\/ventesengros.fr\/nl\/wp-json\/wp\/v2\/product"}],"about":[{"href":"https:\/\/ventesengros.fr\/nl\/wp-json\/wp\/v2\/types\/product"}],"wp:featuredmedia":[{"embeddable":true,"href":"https:\/\/ventesengros.fr\/nl\/wp-json\/wp\/v2\/media\/34448"}],"wp:attachment":[{"href":"https:\/\/ventesengros.fr\/nl\/wp-json\/wp\/v2\/media?parent=31653"}],"wp:term":[{"taxonomy":"product_brand","embeddable":true,"href":"https:\/\/ventesengros.fr\/nl\/wp-json\/wp\/v2\/product_brand?post=31653"},{"taxonomy":"product_cat","embeddable":true,"href":"https:\/\/ventesengros.fr\/nl\/wp-json\/wp\/v2\/product_cat?post=31653"},{"taxonomy":"product_tag","embeddable":true,"href":"https:\/\/ventesengros.fr\/nl\/wp-json\/wp\/v2\/product_tag?post=31653"}],"curies":[{"name":"wp","href":"https:\/\/api.w.org\/{rel}","templated":true}]}}