{"id":31643,"date":"2012-02-20T11:24:00","date_gmt":"2012-02-20T10:24:00","guid":{"rendered":"https:\/\/ventesengros.fr\/?post_type=product&#038;p=31643"},"modified":"2026-01-23T18:40:01","modified_gmt":"2026-01-23T17:40:01","slug":"sidr-en-poudre-1kg","status":"publish","type":"product","link":"https:\/\/ventesengros.fr\/nl\/grossiste\/sidr-en-poudre-1kg\/","title":{"rendered":"Poedervormige jujubebladeren (per kilo of in zakjes van 100 g)"},"content":{"rendered":"<p>Les feuilles de jujubier ou sidr en arabe est issue d\u2019un arbre portant le m\u00eame nom. Originaire de Chine puis pr\u00e9sent en Arabie et dans le pourtour m\u00e9diterran\u00e9en depuis l\u2019Antiquit\u00e9, l\u2019usage de ses feuilles rev\u00eat une fonction curative en naturopathie et <a href=\"https:\/\/www.islam-oumma.fr\/category\/medecine-prophetique\/\" target=\"_blank\" rel=\"noopener noreferrer\"><strong>m\u00e9decine proph\u00e9tique<\/strong><\/a>.<\/p>\n<h2><b>Le sidr\u00a0: un bienfait de la nature en zone d\u00e9sertique<\/b><\/h2>\n<p>Les feuilles \u00e9pineuses de la feuille du jujubier sont utilis\u00e9es en m\u00e9decine traditionnelle. En effet, ceci pour traiter certaines maladies respiratoires et assainir le cuir chevelu.<\/p>\n<p><span class=\"Apple-converted-space\">\u00a0<\/span>Elles sont s\u00e9ch\u00e9es au soleil puis r\u00e9duites en poudre. Selon le mode d\u2019utilisation, il convient seulement d\u2019y ajouter de l\u2019eau ou de la faire bouillir \u00e0 l\u2019eau chaude.<\/p>\n<p><span class=\"Apple-converted-space\">\u00a0<\/span>En m\u00e9decine douce, le sidr est utilis\u00e9 pour traiter des maladies respiratoires telles que la bronchite ou l\u2019asthme.<span class=\"Apple-converted-space\">\u00a0<\/span><\/p>\n<p><span class=\"Apple-converted-space\">\u00a0<\/span>Elle vient \u00e9galement compl\u00e9ter les soins naturels des cheveux. En effet, la feuille de sidr en poudre s\u2019utilise comme solution shampouineuse pour pr\u00e9server les teintes au henn\u00e9. Elle permet donc de faire perdurer la couleur sans alt\u00e9rer la teinture.<\/p>\n<h3><b>Les feuilles de jujubier : un usage pr\u00e9conis\u00e9 dans la m\u00e9decine proph\u00e9tique<\/b><\/h3>\n<p>Dans la religion musulmane, le jujubier est cit\u00e9 dans le Livre sacr\u00e9 ainsi que dans des paroles proph\u00e9tiques. Ses feuilles sont une cause destin\u00e9e \u00e0 lib\u00e9rer l\u2019\u00e2me malheureuse de maux terribles tels que le mauvais \u0153il ou la sorcellerie. D\u2019ailleurs, c\u2019est cette raison principale qui pousse notre boutique en ligne \u00e0 le commercialiser. Face \u00e0 une demande croissante ces derni\u00e8res ann\u00e9es. Ce produit 100% naturel est devenu un incontournable pour beaucoup de musulmans qui souhaitent profiter des bienfaits curatifs de la feuille r\u00e9duite en poudre. D\u00e9couvrez nos <a href=\"https:\/\/ventesengros.fr\/nl\/grossiste\/sidr-blad\/\" target=\"_blank\" rel=\"noopener noreferrer\"><strong>feuilles de jujubier enti\u00e8re<\/strong><\/a> !<\/p>\n<p>Si le cycle de la vie touche un jour \u00e0 sa fin. Les feuilles de jujubier m\u00e9lang\u00e9es \u00e0 l\u2019eau sont \u00e9galement n\u00e9cessaires pour proc\u00e9der au lavage mortuaire dans la culture musulmane.<\/p>\n<p><span class=\"Apple-converted-space\">\u00a0<\/span>Tous ces us et coutumes inh\u00e9rents \u00e0 la transcendance font que la <a href=\"https:\/\/www.huiles-de-ricin.com\/produit\/feuille-de-jujubier\/\" target=\"_blank\" rel=\"noopener noreferrer\"><strong>feuille de jujubier<\/strong><\/a> en poudre est indispensable dans la culture orientale.<\/p>\n<p>Niet-contractuele foto<\/p>\n<p>Al onze producten zijn verkrijgbaar in white label (<a href=\"https:\/\/ventesengros.fr\/nl\/contact\/\"><b>op aanvraag<\/b><\/a>)<\/p>\n<p>Dalende prijs over 10 kavels korting van 10% (<a href=\"https:\/\/ventesengros.fr\/nl\/contact\/\"><b>op offerte<\/b><\/a>)<\/p>","protected":false},"excerpt":{"rendered":"<p>Nous vous proposons les feuilles de jujubier\u00a0<span style=\"color: #0000ff;\"><strong>vendu au kilo ou en sachets de 100g par lot de 12<\/strong><\/span>. <span style=\"color: #000000;\"><strong>Tapering prijzen.<\/strong><\/span><\/p>\n<ul>\n<li><b>Prijs per kilo :<\/b>\u00a0<span style=\"color: #ff0000;\"><strong>8,35\u20ac<\/strong><\/span><\/li>\n<li><b>Prix au sachet\u00a0:<\/b>\u00a0<strong><span style=\"color: #ff0000;\">0,95\u20ac<\/span><\/strong><\/li>\n<\/ul>\n<p><span style=\"color: #ff0000;\"><b>Voor meer dan 3 loten, kies een hoeveelheid in het winkelmandje.<\/b><\/span><\/p>\n<p>Ontvang een korting van 10% op bestellingen van meer dan 10 lots (<span style=\"color: #ff0000;\"><a style=\"color: #ff0000;\" href=\"https:\/\/ventesengros.fr\/nl\/contact\/\"><strong>contact met ons opnemen<\/strong><\/a><\/span>).<\/p>","protected":false},"featured_media":37976,"template":"","meta":[],"product_brand":[],"product_cat":[1372,360,59],"product_tag":[655,258,974,842,688,841],"class_list":{"0":"post-31643","1":"product","2":"type-product","3":"status-publish","4":"has-post-thumbnail","6":"product_cat-roqya","7":"product_cat-produit-naturel-en-vrac","8":"product_cat-soin-et-bien-etre","9":"product_tag-1kg","10":"product_tag-en-gros","11":"product_tag-grossiste","12":"product_tag-kilo","13":"product_tag-maroc","14":"product_tag-sidr-en-poudre","16":"first","17":"instock","18":"featured","19":"shipping-taxable","20":"purchasable","21":"product-type-variable"},"_links":{"self":[{"href":"https:\/\/ventesengros.fr\/nl\/wp-json\/wp\/v2\/product\/31643","targetHints":{"allow":["GET"]}}],"collection":[{"href":"https:\/\/ventesengros.fr\/nl\/wp-json\/wp\/v2\/product"}],"about":[{"href":"https:\/\/ventesengros.fr\/nl\/wp-json\/wp\/v2\/types\/product"}],"wp:featuredmedia":[{"embeddable":true,"href":"https:\/\/ventesengros.fr\/nl\/wp-json\/wp\/v2\/media\/37976"}],"wp:attachment":[{"href":"https:\/\/ventesengros.fr\/nl\/wp-json\/wp\/v2\/media?parent=31643"}],"wp:term":[{"taxonomy":"product_brand","embeddable":true,"href":"https:\/\/ventesengros.fr\/nl\/wp-json\/wp\/v2\/product_brand?post=31643"},{"taxonomy":"product_cat","embeddable":true,"href":"https:\/\/ventesengros.fr\/nl\/wp-json\/wp\/v2\/product_cat?post=31643"},{"taxonomy":"product_tag","embeddable":true,"href":"https:\/\/ventesengros.fr\/nl\/wp-json\/wp\/v2\/product_tag?post=31643"}],"curies":[{"name":"wp","href":"https:\/\/api.w.org\/{rel}","templated":true}]}}