{"id":31360,"date":"2012-01-17T09:27:35","date_gmt":"2012-01-17T08:27:35","guid":{"rendered":"https:\/\/ventesengros.fr\/?post_type=product&#038;p=31360"},"modified":"2025-11-09T10:54:37","modified_gmt":"2025-11-09T09:54:37","slug":"costus-indien-1kg","status":"publish","type":"product","link":"https:\/\/ventesengros.fr\/nl\/grossiste\/costus-indien-1kg\/","title":{"rendered":"Indiase Costus poeder (kilo of 20g zakje)"},"content":{"rendered":"<p>Originaire de la r\u00e9gion du Cachemire dans les hauteurs de l\u2019Inde et du Pakistan, le costus indien en poudre du Maroc est une panac\u00e9e ayant la forme d\u2019un bois d\u2019arak. Il est ensuite vendu en poudre ou sous forme d\u2019huile.<\/p>\n<h2><b>Le costus indien en\u00a0poudre : Un ingr\u00e9dient miraculeux pour la sant\u00e9<\/b><\/h2>\n<p>L\u2019usage du costus indien est tr\u00e8s r\u00e9pandu dans le sous-continent indien ainsi que dans les pays arabes depuis des si\u00e8cles. Les m\u00e9decins de l\u2019\u00e9poque connaissaient d\u00e9j\u00e0 les vertus de cette herbac\u00e9e. Durant le Moyen-\u00e2ge et le temps des croisades, les populations faisaient usage de la saign\u00e9e et du <a href=\"https:\/\/natureluxy-shop.com\/collections\/costus-marin\" target=\"_blank\" rel=\"noopener noreferrer\"><strong>costu marin<\/strong><\/a> pour soulager des maladies et \u00e9radiquer certaines pathologies.<\/p>\n<p><span class=\"Apple-converted-space\">\u00a0<\/span>Faisant office de m\u00e9dicament naturel, le costus marin \u00e9tait utilis\u00e9 de diff\u00e9rentes mani\u00e8res. Premi\u00e8rement, il \u00e9tait inhal\u00e9 par les narines pour soulager les maux de gorge ainsi que les voies respiratoires. Puis, les anciens avaient l\u2019habitude de le consommer en coin de bouche pour calmer les abc\u00e8s.<\/p>\n<p>Les personnes atteintes de maux de t\u00eate pouvaient respirer le costus indien en le m\u00e9langeant \u00e0 l\u2019eau et le respirant sous forme de gouttelettes.<span class=\"Apple-converted-space\">\u00a0<\/span><\/p>\n<p><span class=\"Apple-converted-space\">\u00a0<\/span>Par ailleurs, la m\u00eame pratique \u00e9t\u00e9 observ\u00e9e pour soulager le gonflement des amygdales.<\/p>\n<h3><b>Les rem\u00e8des mentionn\u00e9s dans la culture orientale en\u00a0provenance du Maroc<\/b><\/h3>\n<p>Hormis les maux mentionn\u00e9s ci-dessus, le costus indien en poudre renforce l\u2019organisme. Il est reconnu comme rem\u00e8de naturel pour procurer du bien-\u00eatre. Ainsi, consommer sous forme de poudre et additionn\u00e9 au miel, il pr\u00e9vient \u00e9norm\u00e9ment de maladies.<\/p>\n<p><span class=\"Apple-converted-space\">\u00a0<\/span>Parmi les effets b\u00e9n\u00e9fiques du costus indien du maroc, nous citerons les affirmations suivantes\u00a0:<\/p>\n<ul>\n<li>Il soulage les r\u00e8gles et facilite le flux menstruel<\/li>\n<li>Tue les vers et \u00e9limine les germes dans les intestins<\/li>\n<li>Chasse la fi\u00e8vre et repousse le poison.<\/li>\n<li>Fait office d\u2019aphrodisiaque en augmentant le d\u00e9sir sexuel tout comme la <a href=\"https:\/\/www.ma-fertilite.com\/produit\/gelules-de-gingembre\" target=\"_blank\" rel=\"noopener noreferrer\"><strong>g\u00e9lule de gingembre<\/strong><\/a> !<\/li>\n<\/ul>\n<p>Ainsi, le costus indien utilisait depuis des si\u00e8cles en Orient revient \u00e0 l\u2019ordre du jour.<span class=\"Apple-converted-space\">\u00a0<\/span><\/p>\n<p>Vous le trouverez au sein de notre <a href=\"https:\/\/ventesengros.fr\/nl\/\"><strong>boutique marocaine<\/strong><\/a> vendue sous forme de sachet d\u20191 kilo.<\/p>\n<p>Niet-contractuele foto<\/p>\n<p>Al onze producten zijn verkrijgbaar in white label (<a href=\"https:\/\/ventesengros.fr\/nl\/contact\/\"><strong>op aanvraag<\/strong><\/a>)<\/p>\n<p>Dalende prijs over 10 kavels korting van 10% (<a href=\"https:\/\/ventesengros.fr\/nl\/contact\/\"><strong>op offerte<\/strong><\/a>)<\/p>","protected":false},"excerpt":{"rendered":"<p>Nous vous proposons le costus indien en poudre\u00a0<span style=\"color: #0000ff;\"><strong>verkocht per kilo of in zakjes van 20 g in verpakkingen van 12<\/strong><\/span>. <span style=\"color: #000000;\"><strong>Tapering prijzen.\u00a0<\/strong><\/span><\/p>\n<p><b>Prijs per kilo :<\/b>\u00a0<span style=\"color: #ff0000;\"><strong>28,99\u20ac<\/strong><\/span><\/p>\n<p><b>Prijs per zak<span class=\"Apple-converted-space\">\u00a0<\/span>:<\/b>\u00a0<strong><span style=\"color: #ff0000;\">0,99\u20ac<\/span><\/strong><\/p>\n<p><span style=\"color: #ff0000;\"><b>Voor meer dan 3 loten, kies een hoeveelheid in het winkelmandje.<\/b><\/span><\/p>\n<p>Ontvang een korting van 10% op bestellingen van meer dan 10 lots (<span style=\"color: #ff0000;\"><a style=\"color: #ff0000;\" href=\"https:\/\/ventesengros.fr\/nl\/contact\/\"><strong>contact met ons opnemen<\/strong><\/a><\/span>).<\/p>","protected":false},"featured_media":37871,"template":"","meta":[],"product_brand":[],"product_cat":[60,239,360],"product_tag":[802,258,780],"class_list":{"0":"post-31360","1":"product","2":"type-product","3":"status-publish","4":"has-post-thumbnail","6":"product_cat-bazar","7":"product_cat-costus-indien","8":"product_cat-produit-naturel-en-vrac","9":"product_tag-costus-indien-1kg","10":"product_tag-en-gros","11":"product_tag-grossiste-maroc","12":"pa_lot-1-lot-12-sachets-129e-le-sachet","13":"pa_lot-1-lot-1kg-2999e-le-kilo","14":"pa_lot-2-lots-24-sachets-119e-le-sachet","15":"pa_lot-2-lots-2kg-2949e-le-kilo","16":"pa_lot-3-lots-36-sachets-099e-le-sachet","17":"pa_lot-3-lots-3kg-2899e-le-kilo","19":"first","20":"instock","21":"featured","22":"shipping-taxable","23":"purchasable","24":"product-type-variable"},"_links":{"self":[{"href":"https:\/\/ventesengros.fr\/nl\/wp-json\/wp\/v2\/product\/31360","targetHints":{"allow":["GET"]}}],"collection":[{"href":"https:\/\/ventesengros.fr\/nl\/wp-json\/wp\/v2\/product"}],"about":[{"href":"https:\/\/ventesengros.fr\/nl\/wp-json\/wp\/v2\/types\/product"}],"wp:featuredmedia":[{"embeddable":true,"href":"https:\/\/ventesengros.fr\/nl\/wp-json\/wp\/v2\/media\/37871"}],"wp:attachment":[{"href":"https:\/\/ventesengros.fr\/nl\/wp-json\/wp\/v2\/media?parent=31360"}],"wp:term":[{"taxonomy":"product_brand","embeddable":true,"href":"https:\/\/ventesengros.fr\/nl\/wp-json\/wp\/v2\/product_brand?post=31360"},{"taxonomy":"product_cat","embeddable":true,"href":"https:\/\/ventesengros.fr\/nl\/wp-json\/wp\/v2\/product_cat?post=31360"},{"taxonomy":"product_tag","embeddable":true,"href":"https:\/\/ventesengros.fr\/nl\/wp-json\/wp\/v2\/product_tag?post=31360"}],"curies":[{"name":"wp","href":"https:\/\/api.w.org\/{rel}","templated":true}]}}